{"id":10284,"date":"2026-04-08T10:56:06","date_gmt":"2026-04-08T08:56:06","guid":{"rendered":""},"modified":"2026-04-08T11:55:54","modified_gmt":"2026-04-08T09:55:54","slug":"ap-rol-spritz-3x20cl","status":"publish","type":"product","link":"https:\/\/petitecave.ch\/de\/product\/ap-rol-spritz-3x20cl\/","title":{"rendered":"Ap\u00e9rol Spritz 3x20cl"},"content":{"rendered":"<p><span style=\"color: #000000;\">Savoure l\u2019\u00e9t\u00e9 sans attendre avec <strong data-start=\"181\" data-end=\"217\">l\u2019Ap\u00e9rol Spritz en format 3x20cl<\/strong>, le cocktail pr\u00eat-\u00e0-boire qui r\u00e9unit <strong data-start=\"255\" data-end=\"306\">toute la fra\u00eecheur et la convivialit\u00e9 du Spritz<\/strong>. Chaque bouteille contient le parfait \u00e9quilibre entre <strong data-start=\"361\" data-end=\"396\">Ap\u00e9rol, Prosecco et eau gazeuse<\/strong>, pour un cocktail p\u00e9tillant, l\u00e9g\u00e8rement amer et ultra d\u00e9salt\u00e9rant.<\/span><\/p>\n<p><span style=\"color: #000000;\"><strong data-start=\"917\" data-end=\"948\">Suggestion de d\u00e9gustation :<\/strong><\/span><br data-start=\"948\" data-end=\"951\" \/><span style=\"color: #000000;\">Servir <strong data-start=\"958\" data-end=\"972\">bien frais<\/strong>, directement dans le verre avec quelques gla\u00e7ons et une tranche d\u2019orange pour sublimer l\u2019exp\u00e9rience.<\/span><\/p>","protected":false},"excerpt":{"rendered":"<p><span style=\"color: #000000;\"><b><u><i>La recette officielle :<\/i><\/u><\/b><\/span><\/p>\n<p><span style=\"color: #000000;\">Dans un verre ballon rempli de gla\u00e7ons :<\/span><\/p>\n<ul>\n<li><span style=\"color: #000000;\">Versez 3 parts de Prosecco D.O.C. (9cl)<\/span><\/li>\n<li><span style=\"color: #000000;\">Suivi de 2 parts d\u2019Aperol (6cl)<\/span><\/li>\n<li><span style=\"color: #000000;\">Et 1 trait d\u2019eau gazeuse (3cl)<\/span><\/li>\n<li><span style=\"color: #000000;\">Ajoutez une tranche d\u2019orange<\/span><\/li>\n<\/ul>","protected":false},"featured_media":19295,"comment_status":"open","ping_status":"closed","template":"","meta":[],"product_cat":[271],"product_tag":[],"class_list":{"0":"post-10284","1":"product","2":"type-product","3":"status-publish","4":"has-post-thumbnail","6":"product_cat-aperitif","7":"pa_categorie-601-aperitif","8":"pa_country-italie","9":"pa_packaging-pckx3","10":"pa_type-base-cocktail","11":"pa_type-ready-to-drink-rtd","12":"pa_volume-20-cl-2","13":"_wholesalex wsx-wholesalex-product","15":"first","16":"instock","17":"taxable","18":"shipping-taxable","19":"purchasable","20":"product-type-simple"},"_links":{"self":[{"href":"https:\/\/petitecave.ch\/de\/wp-json\/wp\/v2\/product\/10284","targetHints":{"allow":["GET"]}}],"collection":[{"href":"https:\/\/petitecave.ch\/de\/wp-json\/wp\/v2\/product"}],"about":[{"href":"https:\/\/petitecave.ch\/de\/wp-json\/wp\/v2\/types\/product"}],"replies":[{"embeddable":true,"href":"https:\/\/petitecave.ch\/de\/wp-json\/wp\/v2\/comments?post=10284"}],"wp:featuredmedia":[{"embeddable":true,"href":"https:\/\/petitecave.ch\/de\/wp-json\/wp\/v2\/media\/19295"}],"wp:attachment":[{"href":"https:\/\/petitecave.ch\/de\/wp-json\/wp\/v2\/media?parent=10284"}],"wp:term":[{"taxonomy":"product_cat","embeddable":true,"href":"https:\/\/petitecave.ch\/de\/wp-json\/wp\/v2\/product_cat?post=10284"},{"taxonomy":"product_tag","embeddable":true,"href":"https:\/\/petitecave.ch\/de\/wp-json\/wp\/v2\/product_tag?post=10284"}],"curies":[{"name":"wp","href":"https:\/\/api.w.org\/{rel}","templated":true}]}}