{"id":10279,"date":"2025-10-28T10:56:02","date_gmt":"2025-10-28T10:56:02","guid":{"rendered":""},"modified":"2026-02-13T14:13:31","modified_gmt":"2026-02-13T13:13:31","slug":"corona-6l","status":"publish","type":"product","link":"https:\/\/petitecave.ch\/de\/product\/corona-6l\/","title":{"rendered":"Corona 6L"},"content":{"rendered":"<p><strong>Visuel :<\/strong> Robe jaune p\u00e2le coiff\u00e9e d&rsquo;une fine mousse blanche<\/p>\n<p><strong>Nez :<\/strong> Ar\u00f4mes de malt et de citron<\/p>\n<p><strong>Go\u00fbt :<\/strong> Saveurs de c\u00e9r\u00e9ales, de malt et de citron<\/p>","protected":false},"excerpt":{"rendered":"<p><strong>Corona &#8211; Grupo Modelo<\/strong><\/p>\n<\/p>\n<p><em>Cette Lager mexicaine produite par Grupo Modelo dans plusieurs brasseries du pays est la marque de bi\u00e8re la plus vendue au Mexique, et occupe la quatri\u00e8me place dans le monde entier.<\/em><\/p>\n<p><em>Export\u00e9e dans pas moins de 120 pays, c&rsquo;est une bi\u00e8re rafra\u00eechissante qui est brass\u00e9e avec 40% de riz, des zestes de citron, du houblon de Boh\u00eame en R\u00e9publique Tch\u00e8que, ainsi que du malt allemand et am\u00e9ricain<\/em><\/p>","protected":false},"featured_media":11604,"comment_status":"open","ping_status":"open","template":"","meta":[],"product_cat":[250],"product_tag":[],"class_list":{"0":"post-10279","1":"product","2":"type-product","3":"status-publish","4":"has-post-thumbnail","6":"product_cat-bieres","7":"pa_color-blonde","8":"pa_country-mexique","9":"pa_style-lager","10":"pa_volume-600-cl","11":"_wholesalex wsx-wholesalex-product","13":"first","14":"instock","15":"taxable","16":"shipping-taxable","17":"purchasable","18":"product-type-simple"},"_links":{"self":[{"href":"https:\/\/petitecave.ch\/de\/wp-json\/wp\/v2\/product\/10279","targetHints":{"allow":["GET"]}}],"collection":[{"href":"https:\/\/petitecave.ch\/de\/wp-json\/wp\/v2\/product"}],"about":[{"href":"https:\/\/petitecave.ch\/de\/wp-json\/wp\/v2\/types\/product"}],"replies":[{"embeddable":true,"href":"https:\/\/petitecave.ch\/de\/wp-json\/wp\/v2\/comments?post=10279"}],"wp:featuredmedia":[{"embeddable":true,"href":"https:\/\/petitecave.ch\/de\/wp-json\/wp\/v2\/media\/11604"}],"wp:attachment":[{"href":"https:\/\/petitecave.ch\/de\/wp-json\/wp\/v2\/media?parent=10279"}],"wp:term":[{"taxonomy":"product_cat","embeddable":true,"href":"https:\/\/petitecave.ch\/de\/wp-json\/wp\/v2\/product_cat?post=10279"},{"taxonomy":"product_tag","embeddable":true,"href":"https:\/\/petitecave.ch\/de\/wp-json\/wp\/v2\/product_tag?post=10279"}],"curies":[{"name":"wp","href":"https:\/\/api.w.org\/{rel}","templated":true}]}}