{"id":10277,"date":"2025-10-28T10:56:00","date_gmt":"2025-10-28T10:56:00","guid":{"rendered":""},"modified":"2026-02-20T16:14:49","modified_gmt":"2026-02-20T15:14:49","slug":"floc-de-gascogne-blanc-la-baronne-bleue-75cl","status":"publish","type":"product","link":"https:\/\/petitecave.ch\/de\/product\/floc-de-gascogne-blanc-la-baronne-bleue-75cl\/","title":{"rendered":"Floc de Gascogne Blanc &#8211; La Baronne Bleue 75cl"},"content":{"rendered":"","protected":false},"excerpt":{"rendered":"<p><b>Floc de Gascogne Blanc &#8211; La Baronne Bleue &#8211; Bas-Armagnac<\/b><\/p>\n<p>\u00a0<\/p>\n<p><em>Le Floc de Gascogne rouge ou blanc est issu d&rsquo;un mariage de deux tiers de jus de raisin et d&rsquo;un tiers de jeune Armagnac, il peut \u00eatre servi en ap\u00e9ritif ou vin de dessert.<\/em><\/p>\n<p><em>\u00abLou Floc de Nouste\u00bb, \u00able bouquet de fleurs de chez nous\u00bb fut ainsi baptis\u00e9 Floc-de-Gascogne en 1976, date \u00e0 laquelle il f\u00fbt mis sur le march\u00e9.<\/em><\/p>","protected":false},"featured_media":11602,"comment_status":"open","ping_status":"open","template":"","meta":[],"product_cat":[253],"product_tag":[],"class_list":{"0":"post-10277","1":"product","2":"type-product","3":"status-publish","4":"has-post-thumbnail","6":"product_cat-vins","7":"pa_color-blanc","8":"pa_country-france","9":"pa_volume-50cl","10":"pa_volume-75-cl","11":"_wholesalex wsx-wholesalex-product","13":"first","14":"instock","15":"taxable","16":"shipping-taxable","17":"purchasable","18":"product-type-simple"},"_links":{"self":[{"href":"https:\/\/petitecave.ch\/de\/wp-json\/wp\/v2\/product\/10277","targetHints":{"allow":["GET"]}}],"collection":[{"href":"https:\/\/petitecave.ch\/de\/wp-json\/wp\/v2\/product"}],"about":[{"href":"https:\/\/petitecave.ch\/de\/wp-json\/wp\/v2\/types\/product"}],"replies":[{"embeddable":true,"href":"https:\/\/petitecave.ch\/de\/wp-json\/wp\/v2\/comments?post=10277"}],"wp:featuredmedia":[{"embeddable":true,"href":"https:\/\/petitecave.ch\/de\/wp-json\/wp\/v2\/media\/11602"}],"wp:attachment":[{"href":"https:\/\/petitecave.ch\/de\/wp-json\/wp\/v2\/media?parent=10277"}],"wp:term":[{"taxonomy":"product_cat","embeddable":true,"href":"https:\/\/petitecave.ch\/de\/wp-json\/wp\/v2\/product_cat?post=10277"},{"taxonomy":"product_tag","embeddable":true,"href":"https:\/\/petitecave.ch\/de\/wp-json\/wp\/v2\/product_tag?post=10277"}],"curies":[{"name":"wp","href":"https:\/\/api.w.org\/{rel}","templated":true}]}}