{"id":10276,"date":"2025-10-28T10:56:00","date_gmt":"2025-10-28T10:56:00","guid":{"rendered":""},"modified":"2026-02-24T07:54:32","modified_gmt":"2026-02-24T06:54:32","slug":"petite-arvine-telegram-les-fils-maye-75cl","status":"publish","type":"product","link":"https:\/\/petitecave.ch\/de\/product\/petite-arvine-telegram-les-fils-maye-75cl\/","title":{"rendered":"Petite Arvine Telegram &#8211; Les Fils Maye 75cl"},"content":{"rendered":"<p><b>C\u00e9page :<\/b> Petite Arvine<\/p>\n<p><b>Nez :<\/b> Notes de glycine en fleur et de fruits exotiques<\/p>\n<p><b>Bouche :<\/b> Saveur de tarte \u00e0 la rhubarbe avec une salinit\u00e9 persistante amenant de la fra\u00eecheur en fin de bouche<\/p>\n<p><b>Accompagnement :<\/b> Id\u00e9ale avec de la cuisine asisatique, du poisson et des desserts aux fruits<\/p>\n<p><b>Temps de garde :<\/b> 4 \u00e0 6 ans<\/p>","protected":false},"excerpt":{"rendered":"<p><b>Petite Arvine Telegram &#8211; Les Fils Maye &#8211; Riddes<\/b><\/p>\n<p><i>AOC Valais<\/i><\/p>\n<p><i>La gamme Telegram est n\u00e9e d\u2019une photo datant de 1910 d\u00e9couverte dans les archives familiales. On y reconnait C\u00e9cile et Germaine Maye, les filles du fondateur de la cave, L\u00e9onide Maye, posant devant la Basilique Saint-Marc \u00e0 Venise.<\/i><br \/><i>Cette image met en lumi\u00e8re leur esprit d\u2019ouverture. En effet, au d\u00e9but du 20\u00e8me si\u00e8cle, les opportunit\u00e9s de voyages lointains \u00e9taient rares. Rest\u00e9es dans l\u2019ombre de leur mari, elles ont pourtant largement contribu\u00e9 au succ\u00e8s de la cave familiale. Lors de leurs p\u00e9r\u00e9grinations, elles ont d\u00e9couvert de nouveaux go\u00fbts, d\u2019autres pratiques, et ont fait rayonner les vins valaisans au-del\u00e0 de nos fronti\u00e8res nationales.<\/i><br \/><i>La gamme Telegram rend hommage \u00e0 ces deux femmes pionni\u00e8res de la famille Maye. Sur chaque \u00e9tiquette se trouve un message adress\u00e9 \u00e0 leur p\u00e8re: un instantan\u00e9, parfois romanc\u00e9, d\u2019un de leurs p\u00e9riples \u00e0 travers l\u2019Europe.<\/i><br \/><i>Une bouteille de Telegram \u00e9voque naturellement la d\u00e9couverte, raconte une histoire et invite au partage. Elle c\u00e9l\u00e8bre \u00e9galement toutes les femmes pionni\u00e8res dans leur domaine.<\/i><br \/><i>La gamme se compose de cinq sp\u00e9cialit\u00e9s valaisannes vinifi\u00e9es en cuve traditionnelle. Des vins modernes qui valorisent le fruit et la typicit\u00e9 de chaque c\u00e9page. Une gamme tout en finesse, mais au caract\u00e8re toujours bien affirm\u00e9, comme l\u2019auraient appr\u00e9ci\u00e9 C\u00e9cile et Germaine Maye.<\/i><\/p>\n<p>\u00a0<\/p>\n<p><i><em>A St-Moritz, en d\u00e9cembre 1920, C\u00e9cile et Germaine, poussent les portes des palaces pour faire d\u00e9guster les vins de leur p\u00e8re. L\u2019accueil est tr\u00e8s positif, les clients anglais appr\u00e9cient particuli\u00e8rement de pouvoir d\u00e9couvrir des vins suisses. Elles en profitent pour chausser des skis pour la premi\u00e8re fois de leur vie.<br \/><\/em><\/i><\/p>","protected":false},"featured_media":11601,"comment_status":"open","ping_status":"open","template":"","meta":[],"product_cat":[253],"product_tag":[],"class_list":{"0":"post-10276","1":"product","2":"type-product","3":"status-publish","4":"has-post-thumbnail","6":"product_cat-vins","7":"pa_color-blanc","8":"pa_country-suisse","9":"pa_volume-75-cl","10":"_wholesalex wsx-wholesalex-product","12":"first","13":"instock","14":"taxable","15":"shipping-taxable","16":"purchasable","17":"product-type-simple"},"_links":{"self":[{"href":"https:\/\/petitecave.ch\/de\/wp-json\/wp\/v2\/product\/10276","targetHints":{"allow":["GET"]}}],"collection":[{"href":"https:\/\/petitecave.ch\/de\/wp-json\/wp\/v2\/product"}],"about":[{"href":"https:\/\/petitecave.ch\/de\/wp-json\/wp\/v2\/types\/product"}],"replies":[{"embeddable":true,"href":"https:\/\/petitecave.ch\/de\/wp-json\/wp\/v2\/comments?post=10276"}],"wp:featuredmedia":[{"embeddable":true,"href":"https:\/\/petitecave.ch\/de\/wp-json\/wp\/v2\/media\/11601"}],"wp:attachment":[{"href":"https:\/\/petitecave.ch\/de\/wp-json\/wp\/v2\/media?parent=10276"}],"wp:term":[{"taxonomy":"product_cat","embeddable":true,"href":"https:\/\/petitecave.ch\/de\/wp-json\/wp\/v2\/product_cat?post=10276"},{"taxonomy":"product_tag","embeddable":true,"href":"https:\/\/petitecave.ch\/de\/wp-json\/wp\/v2\/product_tag?post=10276"}],"curies":[{"name":"wp","href":"https:\/\/api.w.org\/{rel}","templated":true}]}}