{"id":10272,"date":"2025-10-28T10:55:56","date_gmt":"2025-10-28T10:55:56","guid":{"rendered":""},"modified":"2026-02-24T07:14:02","modified_gmt":"2026-02-24T06:14:02","slug":"humagne-rouge-telegram-les-fils-maye-75cl","status":"publish","type":"product","link":"https:\/\/petitecave.ch\/de\/product\/humagne-rouge-telegram-les-fils-maye-75cl\/","title":{"rendered":"Humagne Rouge Telegram &#8211; Les Fils Maye 75cl"},"content":{"rendered":"<p><b>C\u00e9page :<\/b> Humagne Rouge<\/p>\n<p><b>Nez :<\/b> Notes de baies des bois et de pruneaux m\u00fbrs<\/p>\n<p><b>Bouche :<\/b> Croquante sur des tanins dociles et une finale soyeuse<\/p>\n<p><b>Accompagnement :<\/b> Id\u00e9al avec des fromages cors\u00e9s, une terrine, une cro\u00fbte foresti\u00e8re ou du gibier \u00e0 plumes<\/p>\n<p><b>Temps de garde :<\/b> 3 \u00e0 5 ans<\/p>","protected":false},"excerpt":{"rendered":"<p><b>Humagne Rouge Telegram &#8211; Les Fils Maye &#8211; Riddes\u00a0\u00a0<\/b><\/p>\n<p><i>AOC Valais<\/i><\/p>\n<p><i>La gamme Telegram est n\u00e9e d\u2019une photo datant de 1910 d\u00e9couverte dans les archives familiales. On y reconnait C\u00e9cile et Germaine Maye, les filles du fondateur de la cave, L\u00e9onide Maye, posant devant la Basilique Saint-Marc \u00e0 Venise.<\/i><br \/><i>Cette image met en lumi\u00e8re leur esprit d\u2019ouverture. En effet, au d\u00e9but du 20\u00e8me si\u00e8cle, les opportunit\u00e9s de voyages lointains \u00e9taient rares. Rest\u00e9es dans l\u2019ombre de leur mari, elles ont pourtant largement contribu\u00e9 au succ\u00e8s de la cave familiale. Lors de leurs p\u00e9r\u00e9grinations, elles ont d\u00e9couvert de nouveaux go\u00fbts, d\u2019autres pratiques, et ont fait rayonner les vins valaisans au-del\u00e0 de nos fronti\u00e8res nationales.<\/i><br \/><i>La gamme Telegram rend hommage \u00e0 ces deux femmes pionni\u00e8res de la famille Maye. Sur chaque \u00e9tiquette se trouve un message adress\u00e9 \u00e0 leur p\u00e8re: un instantan\u00e9, parfois romanc\u00e9, d\u2019un de leurs p\u00e9riples \u00e0 travers l\u2019Europe.<\/i><br \/><i>Une bouteille de Telegram \u00e9voque naturellement la d\u00e9couverte, raconte une histoire et invite au partage. Elle c\u00e9l\u00e8bre \u00e9galement toutes les femmes pionni\u00e8res dans leur domaine.<\/i><br \/><i>La gamme se compose de cinq sp\u00e9cialit\u00e9s valaisannes vinifi\u00e9es en cuve traditionnelle. Des vins modernes qui valorisent le fruit et la typicit\u00e9 de chaque c\u00e9page. Une gamme tout en finesse, mais au caract\u00e8re toujours bien affirm\u00e9, comme l\u2019auraient appr\u00e9ci\u00e9 C\u00e9cile et Germaine Maye.<\/i><\/p>\n<p>\u00a0<\/p>\n<p><i><em>En Juillet 1921, Germaine et C\u00e9cile d\u00e9couvrent le Paris des ann\u00e9es folles. La ville se m\u00e9tamorphose au gr\u00e9 des constructions Art D\u00e9co et les brasseries bon march\u00e9 sont tr\u00e8s populaires. Le vin y est servi avec faste et d\u00e9licatesse, il est consid\u00e9r\u00e9 comme une r\u00e9ussite sociale.<br \/><\/em><\/i><\/p>","protected":false},"featured_media":11597,"comment_status":"open","ping_status":"open","template":"","meta":[],"product_cat":[253],"product_tag":[],"class_list":{"0":"post-10272","1":"product","2":"type-product","3":"status-publish","4":"has-post-thumbnail","6":"product_cat-vins","7":"pa_color-rouge","8":"pa_country-suisse","9":"pa_volume-75-cl","10":"_wholesalex wsx-wholesalex-product","12":"first","13":"instock","14":"taxable","15":"shipping-taxable","16":"purchasable","17":"product-type-simple"},"yoast_head":"<!-- This site is optimized with the Yoast SEO plugin v27.4 - https:\/\/yoast.com\/product\/yoast-seo-wordpress\/ -->\n<title>Humagne Rouge Telegram - Les Fils Maye 75cl | La Petite Cave du Chablais<\/title>\n<meta name=\"robots\" content=\"index, follow, max-snippet:-1, max-image-preview:large, max-video-preview:-1\" \/>\n<link rel=\"canonical\" href=\"https:\/\/petitecave.ch\/de\/product\/humagne-rouge-telegram-les-fils-maye-75cl\/\" \/>\n<meta property=\"og:locale\" content=\"de_DE\" \/>\n<meta property=\"og:type\" content=\"article\" \/>\n<meta property=\"og:title\" content=\"Humagne Rouge Telegram - Les Fils Maye 75cl | La Petite Cave du Chablais\" \/>\n<meta property=\"og:description\" content=\"Humagne Rouge Telegram - Les Fils Maye - Riddes\u00a0\u00a0 AOC Valais La gamme Telegram est n\u00e9e d\u2019une photo datant de 1910 d\u00e9couverte dans les archives familiales. On y reconnait C\u00e9cile et Germaine Maye, les filles du fondateur de la cave, L\u00e9onide Maye, posant devant la Basilique Saint-Marc \u00e0 Venise.Cette image met en lumi\u00e8re leur esprit d\u2019ouverture. En effet, au d\u00e9but du 20\u00e8me si\u00e8cle, les opportunit\u00e9s de voyages lointains \u00e9taient rares. Rest\u00e9es dans l\u2019ombre de leur mari, elles ont pourtant largement contribu\u00e9 au succ\u00e8s de la cave familiale. Lors de leurs p\u00e9r\u00e9grinations, elles ont d\u00e9couvert de nouveaux go\u00fbts, d\u2019autres pratiques, et ont fait rayonner les vins valaisans au-del\u00e0 de nos fronti\u00e8res nationales.La gamme Telegram rend hommage \u00e0 ces deux femmes pionni\u00e8res de la famille Maye. Sur chaque \u00e9tiquette se trouve un message adress\u00e9 \u00e0 leur p\u00e8re: un instantan\u00e9, parfois romanc\u00e9, d\u2019un de leurs p\u00e9riples \u00e0 travers l\u2019Europe.Une bouteille de Telegram \u00e9voque naturellement la d\u00e9couverte, raconte une histoire et invite au partage. Elle c\u00e9l\u00e8bre \u00e9galement toutes les femmes pionni\u00e8res dans leur domaine.La gamme se compose de cinq sp\u00e9cialit\u00e9s valaisannes vinifi\u00e9es en cuve traditionnelle. Des vins modernes qui valorisent le fruit et la typicit\u00e9 de chaque c\u00e9page. Une gamme tout en finesse, mais au caract\u00e8re toujours bien affirm\u00e9, comme l\u2019auraient appr\u00e9ci\u00e9 C\u00e9cile et Germaine Maye. \u00a0 En Juillet 1921, Germaine et C\u00e9cile d\u00e9couvrent le Paris des ann\u00e9es folles. La ville se m\u00e9tamorphose au gr\u00e9 des constructions Art D\u00e9co et les brasseries bon march\u00e9 sont tr\u00e8s populaires. Le vin y est servi avec faste et d\u00e9licatesse, il est consid\u00e9r\u00e9 comme une r\u00e9ussite sociale.\" \/>\n<meta property=\"og:url\" content=\"https:\/\/petitecave.ch\/de\/product\/humagne-rouge-telegram-les-fils-maye-75cl\/\" \/>\n<meta property=\"og:site_name\" content=\"La Petite Cave du Chablais\" \/>\n<meta property=\"article:publisher\" content=\"https:\/\/www.facebook.com\/LaPetiteCaveDuChablais\" \/>\n<meta property=\"article:modified_time\" content=\"2026-02-24T06:14:02+00:00\" \/>\n<meta property=\"og:image\" content=\"https:\/\/petitecave.ch\/wp-content\/uploads\/2025\/10\/10272_3674_cover.png\" \/>\n\t<meta property=\"og:image:width\" content=\"200\" \/>\n\t<meta property=\"og:image:height\" content=\"750\" \/>\n\t<meta property=\"og:image:type\" content=\"image\/png\" \/>\n<meta name=\"twitter:card\" content=\"summary_large_image\" \/>\n<script type=\"application\/ld+json\" class=\"yoast-schema-graph\">{\"@context\":\"https:\\\/\\\/schema.org\",\"@graph\":[{\"@type\":\"WebPage\",\"@id\":\"https:\\\/\\\/petitecave.ch\\\/product\\\/humagne-rouge-telegram-les-fils-maye-75cl\\\/\",\"url\":\"https:\\\/\\\/petitecave.ch\\\/product\\\/humagne-rouge-telegram-les-fils-maye-75cl\\\/\",\"name\":\"Humagne Rouge Telegram - Les Fils Maye 75cl | La Petite Cave du Chablais\",\"isPartOf\":{\"@id\":\"https:\\\/\\\/petitecave.ch\\\/de\\\/#website\"},\"primaryImageOfPage\":{\"@id\":\"https:\\\/\\\/petitecave.ch\\\/product\\\/humagne-rouge-telegram-les-fils-maye-75cl\\\/#primaryimage\"},\"image\":{\"@id\":\"https:\\\/\\\/petitecave.ch\\\/product\\\/humagne-rouge-telegram-les-fils-maye-75cl\\\/#primaryimage\"},\"thumbnailUrl\":\"https:\\\/\\\/petitecave.ch\\\/wp-content\\\/uploads\\\/2025\\\/10\\\/10272_3674_cover.png\",\"datePublished\":\"2025-10-28T10:55:56+00:00\",\"dateModified\":\"2026-02-24T06:14:02+00:00\",\"breadcrumb\":{\"@id\":\"https:\\\/\\\/petitecave.ch\\\/product\\\/humagne-rouge-telegram-les-fils-maye-75cl\\\/#breadcrumb\"},\"inLanguage\":\"de-CH\",\"potentialAction\":[{\"@type\":\"ReadAction\",\"target\":[\"https:\\\/\\\/petitecave.ch\\\/product\\\/humagne-rouge-telegram-les-fils-maye-75cl\\\/\"]}]},{\"@type\":\"ImageObject\",\"inLanguage\":\"de-CH\",\"@id\":\"https:\\\/\\\/petitecave.ch\\\/product\\\/humagne-rouge-telegram-les-fils-maye-75cl\\\/#primaryimage\",\"url\":\"https:\\\/\\\/petitecave.ch\\\/wp-content\\\/uploads\\\/2025\\\/10\\\/10272_3674_cover.png\",\"contentUrl\":\"https:\\\/\\\/petitecave.ch\\\/wp-content\\\/uploads\\\/2025\\\/10\\\/10272_3674_cover.png\",\"width\":200,\"height\":750},{\"@type\":\"BreadcrumbList\",\"@id\":\"https:\\\/\\\/petitecave.ch\\\/product\\\/humagne-rouge-telegram-les-fils-maye-75cl\\\/#breadcrumb\",\"itemListElement\":[{\"@type\":\"ListItem\",\"position\":1,\"name\":\"Accueil\",\"item\":\"https:\\\/\\\/petitecave.ch\\\/de\\\/\"},{\"@type\":\"ListItem\",\"position\":2,\"name\":\"Produkte\",\"item\":\"https:\\\/\\\/petitecave.ch\\\/de\\\/shop\\\/\"},{\"@type\":\"ListItem\",\"position\":3,\"name\":\"Humagne Rouge Telegram &#8211; Les Fils Maye 75cl\"}]},{\"@type\":\"WebSite\",\"@id\":\"https:\\\/\\\/petitecave.ch\\\/de\\\/#website\",\"url\":\"https:\\\/\\\/petitecave.ch\\\/de\\\/\",\"name\":\"La Petite Cave du Chablais\",\"description\":\"Vins, bi\u00e8res et spiritueux en ligne !\",\"publisher\":{\"@id\":\"https:\\\/\\\/petitecave.ch\\\/de\\\/#organization\"},\"alternateName\":\"La Petite Cave\",\"potentialAction\":[{\"@type\":\"SearchAction\",\"target\":{\"@type\":\"EntryPoint\",\"urlTemplate\":\"https:\\\/\\\/petitecave.ch\\\/de\\\/?s={search_term_string}\"},\"query-input\":{\"@type\":\"PropertyValueSpecification\",\"valueRequired\":true,\"valueName\":\"search_term_string\"}}],\"inLanguage\":\"de-CH\"},{\"@type\":\"Organization\",\"@id\":\"https:\\\/\\\/petitecave.ch\\\/de\\\/#organization\",\"name\":\"La Petite Cave du Chablais S\u00e0rl\",\"url\":\"https:\\\/\\\/petitecave.ch\\\/de\\\/\",\"logo\":{\"@type\":\"ImageObject\",\"inLanguage\":\"de-CH\",\"@id\":\"https:\\\/\\\/petitecave.ch\\\/de\\\/#\\\/schema\\\/logo\\\/image\\\/\",\"url\":\"https:\\\/\\\/petitecave.ch\\\/wp-content\\\/uploads\\\/2025\\\/10\\\/petitecavelogo-removebg-preview.png\",\"contentUrl\":\"https:\\\/\\\/petitecave.ch\\\/wp-content\\\/uploads\\\/2025\\\/10\\\/petitecavelogo-removebg-preview.png\",\"width\":800,\"height\":200,\"caption\":\"La Petite Cave du Chablais S\u00e0rl\"},\"image\":{\"@id\":\"https:\\\/\\\/petitecave.ch\\\/de\\\/#\\\/schema\\\/logo\\\/image\\\/\"},\"sameAs\":[\"https:\\\/\\\/www.facebook.com\\\/LaPetiteCaveDuChablais\",\"https:\\\/\\\/www.instagram.com\\\/lapetitecaveduchablais\",\"https:\\\/\\\/www.linkedin.com\\\/company\\\/la-petite-cave-du-chablais\"]}]}<\/script>\n<!-- \/ Yoast SEO plugin. -->","yoast_head_json":{"title":"Humagne Rouge Telegram - Les Fils Maye 75cl | La Petite Cave du Chablais","robots":{"index":"index","follow":"follow","max-snippet":"max-snippet:-1","max-image-preview":"max-image-preview:large","max-video-preview":"max-video-preview:-1"},"canonical":"https:\/\/petitecave.ch\/de\/product\/humagne-rouge-telegram-les-fils-maye-75cl\/","og_locale":"de_DE","og_type":"article","og_title":"Humagne Rouge Telegram - Les Fils Maye 75cl | La Petite Cave du Chablais","og_description":"Humagne Rouge Telegram - Les Fils Maye - Riddes\u00a0\u00a0 AOC Valais La gamme Telegram est n\u00e9e d\u2019une photo datant de 1910 d\u00e9couverte dans les archives familiales. On y reconnait C\u00e9cile et Germaine Maye, les filles du fondateur de la cave, L\u00e9onide Maye, posant devant la Basilique Saint-Marc \u00e0 Venise.Cette image met en lumi\u00e8re leur esprit d\u2019ouverture. En effet, au d\u00e9but du 20\u00e8me si\u00e8cle, les opportunit\u00e9s de voyages lointains \u00e9taient rares. Rest\u00e9es dans l\u2019ombre de leur mari, elles ont pourtant largement contribu\u00e9 au succ\u00e8s de la cave familiale. Lors de leurs p\u00e9r\u00e9grinations, elles ont d\u00e9couvert de nouveaux go\u00fbts, d\u2019autres pratiques, et ont fait rayonner les vins valaisans au-del\u00e0 de nos fronti\u00e8res nationales.La gamme Telegram rend hommage \u00e0 ces deux femmes pionni\u00e8res de la famille Maye. Sur chaque \u00e9tiquette se trouve un message adress\u00e9 \u00e0 leur p\u00e8re: un instantan\u00e9, parfois romanc\u00e9, d\u2019un de leurs p\u00e9riples \u00e0 travers l\u2019Europe.Une bouteille de Telegram \u00e9voque naturellement la d\u00e9couverte, raconte une histoire et invite au partage. Elle c\u00e9l\u00e8bre \u00e9galement toutes les femmes pionni\u00e8res dans leur domaine.La gamme se compose de cinq sp\u00e9cialit\u00e9s valaisannes vinifi\u00e9es en cuve traditionnelle. Des vins modernes qui valorisent le fruit et la typicit\u00e9 de chaque c\u00e9page. Une gamme tout en finesse, mais au caract\u00e8re toujours bien affirm\u00e9, comme l\u2019auraient appr\u00e9ci\u00e9 C\u00e9cile et Germaine Maye. \u00a0 En Juillet 1921, Germaine et C\u00e9cile d\u00e9couvrent le Paris des ann\u00e9es folles. La ville se m\u00e9tamorphose au gr\u00e9 des constructions Art D\u00e9co et les brasseries bon march\u00e9 sont tr\u00e8s populaires. Le vin y est servi avec faste et d\u00e9licatesse, il est consid\u00e9r\u00e9 comme une r\u00e9ussite sociale.","og_url":"https:\/\/petitecave.ch\/de\/product\/humagne-rouge-telegram-les-fils-maye-75cl\/","og_site_name":"La Petite Cave du Chablais","article_publisher":"https:\/\/www.facebook.com\/LaPetiteCaveDuChablais","article_modified_time":"2026-02-24T06:14:02+00:00","og_image":[{"width":200,"height":750,"url":"https:\/\/petitecave.ch\/wp-content\/uploads\/2025\/10\/10272_3674_cover.png","type":"image\/png"}],"twitter_card":"summary_large_image","schema":{"@context":"https:\/\/schema.org","@graph":[{"@type":"WebPage","@id":"https:\/\/petitecave.ch\/product\/humagne-rouge-telegram-les-fils-maye-75cl\/","url":"https:\/\/petitecave.ch\/product\/humagne-rouge-telegram-les-fils-maye-75cl\/","name":"Humagne Rouge Telegram - Les Fils Maye 75cl | La Petite Cave du Chablais","isPartOf":{"@id":"https:\/\/petitecave.ch\/de\/#website"},"primaryImageOfPage":{"@id":"https:\/\/petitecave.ch\/product\/humagne-rouge-telegram-les-fils-maye-75cl\/#primaryimage"},"image":{"@id":"https:\/\/petitecave.ch\/product\/humagne-rouge-telegram-les-fils-maye-75cl\/#primaryimage"},"thumbnailUrl":"https:\/\/petitecave.ch\/wp-content\/uploads\/2025\/10\/10272_3674_cover.png","datePublished":"2025-10-28T10:55:56+00:00","dateModified":"2026-02-24T06:14:02+00:00","breadcrumb":{"@id":"https:\/\/petitecave.ch\/product\/humagne-rouge-telegram-les-fils-maye-75cl\/#breadcrumb"},"inLanguage":"de-CH","potentialAction":[{"@type":"ReadAction","target":["https:\/\/petitecave.ch\/product\/humagne-rouge-telegram-les-fils-maye-75cl\/"]}]},{"@type":"ImageObject","inLanguage":"de-CH","@id":"https:\/\/petitecave.ch\/product\/humagne-rouge-telegram-les-fils-maye-75cl\/#primaryimage","url":"https:\/\/petitecave.ch\/wp-content\/uploads\/2025\/10\/10272_3674_cover.png","contentUrl":"https:\/\/petitecave.ch\/wp-content\/uploads\/2025\/10\/10272_3674_cover.png","width":200,"height":750},{"@type":"BreadcrumbList","@id":"https:\/\/petitecave.ch\/product\/humagne-rouge-telegram-les-fils-maye-75cl\/#breadcrumb","itemListElement":[{"@type":"ListItem","position":1,"name":"Accueil","item":"https:\/\/petitecave.ch\/de\/"},{"@type":"ListItem","position":2,"name":"Produkte","item":"https:\/\/petitecave.ch\/de\/shop\/"},{"@type":"ListItem","position":3,"name":"Humagne Rouge Telegram &#8211; Les Fils Maye 75cl"}]},{"@type":"WebSite","@id":"https:\/\/petitecave.ch\/de\/#website","url":"https:\/\/petitecave.ch\/de\/","name":"Die kleine Keller des Chablais","description":"Vins, bi\u00e8res et spiritueux en ligne !","publisher":{"@id":"https:\/\/petitecave.ch\/de\/#organization"},"alternateName":"La Petite Cave","potentialAction":[{"@type":"SearchAction","target":{"@type":"EntryPoint","urlTemplate":"https:\/\/petitecave.ch\/de\/?s={search_term_string}"},"query-input":{"@type":"PropertyValueSpecification","valueRequired":true,"valueName":"search_term_string"}}],"inLanguage":"de-CH"},{"@type":"Organization","@id":"https:\/\/petitecave.ch\/de\/#organization","name":"La Petite Cave du Chablais S\u00e0rl","url":"https:\/\/petitecave.ch\/de\/","logo":{"@type":"ImageObject","inLanguage":"de-CH","@id":"https:\/\/petitecave.ch\/de\/#\/schema\/logo\/image\/","url":"https:\/\/petitecave.ch\/wp-content\/uploads\/2025\/10\/petitecavelogo-removebg-preview.png","contentUrl":"https:\/\/petitecave.ch\/wp-content\/uploads\/2025\/10\/petitecavelogo-removebg-preview.png","width":800,"height":200,"caption":"La Petite Cave du Chablais S\u00e0rl"},"image":{"@id":"https:\/\/petitecave.ch\/de\/#\/schema\/logo\/image\/"},"sameAs":["https:\/\/www.facebook.com\/LaPetiteCaveDuChablais","https:\/\/www.instagram.com\/lapetitecaveduchablais","https:\/\/www.linkedin.com\/company\/la-petite-cave-du-chablais"]}]}},"_links":{"self":[{"href":"https:\/\/petitecave.ch\/de\/wp-json\/wp\/v2\/product\/10272","targetHints":{"allow":["GET"]}}],"collection":[{"href":"https:\/\/petitecave.ch\/de\/wp-json\/wp\/v2\/product"}],"about":[{"href":"https:\/\/petitecave.ch\/de\/wp-json\/wp\/v2\/types\/product"}],"replies":[{"embeddable":true,"href":"https:\/\/petitecave.ch\/de\/wp-json\/wp\/v2\/comments?post=10272"}],"wp:featuredmedia":[{"embeddable":true,"href":"https:\/\/petitecave.ch\/de\/wp-json\/wp\/v2\/media\/11597"}],"wp:attachment":[{"href":"https:\/\/petitecave.ch\/de\/wp-json\/wp\/v2\/media?parent=10272"}],"wp:term":[{"taxonomy":"product_cat","embeddable":true,"href":"https:\/\/petitecave.ch\/de\/wp-json\/wp\/v2\/product_cat?post=10272"},{"taxonomy":"product_tag","embeddable":true,"href":"https:\/\/petitecave.ch\/de\/wp-json\/wp\/v2\/product_tag?post=10272"}],"curies":[{"name":"wp","href":"https:\/\/api.w.org\/{rel}","templated":true}]}}