{"id":10271,"date":"2025-10-28T10:55:55","date_gmt":"2025-10-28T10:55:55","guid":{"rendered":""},"modified":"2026-02-20T17:25:42","modified_gmt":"2026-02-20T16:25:42","slug":"vodka-zubrowka-bison-grass-70cl","status":"publish","type":"product","link":"https:\/\/petitecave.ch\/de\/product\/vodka-zubrowka-bison-grass-70cl\/","title":{"rendered":"Vodka Zubrowka Bison Grass 70cl"},"content":{"rendered":"","protected":false},"excerpt":{"rendered":"<p><b>Vodka Zubrowka<\/b><\/p>\n<p>\u00a0<\/p>\n<p class=\"ProductShortDescription__Wrapper-sc-hoxzkm-0 kCVGVN\"><i>Zubrowka est une vodka polonaise \u00e0 l&rsquo;herbe de bison. Egalement appel\u00e9e Vodka de Bison, Zubrowka doit nom \u00e0 une herbe aromatique des plaines orientales de Pologne tr\u00e8s appr\u00e9ci\u00e9e du bison. La Vodka Zubrowka est \u00e9labor\u00e9 \u00e0 partir de seigle de grande qualit\u00e9 cultiv\u00e9 dans les r\u00e9gions du Nord-Ouest de la Pologne.<\/i><\/p>","protected":false},"featured_media":11596,"comment_status":"open","ping_status":"open","template":"","meta":[],"product_cat":[275],"product_tag":[],"class_list":{"0":"post-10271","1":"product","2":"type-product","3":"status-publish","4":"has-post-thumbnail","6":"product_cat-vodka","7":"pa_country-pologne","8":"pa_volume-70-cl","9":"_wholesalex wsx-wholesalex-product","11":"first","12":"instock","13":"taxable","14":"shipping-taxable","15":"purchasable","16":"product-type-simple"},"_links":{"self":[{"href":"https:\/\/petitecave.ch\/de\/wp-json\/wp\/v2\/product\/10271","targetHints":{"allow":["GET"]}}],"collection":[{"href":"https:\/\/petitecave.ch\/de\/wp-json\/wp\/v2\/product"}],"about":[{"href":"https:\/\/petitecave.ch\/de\/wp-json\/wp\/v2\/types\/product"}],"replies":[{"embeddable":true,"href":"https:\/\/petitecave.ch\/de\/wp-json\/wp\/v2\/comments?post=10271"}],"wp:featuredmedia":[{"embeddable":true,"href":"https:\/\/petitecave.ch\/de\/wp-json\/wp\/v2\/media\/11596"}],"wp:attachment":[{"href":"https:\/\/petitecave.ch\/de\/wp-json\/wp\/v2\/media?parent=10271"}],"wp:term":[{"taxonomy":"product_cat","embeddable":true,"href":"https:\/\/petitecave.ch\/de\/wp-json\/wp\/v2\/product_cat?post=10271"},{"taxonomy":"product_tag","embeddable":true,"href":"https:\/\/petitecave.ch\/de\/wp-json\/wp\/v2\/product_tag?post=10271"}],"curies":[{"name":"wp","href":"https:\/\/api.w.org\/{rel}","templated":true}]}}