{"id":10268,"date":"2025-10-28T10:55:53","date_gmt":"2025-10-28T10:55:53","guid":{"rendered":""},"modified":"2026-02-20T17:56:26","modified_gmt":"2026-02-20T16:56:26","slug":"whisky-the-dalmore-15-ans-70cl","status":"publish","type":"product","link":"https:\/\/petitecave.ch\/de\/product\/whisky-the-dalmore-15-ans-70cl\/","title":{"rendered":"Whisky The Dalmore 15 ans 70cl"},"content":{"rendered":"<p><b>Nez :<\/b>\u00a0Odeurs de confiture d&rsquo;orange, de cannelle et de noix de muscade<\/p>\n<p><b>Bouche :<\/b>\u00a0Saveurs de mandarines, de vanille, de gingembre et de pommes\u00a0<\/p>\n<p><b>Finale :<\/b> \u00c9pic\u00e9es avec des effluves de bois de ch\u00eane<\/p>","protected":false},"excerpt":{"rendered":"<p><b>Whisky The Dalmore 15 ans &#8211; The Dalmore Distillery &#8211; Highlands\u00a0<\/b><\/p>\n<p>\u00a0<\/p>\n<div class=\"mb-4\">\n<div class=\"mb-4\"><i>Le nom r\u00e9v\u00e8le d\u00e9j\u00e0 que ce whisky repose pendant 15 ans, jusqu&rsquo;\u00e0 ce qu&rsquo;il soit finalement embouteill\u00e9 dans les c\u00e9l\u00e8bres bouteilles Dalmore. Sa post-maturation se d\u00e9roule dans trois types de f\u00fbts de sherry diff\u00e9rents et repr\u00e9sente l&rsquo;incarnation m\u00eame du whisky Dalmore. Le bois de ces f\u00fbts a \u00e9t\u00e9 impr\u00e9gn\u00e9 pendant 30 ans avec des ar\u00f4mes d&rsquo;Apostoles, de Matusalem et de sherry Amoroso de la maison respect\u00e9e Gonzalez Byass.<\/i><\/div>\n<div class=\"mb-4\"><i>Les vieux f\u00fbts de sherry sont bien connus dans l&rsquo;entrep\u00f4t Dalmore et font la fiert\u00e9 de l&rsquo;\u00e9quipe de la distillerie. Les f\u00fbts de bourbon standards r\u00e9alisent la majeure partie du travail depuis de nombreuses ann\u00e9es. <\/i><\/div>\n<div class=\"mb-4\">\u00a0<\/div>\n<div class=\"mb-4\"><i>Fond\u00e9e en 1830 dans les Highlands, au nord de l&rsquo;Ecosse, la distillerie poss\u00e8de quatre paires d&rsquo;alambics Wash Still and Spirit Still, qui transforment le vin qui a ferment\u00e9 pendant 50 heures en une eau-de-vie d&rsquo;orge claire \u00e0 70%. Il est int\u00e9ressant de noter qu&rsquo;une paire d\u2019alambics est deux fois plus grosse que les trois autres. La condensation se produit dans des condenseurs \u00ab\u00a0Shell and Tube\u00a0\u00bb, situ\u00e9s \u00e0 l\u2019ext\u00e9rieure, b\u00e9n\u00e9ficiant de l&rsquo;air frais. Les distillats l\u00e9g\u00e8rement diff\u00e9rents ainsi obtenus sont m\u00e9lang\u00e9s avant la maturation en f\u00fbts. Le ma\u00eetre-distillateur exp\u00e9riment\u00e9, Richard Paterson, veille sur l&rsquo;ensemble du processus, afin que chaque spiritueux soit digne d&rsquo;une d\u00e9gustation tranquille.<\/i><\/div>\n<\/div>","protected":false},"featured_media":11593,"comment_status":"open","ping_status":"open","template":"","meta":[],"product_cat":[277],"product_tag":[],"class_list":{"0":"post-10268","1":"product","2":"type-product","3":"status-publish","4":"has-post-thumbnail","6":"product_cat-whisky","7":"pa_country-ecosse","8":"pa_volume-70-cl","9":"_wholesalex wsx-wholesalex-product","11":"first","12":"instock","13":"taxable","14":"shipping-taxable","15":"purchasable","16":"product-type-simple"},"_links":{"self":[{"href":"https:\/\/petitecave.ch\/de\/wp-json\/wp\/v2\/product\/10268","targetHints":{"allow":["GET"]}}],"collection":[{"href":"https:\/\/petitecave.ch\/de\/wp-json\/wp\/v2\/product"}],"about":[{"href":"https:\/\/petitecave.ch\/de\/wp-json\/wp\/v2\/types\/product"}],"replies":[{"embeddable":true,"href":"https:\/\/petitecave.ch\/de\/wp-json\/wp\/v2\/comments?post=10268"}],"wp:featuredmedia":[{"embeddable":true,"href":"https:\/\/petitecave.ch\/de\/wp-json\/wp\/v2\/media\/11593"}],"wp:attachment":[{"href":"https:\/\/petitecave.ch\/de\/wp-json\/wp\/v2\/media?parent=10268"}],"wp:term":[{"taxonomy":"product_cat","embeddable":true,"href":"https:\/\/petitecave.ch\/de\/wp-json\/wp\/v2\/product_cat?post=10268"},{"taxonomy":"product_tag","embeddable":true,"href":"https:\/\/petitecave.ch\/de\/wp-json\/wp\/v2\/product_tag?post=10268"}],"curies":[{"name":"wp","href":"https:\/\/api.w.org\/{rel}","templated":true}]}}