{"id":10267,"date":"2025-10-28T10:55:52","date_gmt":"2025-10-28T10:55:52","guid":{"rendered":""},"modified":"2026-02-20T17:56:25","modified_gmt":"2026-02-20T16:56:25","slug":"whisky-the-dalmore-12-ans-sherry-cask-finish-70cl","status":"publish","type":"product","link":"https:\/\/petitecave.ch\/de\/product\/whisky-the-dalmore-12-ans-sherry-cask-finish-70cl\/","title":{"rendered":"Whisky The Dalmore 12 ans Sherry Cask Finish 70cl"},"content":{"rendered":"<p><b>Nez :<\/b> Notes d&rsquo;agrumes, de chocolat et d&rsquo;\u00e9pices aromatiques<\/p>\n<p><b>Bouche :<\/b> Ar\u00f4mes d&rsquo;agrumes, de vanille, de caf\u00e9 torr\u00e9fi\u00e9 et de sherry\u00a0<\/p>","protected":false},"excerpt":{"rendered":"<p><b>Whisky The Dalmore 12 ans Sherry Cask Finish &#8211; The Dalmore Distillery &#8211; Highlands\u00a0<\/b><\/p>\n<p>\u00a0<\/p>\n<div class=\"mb-4\"><i>Les f\u00fbts de sherry espagnols, remplis pendant beaucoup d\u2019ann\u00e9es avec du sherry Oloroso ou Pedro Xim\u00e9nez, sont un spectacle familier dans l&rsquo;entrep\u00f4t de Dalmore. La plupart des whiskys de la maison ne vieillissent que dans ces f\u00fbts, alors que les anciens f\u00fbts de bourbon standards font l&rsquo;essentiel du travail pendant de nombreuses ann\u00e9es.<\/i><\/div>","protected":false},"featured_media":11592,"comment_status":"open","ping_status":"open","template":"","meta":[],"product_cat":[277],"product_tag":[],"class_list":{"0":"post-10267","1":"product","2":"type-product","3":"status-publish","4":"has-post-thumbnail","6":"product_cat-whisky","7":"pa_country-ecosse","8":"pa_volume-70-cl","9":"_wholesalex wsx-wholesalex-product","11":"first","12":"instock","13":"taxable","14":"shipping-taxable","15":"purchasable","16":"product-type-simple"},"_links":{"self":[{"href":"https:\/\/petitecave.ch\/de\/wp-json\/wp\/v2\/product\/10267","targetHints":{"allow":["GET"]}}],"collection":[{"href":"https:\/\/petitecave.ch\/de\/wp-json\/wp\/v2\/product"}],"about":[{"href":"https:\/\/petitecave.ch\/de\/wp-json\/wp\/v2\/types\/product"}],"replies":[{"embeddable":true,"href":"https:\/\/petitecave.ch\/de\/wp-json\/wp\/v2\/comments?post=10267"}],"wp:featuredmedia":[{"embeddable":true,"href":"https:\/\/petitecave.ch\/de\/wp-json\/wp\/v2\/media\/11592"}],"wp:attachment":[{"href":"https:\/\/petitecave.ch\/de\/wp-json\/wp\/v2\/media?parent=10267"}],"wp:term":[{"taxonomy":"product_cat","embeddable":true,"href":"https:\/\/petitecave.ch\/de\/wp-json\/wp\/v2\/product_cat?post=10267"},{"taxonomy":"product_tag","embeddable":true,"href":"https:\/\/petitecave.ch\/de\/wp-json\/wp\/v2\/product_tag?post=10267"}],"curies":[{"name":"wp","href":"https:\/\/api.w.org\/{rel}","templated":true}]}}