{"id":10265,"date":"2025-10-28T10:55:50","date_gmt":"2025-10-28T10:55:50","guid":{"rendered":""},"modified":"2026-02-20T16:13:44","modified_gmt":"2026-02-20T15:13:44","slug":"drambuie-liqueur-70cl","status":"publish","type":"product","link":"https:\/\/petitecave.ch\/de\/product\/drambuie-liqueur-70cl\/","title":{"rendered":"Drambuie Liqueur 70cl"},"content":{"rendered":"<p>Cette liqueur est fabriqu\u00e9e \u00e0 partir d&rsquo;une composition de whiskys de malt et de c\u00e9r\u00e9ales, de miel de bruy\u00e8re \u00e9cossais ainsi que d&rsquo;herbes et \u00e9pices myst\u00e9rieuses.<\/p>\n<p>\u00a0<\/p>\n<p>A consomm\u00e9e pur, sur des gla\u00e7ons, m\u00e9lang\u00e9 avec du soda ou pour diff\u00e9rents cocktails comme le Rusty Nail.<\/p>","protected":false},"excerpt":{"rendered":"<p><b>Drambuie Liqueur &#8211; Drambuie Distillery Edinburgh &#8211; \u00c9cosse<\/b><\/p>\n<p>\u00a0<\/p>\n<div class=\"mb-4\"><i><\/i><\/p>\n<div class=\"mb-4\"><i>L&rsquo;histoire de Drambuie est \u00e9troitement li\u00e9e \u00e0 la lutte des Ecossais contre les Anglais pour la libert\u00e9. Un \u00e9lixir secret avait \u00e9t\u00e9 cr\u00e9\u00e9 pour Bonnie Prince Charlie, petit-fils du roi Jacques II. Lorsque les \u00c9cossais furent finalement vaincus en 1746, le prince dut s&rsquo;enfuir vers les Highlands et les \u00eeles de l&rsquo;ouest. Sa t\u00eate avait \u00e9t\u00e9 mise \u00e0 prix (30 000 livres). Une fois en s\u00e9curit\u00e9, il a confi\u00e9 la recette \u00e0 son fid\u00e8le serviteur, le capitaine John MacKinnon. Cette recette est rest\u00e9e cach\u00e9e pendant pr\u00e8s de 130 ans, puis a finalement \u00e9t\u00e9 transmise au propri\u00e9taire d&rsquo;un h\u00f4tel sur l&rsquo;\u00eele de Skye. Ce dernier a commenc\u00e9 \u00e0 servir la liqueur \u00e0 ses invit\u00e9s et en 1914, la Drambuie Liqueur Company a \u00e9t\u00e9 fond\u00e9e. La recette, compos\u00e9e de whisky de malt de 17 ans d&rsquo;\u00e2ge, de whisky de grain, de miel de bruy\u00e8re, d&rsquo;\u00e9pices et d&rsquo;herbes, est rest\u00e9e inchang\u00e9e depuis lors.<\/i><\/div>\n<\/div>","protected":false},"featured_media":11590,"comment_status":"open","ping_status":"open","template":"","meta":[],"product_cat":[269],"product_tag":[],"class_list":{"0":"post-10265","1":"product","2":"type-product","3":"status-publish","4":"has-post-thumbnail","6":"product_cat-liqueurs","7":"pa_country-ecosse","8":"pa_type-liqueur","9":"pa_volume-70-cl","10":"_wholesalex wsx-wholesalex-product","12":"first","13":"instock","14":"taxable","15":"shipping-taxable","16":"purchasable","17":"product-type-simple"},"_links":{"self":[{"href":"https:\/\/petitecave.ch\/de\/wp-json\/wp\/v2\/product\/10265","targetHints":{"allow":["GET"]}}],"collection":[{"href":"https:\/\/petitecave.ch\/de\/wp-json\/wp\/v2\/product"}],"about":[{"href":"https:\/\/petitecave.ch\/de\/wp-json\/wp\/v2\/types\/product"}],"replies":[{"embeddable":true,"href":"https:\/\/petitecave.ch\/de\/wp-json\/wp\/v2\/comments?post=10265"}],"wp:featuredmedia":[{"embeddable":true,"href":"https:\/\/petitecave.ch\/de\/wp-json\/wp\/v2\/media\/11590"}],"wp:attachment":[{"href":"https:\/\/petitecave.ch\/de\/wp-json\/wp\/v2\/media?parent=10265"}],"wp:term":[{"taxonomy":"product_cat","embeddable":true,"href":"https:\/\/petitecave.ch\/de\/wp-json\/wp\/v2\/product_cat?post=10265"},{"taxonomy":"product_tag","embeddable":true,"href":"https:\/\/petitecave.ch\/de\/wp-json\/wp\/v2\/product_tag?post=10265"}],"curies":[{"name":"wp","href":"https:\/\/api.w.org\/{rel}","templated":true}]}}