{"id":10260,"date":"2025-10-28T10:55:46","date_gmt":"2025-10-28T10:55:46","guid":{"rendered":""},"modified":"2026-02-20T13:57:04","modified_gmt":"2026-02-20T12:57:04","slug":"pampelle-ruby-l-ap-ro-70cl","status":"publish","type":"product","link":"https:\/\/petitecave.ch\/de\/product\/pampelle-ruby-l-ap-ro-70cl\/","title":{"rendered":"Pampelle Ruby l&rsquo;Ap\u00e9ro 70cl"},"content":{"rendered":"<p>Parfait \u00e0 servir comme base de \u00ab\u00a0Spritz\u00a0\u00bb, pour \u00e9labor\u00e9 un \u00ab\u00a0Ruby Red\u00a0\u00bb (4cl de Pampelle surmont\u00e9e de glace et de vin ros\u00e9), ou encore accompagn\u00e9 d&rsquo;un tonic pour une version plus rafra\u00eechissante.<\/p>","protected":false},"excerpt":{"rendered":"<p><b>Pampelle Ruby l&rsquo;Ap\u00e9ro\u00a0<\/b><\/p>\n<p>\u00a0<\/p>\n<p><i>Pampelle est produit \u00e0 partir de pamplemousse rouge rubis cueillis \u00e0 la main en Corse. Ramen\u00e9s \u00e0 Cognac ces pamplemousses sont mac\u00e9r\u00e9s avec diff\u00e9rentes plantes naturelles, des \u00e9corces d&rsquo;agrumes et de l&rsquo;eau-de-vie de raisin. Une partie de cette mac\u00e9ration est distill\u00e9 dans des alambics en cuivre afin de renforcer les ar\u00f4mes naturels d&rsquo;agrumes.<\/i><\/p>","protected":false},"featured_media":11585,"comment_status":"open","ping_status":"open","template":"","meta":[],"product_cat":[271,269],"product_tag":[],"class_list":{"0":"post-10260","1":"product","2":"type-product","3":"status-publish","4":"has-post-thumbnail","6":"product_cat-aperitif","7":"product_cat-liqueurs","8":"pa_country-france","9":"pa_volume-70-cl","10":"_wholesalex wsx-wholesalex-product","12":"first","13":"instock","14":"taxable","15":"shipping-taxable","16":"purchasable","17":"product-type-simple"},"_links":{"self":[{"href":"https:\/\/petitecave.ch\/de\/wp-json\/wp\/v2\/product\/10260","targetHints":{"allow":["GET"]}}],"collection":[{"href":"https:\/\/petitecave.ch\/de\/wp-json\/wp\/v2\/product"}],"about":[{"href":"https:\/\/petitecave.ch\/de\/wp-json\/wp\/v2\/types\/product"}],"replies":[{"embeddable":true,"href":"https:\/\/petitecave.ch\/de\/wp-json\/wp\/v2\/comments?post=10260"}],"wp:featuredmedia":[{"embeddable":true,"href":"https:\/\/petitecave.ch\/de\/wp-json\/wp\/v2\/media\/11585"}],"wp:attachment":[{"href":"https:\/\/petitecave.ch\/de\/wp-json\/wp\/v2\/media?parent=10260"}],"wp:term":[{"taxonomy":"product_cat","embeddable":true,"href":"https:\/\/petitecave.ch\/de\/wp-json\/wp\/v2\/product_cat?post=10260"},{"taxonomy":"product_tag","embeddable":true,"href":"https:\/\/petitecave.ch\/de\/wp-json\/wp\/v2\/product_tag?post=10260"}],"curies":[{"name":"wp","href":"https:\/\/api.w.org\/{rel}","templated":true}]}}