{"id":10259,"date":"2025-10-28T10:55:45","date_gmt":"2025-10-28T10:55:45","guid":{"rendered":""},"modified":"2026-02-23T16:51:15","modified_gmt":"2026-02-23T15:51:15","slug":"diolinoir-le-piocheur-les-fils-maye-75cl","status":"publish","type":"product","link":"https:\/\/petitecave.ch\/de\/product\/diolinoir-le-piocheur-les-fils-maye-75cl\/","title":{"rendered":"Diolinoir Le Piocheur &#8211; Les Fils Maye 75cl"},"content":{"rendered":"<p><b>C\u00e9page :<\/b> Diolinoir<\/p>\n<p><b>Nez :<\/b> Ar\u00f4mes intenses et \u00e9pic\u00e9s<\/p>\n<p><b>Bouche :<\/b> Compact et riche en tanins<\/p>\n<p><b>Accompagnement :<\/b> Parfait avec de la chasse et des viandes mijot\u00e9es<\/p>\n<p><b>Temps de garde :<\/b> 7 \u00e0 8 ans<\/p>","protected":false},"excerpt":{"rendered":"<p><b>Diolinoir Le Piocheur &#8211; Les Fils Maye &#8211; Clos de Balavaud &#8211; Riddes<\/b><\/p>\n<p><i><b>AOC Valais<\/b><\/i><\/p>","protected":false},"featured_media":11584,"comment_status":"open","ping_status":"open","template":"","meta":[],"product_cat":[253],"product_tag":[],"class_list":{"0":"post-10259","1":"product","2":"type-product","3":"status-publish","4":"has-post-thumbnail","6":"product_cat-vins","7":"pa_color-rouge","8":"pa_country-suisse","9":"pa_volume-75-cl","10":"_wholesalex wsx-wholesalex-product","12":"first","13":"instock","14":"taxable","15":"shipping-taxable","16":"purchasable","17":"product-type-simple"},"yoast_head":"<!-- This site is optimized with the Yoast SEO plugin v27.4 - https:\/\/yoast.com\/product\/yoast-seo-wordpress\/ -->\n<title>Diolinoir Le Piocheur - Les Fils Maye 75cl | La Petite Cave du Chablais<\/title>\n<meta name=\"robots\" content=\"index, follow, max-snippet:-1, max-image-preview:large, max-video-preview:-1\" \/>\n<link rel=\"canonical\" href=\"https:\/\/petitecave.ch\/de\/product\/diolinoir-le-piocheur-les-fils-maye-75cl\/\" \/>\n<meta property=\"og:locale\" content=\"de_DE\" \/>\n<meta property=\"og:type\" content=\"article\" \/>\n<meta property=\"og:title\" content=\"Diolinoir Le Piocheur - Les Fils Maye 75cl | La Petite Cave du Chablais\" \/>\n<meta property=\"og:description\" content=\"Diolinoir Le Piocheur - Les Fils Maye - Clos de Balavaud - Riddes AOC Valais\" \/>\n<meta property=\"og:url\" content=\"https:\/\/petitecave.ch\/de\/product\/diolinoir-le-piocheur-les-fils-maye-75cl\/\" \/>\n<meta property=\"og:site_name\" content=\"La Petite Cave du Chablais\" \/>\n<meta property=\"article:publisher\" content=\"https:\/\/www.facebook.com\/LaPetiteCaveDuChablais\" \/>\n<meta property=\"article:modified_time\" content=\"2026-02-23T15:51:15+00:00\" \/>\n<meta property=\"og:image\" content=\"https:\/\/petitecave.ch\/wp-content\/uploads\/2025\/10\/10259_3645_cover.png\" \/>\n\t<meta property=\"og:image:width\" content=\"200\" \/>\n\t<meta property=\"og:image:height\" content=\"750\" \/>\n\t<meta property=\"og:image:type\" content=\"image\/png\" \/>\n<meta name=\"twitter:card\" content=\"summary_large_image\" \/>\n<script type=\"application\/ld+json\" class=\"yoast-schema-graph\">{\"@context\":\"https:\\\/\\\/schema.org\",\"@graph\":[{\"@type\":\"WebPage\",\"@id\":\"https:\\\/\\\/petitecave.ch\\\/de\\\/product\\\/diolinoir-le-piocheur-les-fils-maye-75cl\\\/\",\"url\":\"https:\\\/\\\/petitecave.ch\\\/de\\\/product\\\/diolinoir-le-piocheur-les-fils-maye-75cl\\\/\",\"name\":\"Diolinoir Le Piocheur - Les Fils Maye 75cl | La Petite Cave du Chablais\",\"isPartOf\":{\"@id\":\"https:\\\/\\\/petitecave.ch\\\/de\\\/#website\"},\"primaryImageOfPage\":{\"@id\":\"https:\\\/\\\/petitecave.ch\\\/de\\\/product\\\/diolinoir-le-piocheur-les-fils-maye-75cl\\\/#primaryimage\"},\"image\":{\"@id\":\"https:\\\/\\\/petitecave.ch\\\/de\\\/product\\\/diolinoir-le-piocheur-les-fils-maye-75cl\\\/#primaryimage\"},\"thumbnailUrl\":\"https:\\\/\\\/petitecave.ch\\\/wp-content\\\/uploads\\\/2025\\\/10\\\/10259_3645_cover.png\",\"datePublished\":\"2025-10-28T10:55:45+00:00\",\"dateModified\":\"2026-02-23T15:51:15+00:00\",\"breadcrumb\":{\"@id\":\"https:\\\/\\\/petitecave.ch\\\/de\\\/product\\\/diolinoir-le-piocheur-les-fils-maye-75cl\\\/#breadcrumb\"},\"inLanguage\":\"de-CH\",\"potentialAction\":[{\"@type\":\"ReadAction\",\"target\":[\"https:\\\/\\\/petitecave.ch\\\/de\\\/product\\\/diolinoir-le-piocheur-les-fils-maye-75cl\\\/\"]}]},{\"@type\":\"ImageObject\",\"inLanguage\":\"de-CH\",\"@id\":\"https:\\\/\\\/petitecave.ch\\\/de\\\/product\\\/diolinoir-le-piocheur-les-fils-maye-75cl\\\/#primaryimage\",\"url\":\"https:\\\/\\\/petitecave.ch\\\/wp-content\\\/uploads\\\/2025\\\/10\\\/10259_3645_cover.png\",\"contentUrl\":\"https:\\\/\\\/petitecave.ch\\\/wp-content\\\/uploads\\\/2025\\\/10\\\/10259_3645_cover.png\",\"width\":200,\"height\":750},{\"@type\":\"BreadcrumbList\",\"@id\":\"https:\\\/\\\/petitecave.ch\\\/de\\\/product\\\/diolinoir-le-piocheur-les-fils-maye-75cl\\\/#breadcrumb\",\"itemListElement\":[{\"@type\":\"ListItem\",\"position\":1,\"name\":\"Accueil\",\"item\":\"https:\\\/\\\/petitecave.ch\\\/de\\\/\"},{\"@type\":\"ListItem\",\"position\":2,\"name\":\"Produkte\",\"item\":\"https:\\\/\\\/petitecave.ch\\\/de\\\/shop\\\/\"},{\"@type\":\"ListItem\",\"position\":3,\"name\":\"Diolinoir Le Piocheur &#8211; Les Fils Maye 75cl\"}]},{\"@type\":\"WebSite\",\"@id\":\"https:\\\/\\\/petitecave.ch\\\/de\\\/#website\",\"url\":\"https:\\\/\\\/petitecave.ch\\\/de\\\/\",\"name\":\"La Petite Cave du Chablais\",\"description\":\"Vins, bi\u00e8res et spiritueux en ligne !\",\"publisher\":{\"@id\":\"https:\\\/\\\/petitecave.ch\\\/de\\\/#organization\"},\"alternateName\":\"La Petite Cave\",\"potentialAction\":[{\"@type\":\"SearchAction\",\"target\":{\"@type\":\"EntryPoint\",\"urlTemplate\":\"https:\\\/\\\/petitecave.ch\\\/de\\\/?s={search_term_string}\"},\"query-input\":{\"@type\":\"PropertyValueSpecification\",\"valueRequired\":true,\"valueName\":\"search_term_string\"}}],\"inLanguage\":\"de-CH\"},{\"@type\":\"Organization\",\"@id\":\"https:\\\/\\\/petitecave.ch\\\/de\\\/#organization\",\"name\":\"La Petite Cave du Chablais S\u00e0rl\",\"url\":\"https:\\\/\\\/petitecave.ch\\\/de\\\/\",\"logo\":{\"@type\":\"ImageObject\",\"inLanguage\":\"de-CH\",\"@id\":\"https:\\\/\\\/petitecave.ch\\\/de\\\/#\\\/schema\\\/logo\\\/image\\\/\",\"url\":\"https:\\\/\\\/petitecave.ch\\\/wp-content\\\/uploads\\\/2025\\\/10\\\/petitecavelogo-removebg-preview.png\",\"contentUrl\":\"https:\\\/\\\/petitecave.ch\\\/wp-content\\\/uploads\\\/2025\\\/10\\\/petitecavelogo-removebg-preview.png\",\"width\":800,\"height\":200,\"caption\":\"La Petite Cave du Chablais S\u00e0rl\"},\"image\":{\"@id\":\"https:\\\/\\\/petitecave.ch\\\/de\\\/#\\\/schema\\\/logo\\\/image\\\/\"},\"sameAs\":[\"https:\\\/\\\/www.facebook.com\\\/LaPetiteCaveDuChablais\",\"https:\\\/\\\/www.instagram.com\\\/lapetitecaveduchablais\",\"https:\\\/\\\/www.linkedin.com\\\/company\\\/la-petite-cave-du-chablais\"]}]}<\/script>\n<!-- \/ Yoast SEO plugin. -->","yoast_head_json":{"title":"Diolinoir Le Piocheur - Les Fils Maye 75cl | La Petite Cave du Chablais","robots":{"index":"index","follow":"follow","max-snippet":"max-snippet:-1","max-image-preview":"max-image-preview:large","max-video-preview":"max-video-preview:-1"},"canonical":"https:\/\/petitecave.ch\/de\/product\/diolinoir-le-piocheur-les-fils-maye-75cl\/","og_locale":"de_DE","og_type":"article","og_title":"Diolinoir Le Piocheur - Les Fils Maye 75cl | La Petite Cave du Chablais","og_description":"Diolinoir Le Piocheur - Les Fils Maye - Clos de Balavaud - Riddes AOC Valais","og_url":"https:\/\/petitecave.ch\/de\/product\/diolinoir-le-piocheur-les-fils-maye-75cl\/","og_site_name":"La Petite Cave du Chablais","article_publisher":"https:\/\/www.facebook.com\/LaPetiteCaveDuChablais","article_modified_time":"2026-02-23T15:51:15+00:00","og_image":[{"width":200,"height":750,"url":"https:\/\/petitecave.ch\/wp-content\/uploads\/2025\/10\/10259_3645_cover.png","type":"image\/png"}],"twitter_card":"summary_large_image","schema":{"@context":"https:\/\/schema.org","@graph":[{"@type":"WebPage","@id":"https:\/\/petitecave.ch\/de\/product\/diolinoir-le-piocheur-les-fils-maye-75cl\/","url":"https:\/\/petitecave.ch\/de\/product\/diolinoir-le-piocheur-les-fils-maye-75cl\/","name":"Diolinoir Le Piocheur - Les Fils Maye 75cl | La Petite Cave du Chablais","isPartOf":{"@id":"https:\/\/petitecave.ch\/de\/#website"},"primaryImageOfPage":{"@id":"https:\/\/petitecave.ch\/de\/product\/diolinoir-le-piocheur-les-fils-maye-75cl\/#primaryimage"},"image":{"@id":"https:\/\/petitecave.ch\/de\/product\/diolinoir-le-piocheur-les-fils-maye-75cl\/#primaryimage"},"thumbnailUrl":"https:\/\/petitecave.ch\/wp-content\/uploads\/2025\/10\/10259_3645_cover.png","datePublished":"2025-10-28T10:55:45+00:00","dateModified":"2026-02-23T15:51:15+00:00","breadcrumb":{"@id":"https:\/\/petitecave.ch\/de\/product\/diolinoir-le-piocheur-les-fils-maye-75cl\/#breadcrumb"},"inLanguage":"de-CH","potentialAction":[{"@type":"ReadAction","target":["https:\/\/petitecave.ch\/de\/product\/diolinoir-le-piocheur-les-fils-maye-75cl\/"]}]},{"@type":"ImageObject","inLanguage":"de-CH","@id":"https:\/\/petitecave.ch\/de\/product\/diolinoir-le-piocheur-les-fils-maye-75cl\/#primaryimage","url":"https:\/\/petitecave.ch\/wp-content\/uploads\/2025\/10\/10259_3645_cover.png","contentUrl":"https:\/\/petitecave.ch\/wp-content\/uploads\/2025\/10\/10259_3645_cover.png","width":200,"height":750},{"@type":"BreadcrumbList","@id":"https:\/\/petitecave.ch\/de\/product\/diolinoir-le-piocheur-les-fils-maye-75cl\/#breadcrumb","itemListElement":[{"@type":"ListItem","position":1,"name":"Accueil","item":"https:\/\/petitecave.ch\/de\/"},{"@type":"ListItem","position":2,"name":"Produkte","item":"https:\/\/petitecave.ch\/de\/shop\/"},{"@type":"ListItem","position":3,"name":"Diolinoir Le Piocheur &#8211; Les Fils Maye 75cl"}]},{"@type":"WebSite","@id":"https:\/\/petitecave.ch\/de\/#website","url":"https:\/\/petitecave.ch\/de\/","name":"Die kleine Keller des Chablais","description":"Vins, bi\u00e8res et spiritueux en ligne !","publisher":{"@id":"https:\/\/petitecave.ch\/de\/#organization"},"alternateName":"La Petite Cave","potentialAction":[{"@type":"SearchAction","target":{"@type":"EntryPoint","urlTemplate":"https:\/\/petitecave.ch\/de\/?s={search_term_string}"},"query-input":{"@type":"PropertyValueSpecification","valueRequired":true,"valueName":"search_term_string"}}],"inLanguage":"de-CH"},{"@type":"Organization","@id":"https:\/\/petitecave.ch\/de\/#organization","name":"La Petite Cave du Chablais S\u00e0rl","url":"https:\/\/petitecave.ch\/de\/","logo":{"@type":"ImageObject","inLanguage":"de-CH","@id":"https:\/\/petitecave.ch\/de\/#\/schema\/logo\/image\/","url":"https:\/\/petitecave.ch\/wp-content\/uploads\/2025\/10\/petitecavelogo-removebg-preview.png","contentUrl":"https:\/\/petitecave.ch\/wp-content\/uploads\/2025\/10\/petitecavelogo-removebg-preview.png","width":800,"height":200,"caption":"La Petite Cave du Chablais S\u00e0rl"},"image":{"@id":"https:\/\/petitecave.ch\/de\/#\/schema\/logo\/image\/"},"sameAs":["https:\/\/www.facebook.com\/LaPetiteCaveDuChablais","https:\/\/www.instagram.com\/lapetitecaveduchablais","https:\/\/www.linkedin.com\/company\/la-petite-cave-du-chablais"]}]}},"_links":{"self":[{"href":"https:\/\/petitecave.ch\/de\/wp-json\/wp\/v2\/product\/10259","targetHints":{"allow":["GET"]}}],"collection":[{"href":"https:\/\/petitecave.ch\/de\/wp-json\/wp\/v2\/product"}],"about":[{"href":"https:\/\/petitecave.ch\/de\/wp-json\/wp\/v2\/types\/product"}],"replies":[{"embeddable":true,"href":"https:\/\/petitecave.ch\/de\/wp-json\/wp\/v2\/comments?post=10259"}],"wp:featuredmedia":[{"embeddable":true,"href":"https:\/\/petitecave.ch\/de\/wp-json\/wp\/v2\/media\/11584"}],"wp:attachment":[{"href":"https:\/\/petitecave.ch\/de\/wp-json\/wp\/v2\/media?parent=10259"}],"wp:term":[{"taxonomy":"product_cat","embeddable":true,"href":"https:\/\/petitecave.ch\/de\/wp-json\/wp\/v2\/product_cat?post=10259"},{"taxonomy":"product_tag","embeddable":true,"href":"https:\/\/petitecave.ch\/de\/wp-json\/wp\/v2\/product_tag?post=10259"}],"curies":[{"name":"wp","href":"https:\/\/api.w.org\/{rel}","templated":true}]}}