{"id":10248,"date":"2025-12-23T10:55:33","date_gmt":"2025-12-23T09:55:33","guid":{"rendered":""},"modified":"2026-02-13T10:32:10","modified_gmt":"2026-02-13T09:32:10","slug":"poire-comte-louis-de-lauriston-75cl","status":"publish","type":"product","link":"https:\/\/petitecave.ch\/de\/product\/poire-comte-louis-de-lauriston-75cl\/","title":{"rendered":"Poir\u00e9 Comte Louis de Lauriston 75cl"},"content":{"rendered":"<p><span style=\"color: #000000;\"><b>Visuel :<\/b> La couleur est claire avec des reflets dor\u00e9s.<\/span><\/p>\n<p><span style=\"color: #000000;\"><b>Nez :<\/b> Il offre des notes d\u00e9licates de poire, de beurre et d&rsquo;agrumes.<\/span><\/p>\n<p><span style=\"color: #000000;\"><b>Go\u00fbt :<\/b> Rafra\u00eechissant, \u00e0 la fois fruit\u00e9 et de belle acidit\u00e9.<\/span><\/p>\n<p><span style=\"color: #000000;\"><b>Accompagnement :<\/b> Le poir\u00e9 s&rsquo;appr\u00e9cie \u00e0 l&rsquo;ap\u00e9ritif ou pour accompagner des terrines, des fruits de mer, des hu\u00eetres ou encore des salades. <\/span><span style=\"color: #000000;\">Parfait \u00e9galement avec des fruits en dessert.<\/span><\/p>","protected":false},"excerpt":{"rendered":"<p><span style=\"color: #000000;\"><i>Le poir\u00e9 est issu d&rsquo;une production traditionnelle et authentique du Domfrontais produit \u00e0 partir du jus de la poire. Il est \u00e9labor\u00e9 gr\u00e2ce \u00e0 de multiples vari\u00e9t\u00e9s tels que le Plant de Blanc, le Muscadet, l&rsquo;Avenelle ou encore la poire de grise. Broy\u00e9es et press\u00e9es juste apr\u00e8s le ramassage, les poires donnent leur jus qui fermente naturellement \u00e0 temp\u00e9rature contr\u00f4l\u00e9e pendant 5 \u00e0 8 semaines. Le poir\u00e9 est embouteill\u00e9 \u00e0 mi fermentation, lorsque le degr\u00e9 d\u00e9passe l\u00e9g\u00e8rement les 4%.vol. Il refermente alors en bouteille, d\u00e9gageant ainsi le gaz carbonique responsable de son aspect p\u00e9tillant.<\/i><\/span><\/p>","protected":false},"featured_media":18413,"comment_status":"open","ping_status":"closed","template":"","meta":[],"product_cat":[250],"product_tag":[],"class_list":{"0":"post-10248","1":"product","2":"type-product","3":"status-publish","4":"has-post-thumbnail","6":"product_cat-bieres","7":"pa_categorie-401-cidres-avec-alcool","8":"pa_country-france","9":"pa_volume-75-cl","10":"_wholesalex wsx-wholesalex-product","12":"first","13":"instock","14":"taxable","15":"shipping-taxable","16":"purchasable","17":"product-type-simple"},"_links":{"self":[{"href":"https:\/\/petitecave.ch\/de\/wp-json\/wp\/v2\/product\/10248","targetHints":{"allow":["GET"]}}],"collection":[{"href":"https:\/\/petitecave.ch\/de\/wp-json\/wp\/v2\/product"}],"about":[{"href":"https:\/\/petitecave.ch\/de\/wp-json\/wp\/v2\/types\/product"}],"replies":[{"embeddable":true,"href":"https:\/\/petitecave.ch\/de\/wp-json\/wp\/v2\/comments?post=10248"}],"wp:featuredmedia":[{"embeddable":true,"href":"https:\/\/petitecave.ch\/de\/wp-json\/wp\/v2\/media\/18413"}],"wp:attachment":[{"href":"https:\/\/petitecave.ch\/de\/wp-json\/wp\/v2\/media?parent=10248"}],"wp:term":[{"taxonomy":"product_cat","embeddable":true,"href":"https:\/\/petitecave.ch\/de\/wp-json\/wp\/v2\/product_cat?post=10248"},{"taxonomy":"product_tag","embeddable":true,"href":"https:\/\/petitecave.ch\/de\/wp-json\/wp\/v2\/product_tag?post=10248"}],"curies":[{"name":"wp","href":"https:\/\/api.w.org\/{rel}","templated":true}]}}