{"id":10241,"date":"2025-10-28T10:55:27","date_gmt":"2025-10-28T10:55:27","guid":{"rendered":""},"modified":"2026-02-20T15:52:35","modified_gmt":"2026-02-20T14:52:35","slug":"elderflower-gin-liqueur-cambridge-distillery-50cl","status":"publish","type":"product","link":"https:\/\/petitecave.ch\/de\/product\/elderflower-gin-liqueur-cambridge-distillery-50cl\/","title":{"rendered":"Elderflower Gin Liqueur &#8211; Cambridge Distillery 50cl"},"content":{"rendered":"<p><font>Profitez d\u2019une royale de fleurs de sureau d\u00e9licieusement rafra\u00eechissante lors d\u2019une nuit d\u2019\u00e9t\u00e9.<\/font><\/p>\n<div class=\"composition\">\n<div class=\"composition-item\">\u00a0<\/div>\n<\/div>","protected":false},"excerpt":{"rendered":"<p><b>Elderflower Gin Liqueur &#8211; Cambridge Distillery &#8211; Cambridge<\/b><\/p>\n<p>\u00a0<\/p>\n<p><i>Cette liqueur sucr\u00e9e \u00e9vocatrice exprime les saveurs florales fra\u00eeches mais complexes de la fleur de sureau et est mieux servie sur de la glace,<\/i>\u00a0<i>ou comme une d\u00e9licieuse fleur de sureau Royale.<\/i><\/p>","protected":false},"featured_media":11563,"comment_status":"open","ping_status":"open","template":"","meta":[],"product_cat":[279],"product_tag":[],"class_list":{"0":"post-10241","1":"product","2":"type-product","3":"status-publish","4":"has-post-thumbnail","6":"product_cat-gin","7":"pa_country-angleterre","8":"pa_type-liqueur-de-gin","9":"pa_volume-50cl","10":"_wholesalex wsx-wholesalex-product","12":"first","13":"instock","14":"taxable","15":"shipping-taxable","16":"purchasable","17":"product-type-simple"},"_links":{"self":[{"href":"https:\/\/petitecave.ch\/de\/wp-json\/wp\/v2\/product\/10241","targetHints":{"allow":["GET"]}}],"collection":[{"href":"https:\/\/petitecave.ch\/de\/wp-json\/wp\/v2\/product"}],"about":[{"href":"https:\/\/petitecave.ch\/de\/wp-json\/wp\/v2\/types\/product"}],"replies":[{"embeddable":true,"href":"https:\/\/petitecave.ch\/de\/wp-json\/wp\/v2\/comments?post=10241"}],"wp:featuredmedia":[{"embeddable":true,"href":"https:\/\/petitecave.ch\/de\/wp-json\/wp\/v2\/media\/11563"}],"wp:attachment":[{"href":"https:\/\/petitecave.ch\/de\/wp-json\/wp\/v2\/media?parent=10241"}],"wp:term":[{"taxonomy":"product_cat","embeddable":true,"href":"https:\/\/petitecave.ch\/de\/wp-json\/wp\/v2\/product_cat?post=10241"},{"taxonomy":"product_tag","embeddable":true,"href":"https:\/\/petitecave.ch\/de\/wp-json\/wp\/v2\/product_tag?post=10241"}],"curies":[{"name":"wp","href":"https:\/\/api.w.org\/{rel}","templated":true}]}}