{"id":10240,"date":"2025-10-28T10:55:26","date_gmt":"2025-10-28T10:55:26","guid":{"rendered":""},"modified":"2026-02-20T15:52:35","modified_gmt":"2026-02-20T14:52:35","slug":"curator-s-gin-cambridge-distillery-50cl","status":"publish","type":"product","link":"https:\/\/petitecave.ch\/de\/product\/curator-s-gin-cambridge-distillery-50cl\/","title":{"rendered":"Curator&rsquo;s Gin &#8211; Cambridge Distillery 50cl"},"content":{"rendered":"<p><font>D\u00e9licieusement rafra\u00eechissant dans le cadre d\u2019un Gin &amp; Tonic aromatique.<\/font><\/p>\n<div class=\"composition\">\n<div class=\"composition-item\">\u00a0<\/div>\n<\/div>","protected":false},"excerpt":{"rendered":"<p><b>Curator&rsquo;s Gin &#8211; Cambridge Distillery &#8211; Cambridge\u00a0<\/b><\/p>\n<p>\u00a0<\/p>\n<p><i>Sous la supervision experte du conservateur du jardin botanique de l\u2019Universit\u00e9 de Cambridge, des plantes rares ont \u00e9t\u00e9 r\u00e9colt\u00e9es et distill\u00e9es individuellement pour cr\u00e9er un gin unique.<\/i><\/p>\n<p><i>La lavande citronn\u00e9e fra\u00eeche, le romarin gingembre et m\u00eame les pommes croquantes de l\u2019arbre de Sir Isaac Newton se combinent pour produire un gin exceptionnel aussi floral qu\u2019intense.<font>Curator\u2019s Gin est une expression rar\u00e9fi\u00e9e des tr\u00e9sors secrets du jardin botanique de l\u2019Universit\u00e9 de Cambridge.<\/font><\/i><\/p>\n<p>\u00a0<\/p>\n<div class=\"text-block\">\n<div class=\"text-inner\">\n<div class=\"awards\">\n<ul>\n<li class=\"award-item\"><i><b>DOUBLE M\u00c9DAILLE D\u2019OR &#8211; CHINA WINE AND SPIRITS BEST VALUE AWARDS 2021<\/b><\/i><\/li>\n<li class=\"award-item\"><i><b>M\u00c9DAILLE D\u2019OR &#8211; EUROPEAN SPIRITS CHALLENGE 2021<\/b><\/i><\/li>\n<\/ul>\n<\/div>\n<\/div>\n<\/div>\n<div class=\"img-block\">\n<div class=\"slider-pagination swiper-pagination-clickable swiper-pagination-bullets\">\u00a0<\/div>\n<\/div>","protected":false},"featured_media":11562,"comment_status":"open","ping_status":"open","template":"","meta":[],"product_cat":[279],"product_tag":[],"class_list":{"0":"post-10240","1":"product","2":"type-product","3":"status-publish","4":"has-post-thumbnail","6":"product_cat-gin","7":"pa_country-angleterre","8":"pa_volume-50cl","9":"_wholesalex wsx-wholesalex-product","11":"first","12":"instock","13":"taxable","14":"shipping-taxable","15":"purchasable","16":"product-type-simple"},"_links":{"self":[{"href":"https:\/\/petitecave.ch\/de\/wp-json\/wp\/v2\/product\/10240","targetHints":{"allow":["GET"]}}],"collection":[{"href":"https:\/\/petitecave.ch\/de\/wp-json\/wp\/v2\/product"}],"about":[{"href":"https:\/\/petitecave.ch\/de\/wp-json\/wp\/v2\/types\/product"}],"replies":[{"embeddable":true,"href":"https:\/\/petitecave.ch\/de\/wp-json\/wp\/v2\/comments?post=10240"}],"wp:featuredmedia":[{"embeddable":true,"href":"https:\/\/petitecave.ch\/de\/wp-json\/wp\/v2\/media\/11562"}],"wp:attachment":[{"href":"https:\/\/petitecave.ch\/de\/wp-json\/wp\/v2\/media?parent=10240"}],"wp:term":[{"taxonomy":"product_cat","embeddable":true,"href":"https:\/\/petitecave.ch\/de\/wp-json\/wp\/v2\/product_cat?post=10240"},{"taxonomy":"product_tag","embeddable":true,"href":"https:\/\/petitecave.ch\/de\/wp-json\/wp\/v2\/product_tag?post=10240"}],"curies":[{"name":"wp","href":"https:\/\/api.w.org\/{rel}","templated":true}]}}