{"id":10237,"date":"2025-10-28T10:55:24","date_gmt":"2025-10-28T10:55:24","guid":{"rendered":""},"modified":"2026-04-07T13:46:03","modified_gmt":"2026-04-07T11:46:03","slug":"double-oat-dipa-la-n-buleuse-33cl","status":"publish","type":"product","link":"https:\/\/petitecave.ch\/de\/product\/double-oat-dipa-la-n-buleuse-33cl\/","title":{"rendered":"Double Oat DIPA &#8211; La N\u00e9buleuse 33cl"},"content":{"rendered":"<p><strong>Visuel :\u00a0<\/strong>Robe dor\u00e9e avec une \u00e9paisse mousse blanche<\/p>\n<p><strong>Nez :\u00a0<\/strong>Notes tropicales<\/p>\n<p><strong>Go\u00fbt :\u00a0<\/strong>Saveurs exotiques comme la mangue<\/p>","protected":false},"excerpt":{"rendered":"<p><strong>Double Oat DIPA &#8211; La N\u00e9buleuse<\/strong><\/p>\n<\/p>\n<p><em>Meilleure Double IPA du monde cet ovni titille le style New England. Avec des flocons d\u2019avoine, du bl\u00e9 et un houblonnage \u00e0 cru au Mosaic, la Double Oat est une v\u00e9ritable claque exotique aux notes de mangue et \u00e0 la longueur ind\u00e9cente !<\/em><\/p>","protected":false},"featured_media":18850,"comment_status":"open","ping_status":"closed","template":"","meta":[],"product_cat":[250],"product_tag":[],"class_list":{"0":"post-10237","1":"product","2":"type-product","3":"status-publish","4":"has-post-thumbnail","6":"product_cat-bieres","7":"pa_categorie-bieres-blondes","8":"pa_color-blonde","9":"pa_country-suisse","10":"pa_style-double-ipa","11":"pa_type-biere-artisanale","12":"_wholesalex wsx-wholesalex-product","14":"first","15":"instock","16":"taxable","17":"shipping-taxable","18":"purchasable","19":"product-type-simple"},"_links":{"self":[{"href":"https:\/\/petitecave.ch\/de\/wp-json\/wp\/v2\/product\/10237","targetHints":{"allow":["GET"]}}],"collection":[{"href":"https:\/\/petitecave.ch\/de\/wp-json\/wp\/v2\/product"}],"about":[{"href":"https:\/\/petitecave.ch\/de\/wp-json\/wp\/v2\/types\/product"}],"replies":[{"embeddable":true,"href":"https:\/\/petitecave.ch\/de\/wp-json\/wp\/v2\/comments?post=10237"}],"wp:featuredmedia":[{"embeddable":true,"href":"https:\/\/petitecave.ch\/de\/wp-json\/wp\/v2\/media\/18850"}],"wp:attachment":[{"href":"https:\/\/petitecave.ch\/de\/wp-json\/wp\/v2\/media?parent=10237"}],"wp:term":[{"taxonomy":"product_cat","embeddable":true,"href":"https:\/\/petitecave.ch\/de\/wp-json\/wp\/v2\/product_cat?post=10237"},{"taxonomy":"product_tag","embeddable":true,"href":"https:\/\/petitecave.ch\/de\/wp-json\/wp\/v2\/product_tag?post=10237"}],"curies":[{"name":"wp","href":"https:\/\/api.w.org\/{rel}","templated":true}]}}