{"id":10231,"date":"2025-12-23T10:55:17","date_gmt":"2025-12-23T09:55:17","guid":{"rendered":""},"modified":"2026-02-13T12:04:06","modified_gmt":"2026-02-13T11:04:06","slug":"corona-extra-6x33cl","status":"publish","type":"product","link":"https:\/\/petitecave.ch\/de\/product\/corona-extra-6x33cl\/","title":{"rendered":"Corona Extra 6x33cl"},"content":{"rendered":"<p><span style=\"color: #000000;\"><strong>Visuel :<\/strong> Robe jaune p\u00e2le coiff\u00e9e d&rsquo;une fine mousse blanche.<\/span><\/p>\n<p><span style=\"color: #000000;\"><strong>Nez :<\/strong> Ar\u00f4mes de malt et de citron.<\/span><\/p>\n<p><span style=\"color: #000000;\"><strong>Go\u00fbt :<\/strong> Saveurs de c\u00e9r\u00e9ales, de malt et de citron.<\/span><\/p>","protected":false},"excerpt":{"rendered":"<p><span style=\"color: #000000;\"><em>Cette Lager mexicaine produite par Grupo Modelo dans plusieurs brasseries du pays est la marque de bi\u00e8re la plus vendue au Mexique, et occupe la quatri\u00e8me place dans le monde entier. <\/em><\/span><span style=\"color: #000000;\"><em>Export\u00e9e dans pas moins de 120 pays, c&rsquo;est une bi\u00e8re rafra\u00eechissante qui est brass\u00e9e avec 40% de riz, des zestes de citron, du houblon de Boh\u00eame en R\u00e9publique Tch\u00e8que, ainsi que du malt allemand et am\u00e9ricain.<\/em><\/span><\/p>","protected":false},"featured_media":18417,"comment_status":"open","ping_status":"closed","template":"","meta":[],"product_cat":[250],"product_tag":[],"class_list":{"0":"post-10231","1":"product","2":"type-product","3":"status-publish","4":"has-post-thumbnail","6":"product_brand-corona","7":"product_cat-bieres","8":"pa_categorie-230-bieres-autres-pays","9":"pa_color-blonde","10":"pa_country-mexique","11":"pa_packaging-pckx6","12":"pa_style-lager","13":"pa_volume-33-cl-3","14":"_wholesalex wsx-wholesalex-product","16":"first","17":"instock","18":"taxable","19":"shipping-taxable","20":"purchasable","21":"product-type-simple"},"_links":{"self":[{"href":"https:\/\/petitecave.ch\/de\/wp-json\/wp\/v2\/product\/10231","targetHints":{"allow":["GET"]}}],"collection":[{"href":"https:\/\/petitecave.ch\/de\/wp-json\/wp\/v2\/product"}],"about":[{"href":"https:\/\/petitecave.ch\/de\/wp-json\/wp\/v2\/types\/product"}],"replies":[{"embeddable":true,"href":"https:\/\/petitecave.ch\/de\/wp-json\/wp\/v2\/comments?post=10231"}],"wp:featuredmedia":[{"embeddable":true,"href":"https:\/\/petitecave.ch\/de\/wp-json\/wp\/v2\/media\/18417"}],"wp:attachment":[{"href":"https:\/\/petitecave.ch\/de\/wp-json\/wp\/v2\/media?parent=10231"}],"wp:term":[{"taxonomy":"product_cat","embeddable":true,"href":"https:\/\/petitecave.ch\/de\/wp-json\/wp\/v2\/product_cat?post=10231"},{"taxonomy":"product_tag","embeddable":true,"href":"https:\/\/petitecave.ch\/de\/wp-json\/wp\/v2\/product_tag?post=10231"}],"curies":[{"name":"wp","href":"https:\/\/api.w.org\/{rel}","templated":true}]}}