{"id":10222,"date":"2025-12-23T10:55:10","date_gmt":"2025-12-23T09:55:10","guid":{"rendered":""},"modified":"2026-02-24T10:08:37","modified_gmt":"2026-02-24T09:08:37","slug":"senza-parole-bianco-75cl","status":"publish","type":"product","link":"https:\/\/petitecave.ch\/de\/product\/senza-parole-bianco-75cl\/","title":{"rendered":"Senza Parole Bianco 75cl"},"content":{"rendered":"<p><span style=\"color: #000000;\"><strong>C\u00e9pages :\u00a0<\/strong>Trebbiano, Sauvignon Blanc et Chardonnay.<\/span><\/p>\n<p><span style=\"color: #000000;\"><strong>Nez :\u00a0<\/strong>Ar\u00f4mes de fruits exotique comme le melon et l&rsquo;ananas.<\/span><\/p>\n<p><span style=\"color: #000000;\"><strong>Bouche :\u00a0<\/strong>L\u00e9g\u00e8rement douce, fruit\u00e9e comme au nez accompagn\u00e9e d&rsquo;agrumes.<\/span><\/p>\n<p><span style=\"color: #000000;\"><strong>Accompagnement :\u00a0<\/strong>Id\u00e9al \u00e0 l&rsquo;ap\u00e9ritif, avec des antipasti ou un plateau de fromage.<\/span><\/p>","protected":false},"excerpt":{"rendered":"<p>C\u00e9pages :\u00a0Trebbiano, Sauvignon Blanc et Chardonnay. Nez :\u00a0Ar\u00f4mes de fruits exotique comme le melon et l&rsquo;ananas. Bouche :\u00a0L\u00e9g\u00e8rement douce, fruit\u00e9e comme au nez accompagn\u00e9e d&rsquo;agrumes. Accompagnement :\u00a0Id\u00e9al \u00e0 l&rsquo;ap\u00e9ritif, avec des antipasti ou un plateau de fromage.<\/p>","protected":false},"featured_media":18422,"comment_status":"open","ping_status":"closed","template":"","meta":[],"product_cat":[368,253],"product_tag":[],"class_list":{"0":"post-10222","1":"product","2":"type-product","3":"status-publish","4":"has-post-thumbnail","6":"product_brand-senza-parole","7":"product_cat-blanc","8":"product_cat-vins","9":"pa_color-blanc","10":"pa_country-italie","11":"pa_volume-75-cl","12":"_wholesalex wsx-wholesalex-product","14":"first","15":"instock","16":"taxable","17":"shipping-taxable","18":"purchasable","19":"product-type-simple"},"_links":{"self":[{"href":"https:\/\/petitecave.ch\/de\/wp-json\/wp\/v2\/product\/10222","targetHints":{"allow":["GET"]}}],"collection":[{"href":"https:\/\/petitecave.ch\/de\/wp-json\/wp\/v2\/product"}],"about":[{"href":"https:\/\/petitecave.ch\/de\/wp-json\/wp\/v2\/types\/product"}],"replies":[{"embeddable":true,"href":"https:\/\/petitecave.ch\/de\/wp-json\/wp\/v2\/comments?post=10222"}],"wp:featuredmedia":[{"embeddable":true,"href":"https:\/\/petitecave.ch\/de\/wp-json\/wp\/v2\/media\/18422"}],"wp:attachment":[{"href":"https:\/\/petitecave.ch\/de\/wp-json\/wp\/v2\/media?parent=10222"}],"wp:term":[{"taxonomy":"product_cat","embeddable":true,"href":"https:\/\/petitecave.ch\/de\/wp-json\/wp\/v2\/product_cat?post=10222"},{"taxonomy":"product_tag","embeddable":true,"href":"https:\/\/petitecave.ch\/de\/wp-json\/wp\/v2\/product_tag?post=10222"}],"curies":[{"name":"wp","href":"https:\/\/api.w.org\/{rel}","templated":true}]}}