{"id":10219,"date":"2025-10-28T10:55:06","date_gmt":"2025-10-28T10:55:06","guid":{"rendered":""},"modified":"2026-02-20T15:01:14","modified_gmt":"2026-02-20T14:01:14","slug":"grappa-di-amarone-most-bepi-tosolini-70cl","status":"publish","type":"product","link":"https:\/\/petitecave.ch\/de\/product\/grappa-di-amarone-most-bepi-tosolini-70cl\/","title":{"rendered":"Grappa di Amarone MOST &#8211; Bepi Tosolini 70cl"},"content":{"rendered":"<p><b>Nez :<\/b> Ar\u00f4me extr\u00eamement agr\u00e9able, avec des notes intenses de cerise marasca et d\u2019\u00e9pices douces<\/p>\n<p><b>Bouche :<\/b>\u00a0Enveloppante, aromatique et soyeuse avec un arri\u00e8re-go\u00fbt fruit\u00e9 et une excellente persistance qui atteint des notes plus complexes sur la finale<\/p>","protected":false},"excerpt":{"rendered":"<p><b>Grappa di Amarone MOST &#8211; Bepi Tosolini<\/b><\/p>\n<p>\u00a0<\/p>\n<p><i>Assemblage de raisins nobles, vieillis en f\u00fbts de ch\u00eane d&rsquo;Amarone.\u00a0<\/i><\/p>","protected":false},"featured_media":11538,"comment_status":"open","ping_status":"open","template":"","meta":[],"product_cat":[270],"product_tag":[],"class_list":{"0":"post-10219","1":"product","2":"type-product","3":"status-publish","4":"has-post-thumbnail","6":"product_cat-eau-de-vie","7":"pa_country-italie","8":"pa_volume-70-cl","9":"_wholesalex wsx-wholesalex-product","11":"first","12":"instock","13":"taxable","14":"shipping-taxable","15":"purchasable","16":"product-type-simple"},"_links":{"self":[{"href":"https:\/\/petitecave.ch\/de\/wp-json\/wp\/v2\/product\/10219","targetHints":{"allow":["GET"]}}],"collection":[{"href":"https:\/\/petitecave.ch\/de\/wp-json\/wp\/v2\/product"}],"about":[{"href":"https:\/\/petitecave.ch\/de\/wp-json\/wp\/v2\/types\/product"}],"replies":[{"embeddable":true,"href":"https:\/\/petitecave.ch\/de\/wp-json\/wp\/v2\/comments?post=10219"}],"wp:featuredmedia":[{"embeddable":true,"href":"https:\/\/petitecave.ch\/de\/wp-json\/wp\/v2\/media\/11538"}],"wp:attachment":[{"href":"https:\/\/petitecave.ch\/de\/wp-json\/wp\/v2\/media?parent=10219"}],"wp:term":[{"taxonomy":"product_cat","embeddable":true,"href":"https:\/\/petitecave.ch\/de\/wp-json\/wp\/v2\/product_cat?post=10219"},{"taxonomy":"product_tag","embeddable":true,"href":"https:\/\/petitecave.ch\/de\/wp-json\/wp\/v2\/product_tag?post=10219"}],"curies":[{"name":"wp","href":"https:\/\/api.w.org\/{rel}","templated":true}]}}