{"id":10207,"date":"2025-10-28T10:54:56","date_gmt":"2025-10-28T10:54:56","guid":{"rendered":""},"modified":"2026-02-20T16:23:10","modified_gmt":"2026-02-20T15:23:10","slug":"liqueur-de-menthe-verte-morand-1l","status":"publish","type":"product","link":"https:\/\/petitecave.ch\/de\/product\/liqueur-de-menthe-verte-morand-1l\/","title":{"rendered":"Liqueur de Menthe Verte &#8211; Morand 100cl"},"content":{"rendered":"<p>Se d\u00e9guste id\u00e9alement en ap\u00e9ritif, frais, sur glace, et additionn\u00e9 d\u2019eau.<\/p><\/p>","protected":false},"excerpt":{"rendered":"<p><strong>Liqueur de Menthe Verte &#8211; Distillerie Morand &#8211; Martigny\u00a0<\/strong><\/p>\n<p><strong><\/strong><\/p>\n<p><i>Liqueur de plantes \u00e0 base de menthe. Nez typique et vif de la menthe \u00abglaciale\u00bb. Go\u00fbt rond, herbac\u00e9 et tr\u00e8s complexe. La douceur apporte longueur en bouche et r\u00e9manence.<\/i><\/p>","protected":false},"featured_media":11526,"comment_status":"open","ping_status":"open","template":"","meta":[],"product_cat":[269],"product_tag":[],"class_list":{"0":"post-10207","1":"product","2":"type-product","3":"status-publish","4":"has-post-thumbnail","6":"product_cat-liqueurs","7":"pa_country-suisse","8":"_wholesalex wsx-wholesalex-product","10":"first","11":"instock","12":"taxable","13":"shipping-taxable","14":"purchasable","15":"product-type-simple"},"_links":{"self":[{"href":"https:\/\/petitecave.ch\/de\/wp-json\/wp\/v2\/product\/10207","targetHints":{"allow":["GET"]}}],"collection":[{"href":"https:\/\/petitecave.ch\/de\/wp-json\/wp\/v2\/product"}],"about":[{"href":"https:\/\/petitecave.ch\/de\/wp-json\/wp\/v2\/types\/product"}],"replies":[{"embeddable":true,"href":"https:\/\/petitecave.ch\/de\/wp-json\/wp\/v2\/comments?post=10207"}],"wp:featuredmedia":[{"embeddable":true,"href":"https:\/\/petitecave.ch\/de\/wp-json\/wp\/v2\/media\/11526"}],"wp:attachment":[{"href":"https:\/\/petitecave.ch\/de\/wp-json\/wp\/v2\/media?parent=10207"}],"wp:term":[{"taxonomy":"product_cat","embeddable":true,"href":"https:\/\/petitecave.ch\/de\/wp-json\/wp\/v2\/product_cat?post=10207"},{"taxonomy":"product_tag","embeddable":true,"href":"https:\/\/petitecave.ch\/de\/wp-json\/wp\/v2\/product_tag?post=10207"}],"curies":[{"name":"wp","href":"https:\/\/api.w.org\/{rel}","templated":true}]}}