{"id":10205,"date":"2026-04-01T11:54:54","date_gmt":"2026-04-01T09:54:54","guid":{"rendered":""},"modified":"2026-04-01T14:51:15","modified_gmt":"2026-04-01T12:51:15","slug":"gamay-coqueret-provins-75cl","status":"publish","type":"product","link":"https:\/\/petitecave.ch\/de\/product\/gamay-coqueret-provins-75cl\/","title":{"rendered":"Gamay Coqueret &#8211; Provins 75cl"},"content":{"rendered":"<p data-start=\"160\" data-end=\"346\"><span style=\"color: #000000;\">Red\u00e9couvre le plaisir d\u2019un rouge accessible et croquant, une cuv\u00e9e qui met en avant toute la convivialit\u00e9 et la fra\u00eecheur de ce c\u00e9page embl\u00e9matique.<\/span><\/p>\n<p data-start=\"348\" data-end=\"603\"><span style=\"color: #000000;\">Au <strong>nez<\/strong>, il s\u2019ouvre sur des <strong>ar\u00f4mes g\u00e9n\u00e9reux de fruits rouges frais<\/strong> \u2013 cerise, framboise \u2013 accompagn\u00e9s d\u2019une <strong>l\u00e9g\u00e8re touche \u00e9pic\u00e9e<\/strong>. En <strong>bouche<\/strong>, c\u2019est un vrai vin de plaisir : <strong>souple<\/strong>, <strong>fruit\u00e9<\/strong>, avec des <strong>tanins fins<\/strong> et une <strong>belle vivacit\u00e9<\/strong> qui le rend ultra digeste.<\/span><\/p>\n<p data-start=\"348\" data-end=\"603\"><span style=\"color: #000000;\"><strong>Accords mets &amp; vins<br \/>\n<\/strong>Id\u00e9al avec une planche ap\u00e9ro, des grillades, une viande blanche ou m\u00eame une raclette pour changer des blancs.<\/span><strong><br \/>\n<\/strong><\/p>\n<p><span style=\"color: #000000;\"><b>Potentiel de garde<br \/>\n<\/b>3 ans\u00a0<\/span><\/p>","protected":false},"excerpt":{"rendered":"<p><span style=\"color: #000000;\"><b>AOC Valais<\/b><\/span><\/p>","protected":false},"featured_media":19098,"comment_status":"open","ping_status":"closed","template":"","meta":[],"product_cat":[369,253,318],"product_tag":[],"class_list":{"0":"post-10205","1":"product","2":"type-product","3":"status-publish","4":"has-post-thumbnail","6":"product_cat-rouge","7":"product_cat-vins","8":"product_cat-vins-du-mois","9":"pa_color-rouge","10":"pa_country-suisse","11":"pa_volume-75-cl","12":"_wholesalex wsx-wholesalex-product","14":"first","15":"instock","16":"sale","17":"taxable","18":"shipping-taxable","19":"purchasable","20":"product-type-simple"},"_links":{"self":[{"href":"https:\/\/petitecave.ch\/de\/wp-json\/wp\/v2\/product\/10205","targetHints":{"allow":["GET"]}}],"collection":[{"href":"https:\/\/petitecave.ch\/de\/wp-json\/wp\/v2\/product"}],"about":[{"href":"https:\/\/petitecave.ch\/de\/wp-json\/wp\/v2\/types\/product"}],"replies":[{"embeddable":true,"href":"https:\/\/petitecave.ch\/de\/wp-json\/wp\/v2\/comments?post=10205"}],"wp:featuredmedia":[{"embeddable":true,"href":"https:\/\/petitecave.ch\/de\/wp-json\/wp\/v2\/media\/19098"}],"wp:attachment":[{"href":"https:\/\/petitecave.ch\/de\/wp-json\/wp\/v2\/media?parent=10205"}],"wp:term":[{"taxonomy":"product_cat","embeddable":true,"href":"https:\/\/petitecave.ch\/de\/wp-json\/wp\/v2\/product_cat?post=10205"},{"taxonomy":"product_tag","embeddable":true,"href":"https:\/\/petitecave.ch\/de\/wp-json\/wp\/v2\/product_tag?post=10205"}],"curies":[{"name":"wp","href":"https:\/\/api.w.org\/{rel}","templated":true}]}}