{"id":10183,"date":"2025-10-28T10:54:34","date_gmt":"2025-10-28T10:54:34","guid":{"rendered":""},"modified":"2026-04-07T14:46:18","modified_gmt":"2026-04-07T12:46:18","slug":"p-pite-dr-gab-s-4x50cl","status":"publish","type":"product","link":"https:\/\/petitecave.ch\/de\/product\/p-pite-dr-gab-s-4x50cl\/","title":{"rendered":"P\u00e9pite &#8211; Dr Gab&rsquo;s 4x50cl"},"content":{"rendered":"<p><strong>Visuel :<\/strong> Robe blonde dor\u00e9e avec une belle mousse blanche<\/p>\n<p><strong>Nez :<\/strong> Notes herbac\u00e9es et fruit\u00e9es<\/p>\n<p><strong>Go\u00fbt :\u00a0<\/strong>Un corps moelleux et \u00e9quilibr\u00e9 avec une agr\u00e9able amertume\u00a0<\/p>","protected":false},"excerpt":{"rendered":"<p><strong>P\u00e9pite &#8211; Brassere Dr Gab&rsquo;s &#8211; Puidoux\u00a0<\/strong><\/p>\n<\/p>\n<p><i>La P\u00e9pite est une bi\u00e8re blonde dor\u00e9e de haute fermentation. L\u00e9g\u00e8re en alcool, elle poss\u00e8de pourtant un corps moelleux et \u00e9quilibr\u00e9. Un houblonnage g\u00e9n\u00e9reux apporte une agr\u00e9able amertume ainsi qu\u2019un parfum herbac\u00e9 et fruit\u00e9. Id\u00e9ale en ap\u00e9ritif ou pour se rafra\u00eechir en soir\u00e9e, la P\u00e9pite est v\u00e9ritablement une bi\u00e8re \u00ab de tous les jours \u00bb, ou presque!<\/i><\/p>","protected":false},"featured_media":11501,"comment_status":"open","ping_status":"open","template":"","meta":[],"product_cat":[250],"product_tag":[],"class_list":{"0":"post-10183","1":"product","2":"type-product","3":"status-publish","4":"has-post-thumbnail","6":"product_cat-bieres","7":"pa_categorie-bieres-blondes","8":"pa_color-blonde","9":"pa_country-suisse","10":"pa_style-pale-ale","11":"pa_type-biere-artisanale","12":"_wholesalex wsx-wholesalex-product","14":"first","15":"instock","16":"taxable","17":"shipping-taxable","18":"purchasable","19":"product-type-simple"},"_links":{"self":[{"href":"https:\/\/petitecave.ch\/de\/wp-json\/wp\/v2\/product\/10183","targetHints":{"allow":["GET"]}}],"collection":[{"href":"https:\/\/petitecave.ch\/de\/wp-json\/wp\/v2\/product"}],"about":[{"href":"https:\/\/petitecave.ch\/de\/wp-json\/wp\/v2\/types\/product"}],"replies":[{"embeddable":true,"href":"https:\/\/petitecave.ch\/de\/wp-json\/wp\/v2\/comments?post=10183"}],"wp:featuredmedia":[{"embeddable":true,"href":"https:\/\/petitecave.ch\/de\/wp-json\/wp\/v2\/media\/11501"}],"wp:attachment":[{"href":"https:\/\/petitecave.ch\/de\/wp-json\/wp\/v2\/media?parent=10183"}],"wp:term":[{"taxonomy":"product_cat","embeddable":true,"href":"https:\/\/petitecave.ch\/de\/wp-json\/wp\/v2\/product_cat?post=10183"},{"taxonomy":"product_tag","embeddable":true,"href":"https:\/\/petitecave.ch\/de\/wp-json\/wp\/v2\/product_tag?post=10183"}],"curies":[{"name":"wp","href":"https:\/\/api.w.org\/{rel}","templated":true}]}}