{"id":10182,"date":"2026-02-24T10:54:33","date_gmt":"2026-02-24T09:54:33","guid":{"rendered":"https:\/\/petitecave.ch\/product\/abricot-morand-70cl\/"},"modified":"2026-04-07T15:31:46","modified_gmt":"2026-04-07T13:31:46","slug":"abricot-morand-70cl","status":"publish","type":"product","link":"https:\/\/petitecave.ch\/de\/product\/abricot-morand-70cl\/","title":{"rendered":"Abricot &#8211; Morand 70cl"},"content":{"rendered":"<p><span style=\"color: #000000;\"><i>Eau-de-vie d\u2019abricots provenant de Suisse et d\u2019Europe (UE), au nez typique et au go\u00fbt ample, complexe, long en bouche et bien \u00e9quilibr\u00e9.<\/i><\/span><\/p>","protected":false},"excerpt":{"rendered":"<p><span style=\"color: #000000;\">Se d\u00e9guste id\u00e9alement en digestif, \u00e0 temp\u00e9rature ambiante, fra\u00eeche voire frapp\u00e9e, selon les go\u00fbts.<\/span><\/p>\n<p><span style=\"color: #000000;\">Se marie tr\u00e8s bien en long drink avec du Tonic ou du jus d\u2019abricot. En dessert sur un sorbet abricot, sur une boule de glace vanille ou pour souligner un nappage au chocolat. Comme ingr\u00e9dient pour divers cocktails.<\/span><\/p>\n<p>&nbsp;<\/p>","protected":false},"featured_media":18931,"comment_status":"open","ping_status":"closed","template":"","meta":[],"product_cat":[270],"product_tag":[],"class_list":{"0":"post-10182","1":"product","2":"type-product","3":"status-publish","4":"has-post-thumbnail","6":"product_cat-eau-de-vie","7":"pa_categorie-609-eau-de-vie","8":"pa_country-suisse","9":"pa_volume-70-cl","10":"_wholesalex wsx-wholesalex-product","12":"first","13":"instock","14":"taxable","15":"shipping-taxable","16":"purchasable","17":"product-type-simple"},"yoast_head":"<!-- This site is optimized with the Yoast SEO plugin v27.4 - https:\/\/yoast.com\/product\/yoast-seo-wordpress\/ -->\n<title>Abricot - Morand 70cl - La Petite Cave du Chablais<\/title>\n<meta name=\"robots\" content=\"index, follow, max-snippet:-1, max-image-preview:large, max-video-preview:-1\" \/>\n<link rel=\"canonical\" href=\"https:\/\/petitecave.ch\/de\/product\/abricot-morand-70cl\/\" \/>\n<meta property=\"og:locale\" content=\"de_DE\" \/>\n<meta property=\"og:type\" content=\"article\" \/>\n<meta property=\"og:title\" content=\"Abricot - Morand 70cl - La Petite Cave du Chablais\" \/>\n<meta property=\"og:description\" content=\"Se d\u00e9guste id\u00e9alement en digestif, \u00e0 temp\u00e9rature ambiante, fra\u00eeche voire frapp\u00e9e, selon les go\u00fbts.  Se marie tr\u00e8s bien en long drink avec du Tonic ou du jus d\u2019abricot. En dessert sur un sorbet abricot, sur une boule de glace vanille ou pour souligner un nappage au chocolat. Comme ingr\u00e9dient pour divers cocktails.  &nbsp;\" \/>\n<meta property=\"og:url\" content=\"https:\/\/petitecave.ch\/de\/product\/abricot-morand-70cl\/\" \/>\n<meta property=\"og:site_name\" content=\"La Petite Cave du Chablais\" \/>\n<meta property=\"article:publisher\" content=\"https:\/\/www.facebook.com\/LaPetiteCaveDuChablais\" \/>\n<meta property=\"article:modified_time\" content=\"2026-04-07T13:31:46+00:00\" \/>\n<meta property=\"og:image\" content=\"https:\/\/petitecave.ch\/wp-content\/uploads\/2025\/10\/Abricot-Morand-70cl.png\" \/>\n\t<meta property=\"og:image:width\" content=\"1000\" \/>\n\t<meta property=\"og:image:height\" content=\"1000\" \/>\n\t<meta property=\"og:image:type\" content=\"image\/png\" \/>\n<meta name=\"twitter:card\" content=\"summary_large_image\" \/>\n<script type=\"application\/ld+json\" class=\"yoast-schema-graph\">{\"@context\":\"https:\\\/\\\/schema.org\",\"@graph\":[{\"@type\":\"WebPage\",\"@id\":\"https:\\\/\\\/petitecave.ch\\\/product\\\/abricot-morand-70cl\\\/\",\"url\":\"https:\\\/\\\/petitecave.ch\\\/product\\\/abricot-morand-70cl\\\/\",\"name\":\"Abricot - Morand 70cl - La Petite Cave du Chablais\",\"isPartOf\":{\"@id\":\"https:\\\/\\\/petitecave.ch\\\/#website\"},\"primaryImageOfPage\":{\"@id\":\"https:\\\/\\\/petitecave.ch\\\/product\\\/abricot-morand-70cl\\\/#primaryimage\"},\"image\":{\"@id\":\"https:\\\/\\\/petitecave.ch\\\/product\\\/abricot-morand-70cl\\\/#primaryimage\"},\"thumbnailUrl\":\"https:\\\/\\\/petitecave.ch\\\/wp-content\\\/uploads\\\/2025\\\/10\\\/Abricot-Morand-70cl.png\",\"datePublished\":\"2026-02-24T09:54:33+00:00\",\"dateModified\":\"2026-04-07T13:31:46+00:00\",\"breadcrumb\":{\"@id\":\"https:\\\/\\\/petitecave.ch\\\/product\\\/abricot-morand-70cl\\\/#breadcrumb\"},\"inLanguage\":\"de-CH\",\"potentialAction\":[{\"@type\":\"ReadAction\",\"target\":[\"https:\\\/\\\/petitecave.ch\\\/product\\\/abricot-morand-70cl\\\/\"]}]},{\"@type\":\"ImageObject\",\"inLanguage\":\"de-CH\",\"@id\":\"https:\\\/\\\/petitecave.ch\\\/product\\\/abricot-morand-70cl\\\/#primaryimage\",\"url\":\"https:\\\/\\\/petitecave.ch\\\/wp-content\\\/uploads\\\/2025\\\/10\\\/Abricot-Morand-70cl.png\",\"contentUrl\":\"https:\\\/\\\/petitecave.ch\\\/wp-content\\\/uploads\\\/2025\\\/10\\\/Abricot-Morand-70cl.png\",\"width\":1000,\"height\":1000},{\"@type\":\"BreadcrumbList\",\"@id\":\"https:\\\/\\\/petitecave.ch\\\/product\\\/abricot-morand-70cl\\\/#breadcrumb\",\"itemListElement\":[{\"@type\":\"ListItem\",\"position\":1,\"name\":\"Accueil\",\"item\":\"https:\\\/\\\/petitecave.ch\\\/\"},{\"@type\":\"ListItem\",\"position\":2,\"name\":\"Produits\",\"item\":\"https:\\\/\\\/petitecave.ch\\\/shop\\\/\"},{\"@type\":\"ListItem\",\"position\":3,\"name\":\"Abricot &#8211; Morand 70cl\"}]},{\"@type\":\"WebSite\",\"@id\":\"https:\\\/\\\/petitecave.ch\\\/#website\",\"url\":\"https:\\\/\\\/petitecave.ch\\\/\",\"name\":\"La Petite Cave du Chablais\",\"description\":\"Vins, bi\u00e8res et spiritueux en ligne !\",\"publisher\":{\"@id\":\"https:\\\/\\\/petitecave.ch\\\/#organization\"},\"potentialAction\":[{\"@type\":\"SearchAction\",\"target\":{\"@type\":\"EntryPoint\",\"urlTemplate\":\"https:\\\/\\\/petitecave.ch\\\/?s={search_term_string}\"},\"query-input\":{\"@type\":\"PropertyValueSpecification\",\"valueRequired\":true,\"valueName\":\"search_term_string\"}}],\"inLanguage\":\"de-CH\"},{\"@type\":\"Organization\",\"@id\":\"https:\\\/\\\/petitecave.ch\\\/#organization\",\"name\":\"La Petite Cave du Chablais S\u00e0rl\",\"url\":\"https:\\\/\\\/petitecave.ch\\\/\",\"logo\":{\"@type\":\"ImageObject\",\"inLanguage\":\"de-CH\",\"@id\":\"https:\\\/\\\/petitecave.ch\\\/#\\\/schema\\\/logo\\\/image\\\/\",\"url\":\"https:\\\/\\\/petitecave.ch\\\/wp-content\\\/uploads\\\/2025\\\/10\\\/petitecavelogo-removebg-preview.png\",\"contentUrl\":\"https:\\\/\\\/petitecave.ch\\\/wp-content\\\/uploads\\\/2025\\\/10\\\/petitecavelogo-removebg-preview.png\",\"width\":800,\"height\":200,\"caption\":\"La Petite Cave du Chablais S\u00e0rl\"},\"image\":{\"@id\":\"https:\\\/\\\/petitecave.ch\\\/#\\\/schema\\\/logo\\\/image\\\/\"},\"sameAs\":[\"https:\\\/\\\/www.facebook.com\\\/LaPetiteCaveDuChablais\",\"https:\\\/\\\/www.instagram.com\\\/lapetitecaveduchablais\",\"https:\\\/\\\/www.linkedin.com\\\/company\\\/la-petite-cave-du-chablais\"]}]}<\/script>\n<!-- \/ Yoast SEO plugin. -->","yoast_head_json":{"title":"Abricot - Morand 70cl - La Petite Cave du Chablais","robots":{"index":"index","follow":"follow","max-snippet":"max-snippet:-1","max-image-preview":"max-image-preview:large","max-video-preview":"max-video-preview:-1"},"canonical":"https:\/\/petitecave.ch\/de\/product\/abricot-morand-70cl\/","og_locale":"de_DE","og_type":"article","og_title":"Abricot - Morand 70cl - La Petite Cave du Chablais","og_description":"Se d\u00e9guste id\u00e9alement en digestif, \u00e0 temp\u00e9rature ambiante, fra\u00eeche voire frapp\u00e9e, selon les go\u00fbts.  Se marie tr\u00e8s bien en long drink avec du Tonic ou du jus d\u2019abricot. En dessert sur un sorbet abricot, sur une boule de glace vanille ou pour souligner un nappage au chocolat. Comme ingr\u00e9dient pour divers cocktails.  &nbsp;","og_url":"https:\/\/petitecave.ch\/de\/product\/abricot-morand-70cl\/","og_site_name":"La Petite Cave du Chablais","article_publisher":"https:\/\/www.facebook.com\/LaPetiteCaveDuChablais","article_modified_time":"2026-04-07T13:31:46+00:00","og_image":[{"width":1000,"height":1000,"url":"https:\/\/petitecave.ch\/wp-content\/uploads\/2025\/10\/Abricot-Morand-70cl.png","type":"image\/png"}],"twitter_card":"summary_large_image","schema":{"@context":"https:\/\/schema.org","@graph":[{"@type":"WebPage","@id":"https:\/\/petitecave.ch\/product\/abricot-morand-70cl\/","url":"https:\/\/petitecave.ch\/product\/abricot-morand-70cl\/","name":"Abricot - Morand 70cl - La Petite Cave du Chablais","isPartOf":{"@id":"https:\/\/petitecave.ch\/#website"},"primaryImageOfPage":{"@id":"https:\/\/petitecave.ch\/product\/abricot-morand-70cl\/#primaryimage"},"image":{"@id":"https:\/\/petitecave.ch\/product\/abricot-morand-70cl\/#primaryimage"},"thumbnailUrl":"https:\/\/petitecave.ch\/wp-content\/uploads\/2025\/10\/Abricot-Morand-70cl.png","datePublished":"2026-02-24T09:54:33+00:00","dateModified":"2026-04-07T13:31:46+00:00","breadcrumb":{"@id":"https:\/\/petitecave.ch\/product\/abricot-morand-70cl\/#breadcrumb"},"inLanguage":"de-CH","potentialAction":[{"@type":"ReadAction","target":["https:\/\/petitecave.ch\/product\/abricot-morand-70cl\/"]}]},{"@type":"ImageObject","inLanguage":"de-CH","@id":"https:\/\/petitecave.ch\/product\/abricot-morand-70cl\/#primaryimage","url":"https:\/\/petitecave.ch\/wp-content\/uploads\/2025\/10\/Abricot-Morand-70cl.png","contentUrl":"https:\/\/petitecave.ch\/wp-content\/uploads\/2025\/10\/Abricot-Morand-70cl.png","width":1000,"height":1000},{"@type":"BreadcrumbList","@id":"https:\/\/petitecave.ch\/product\/abricot-morand-70cl\/#breadcrumb","itemListElement":[{"@type":"ListItem","position":1,"name":"Accueil","item":"https:\/\/petitecave.ch\/"},{"@type":"ListItem","position":2,"name":"Produits","item":"https:\/\/petitecave.ch\/shop\/"},{"@type":"ListItem","position":3,"name":"Abricot &#8211; Morand 70cl"}]},{"@type":"WebSite","@id":"https:\/\/petitecave.ch\/#website","url":"https:\/\/petitecave.ch\/","name":"La Petite Cave du Chablais","description":"Vins, bi\u00e8res et spiritueux en ligne !","publisher":{"@id":"https:\/\/petitecave.ch\/#organization"},"potentialAction":[{"@type":"SearchAction","target":{"@type":"EntryPoint","urlTemplate":"https:\/\/petitecave.ch\/?s={search_term_string}"},"query-input":{"@type":"PropertyValueSpecification","valueRequired":true,"valueName":"search_term_string"}}],"inLanguage":"de-CH"},{"@type":"Organization","@id":"https:\/\/petitecave.ch\/#organization","name":"La Petite Cave du Chablais S\u00e0rl","url":"https:\/\/petitecave.ch\/","logo":{"@type":"ImageObject","inLanguage":"de-CH","@id":"https:\/\/petitecave.ch\/#\/schema\/logo\/image\/","url":"https:\/\/petitecave.ch\/wp-content\/uploads\/2025\/10\/petitecavelogo-removebg-preview.png","contentUrl":"https:\/\/petitecave.ch\/wp-content\/uploads\/2025\/10\/petitecavelogo-removebg-preview.png","width":800,"height":200,"caption":"La Petite Cave du Chablais S\u00e0rl"},"image":{"@id":"https:\/\/petitecave.ch\/#\/schema\/logo\/image\/"},"sameAs":["https:\/\/www.facebook.com\/LaPetiteCaveDuChablais","https:\/\/www.instagram.com\/lapetitecaveduchablais","https:\/\/www.linkedin.com\/company\/la-petite-cave-du-chablais"]}]}},"_links":{"self":[{"href":"https:\/\/petitecave.ch\/de\/wp-json\/wp\/v2\/product\/10182","targetHints":{"allow":["GET"]}}],"collection":[{"href":"https:\/\/petitecave.ch\/de\/wp-json\/wp\/v2\/product"}],"about":[{"href":"https:\/\/petitecave.ch\/de\/wp-json\/wp\/v2\/types\/product"}],"replies":[{"embeddable":true,"href":"https:\/\/petitecave.ch\/de\/wp-json\/wp\/v2\/comments?post=10182"}],"wp:featuredmedia":[{"embeddable":true,"href":"https:\/\/petitecave.ch\/de\/wp-json\/wp\/v2\/media\/18931"}],"wp:attachment":[{"href":"https:\/\/petitecave.ch\/de\/wp-json\/wp\/v2\/media?parent=10182"}],"wp:term":[{"taxonomy":"product_cat","embeddable":true,"href":"https:\/\/petitecave.ch\/de\/wp-json\/wp\/v2\/product_cat?post=10182"},{"taxonomy":"product_tag","embeddable":true,"href":"https:\/\/petitecave.ch\/de\/wp-json\/wp\/v2\/product_tag?post=10182"}],"curies":[{"name":"wp","href":"https:\/\/api.w.org\/{rel}","templated":true}]}}