{"id":10181,"date":"2025-10-28T10:54:32","date_gmt":"2025-10-28T10:54:32","guid":{"rendered":""},"modified":"2026-02-20T17:56:25","modified_gmt":"2026-02-20T16:56:25","slug":"whisky-the-arran-10-ans-70cl","status":"publish","type":"product","link":"https:\/\/petitecave.ch\/de\/product\/whisky-the-arran-10-ans-70cl\/","title":{"rendered":"Whisky The Arran 10 ans 70cl"},"content":{"rendered":"<p>Nez : D&rsquo;abord vanill\u00e9, puis avec des fruits exotiques et une pointe de cacao<\/p>\n<p>Bouche : Ar\u00f4mes d&rsquo;agrumes avec une touche de cannelle, ainsi que des notes subtiles de ch\u00eane en arri\u00e8re-plan<\/p>","protected":false},"excerpt":{"rendered":"<p><strong>The Arran 10 ans &#8211; The Arran Distillery &#8211; Ile d&rsquo;Arran<\/strong><\/p>\n<p><strong><\/strong><\/p>\n<p>\u00a0<i>L&rsquo;\u00eele d&rsquo;Arran est situ\u00e9e dans une grande baie entre Campbeltown et la r\u00e9gion de Glasgow. Une seule route fait le tour de l&rsquo;\u00eele, parsem\u00e9e de rochers, de champs et de landes. Depuis 1995, les distilleries de l&rsquo;\u00eele d&rsquo;Arran se trouvent \u00e0 l&rsquo;extr\u00eame nord de Lochranza, lesquelles, comme beaucoup de leurs concurrents, pr\u00e9tendent avoir l&rsquo;eau la plus pure d&rsquo;Ecosse. Par ailleurs, seules la levure et l&rsquo;orge (des vari\u00e9t\u00e9s Optic et Oxbridge) sont utilis\u00e9es dans les grandes cuves de fermentation en cuivre. Leurs Single Malts sont finalement \u00e9tiquet\u00e9s \u00ab\u00a0The Arran Malt\u00a0\u00bb et donnent toutes les raisons aux insulaires d&rsquo;\u00eatre fiers de \u00ab\u00a0leur distillerie\u00a0\u00bb. Ce Single Malt de 10 ans d&rsquo;\u00e2ge est un embouteillage standard de la distillerie, lanc\u00e9 pour la premi\u00e8re fois en 2006. Il a \u00e9t\u00e9 stock\u00e9 dans d&rsquo;anciens f\u00fbts de bourbon et de sherry.<\/i><\/p>","protected":false},"featured_media":11498,"comment_status":"open","ping_status":"open","template":"","meta":[],"product_cat":[277],"product_tag":[],"class_list":{"0":"post-10181","1":"product","2":"type-product","3":"status-publish","4":"has-post-thumbnail","6":"product_cat-whisky","7":"pa_country-ecosse","8":"pa_type-single-malt","9":"pa_volume-70-cl","10":"_wholesalex wsx-wholesalex-product","12":"first","13":"instock","14":"taxable","15":"shipping-taxable","16":"purchasable","17":"product-type-simple"},"yoast_head":"<!-- This site is optimized with the Yoast SEO plugin v27.4 - https:\/\/yoast.com\/product\/yoast-seo-wordpress\/ -->\n<title>Whisky The Arran 10 ans 70cl - La Petite Cave du Chablais<\/title>\n<meta name=\"robots\" content=\"index, follow, max-snippet:-1, max-image-preview:large, max-video-preview:-1\" \/>\n<link rel=\"canonical\" href=\"https:\/\/petitecave.ch\/de\/product\/whisky-the-arran-10-ans-70cl\/\" \/>\n<meta property=\"og:locale\" content=\"de_DE\" \/>\n<meta property=\"og:type\" content=\"article\" \/>\n<meta property=\"og:title\" content=\"Whisky The Arran 10 ans 70cl - La Petite Cave du Chablais\" \/>\n<meta property=\"og:description\" content=\"The Arran 10 ans - The Arran Distillery - Ile d&#039;Arran \u00a0L&#039;\u00eele d&#039;Arran est situ\u00e9e dans une grande baie entre Campbeltown et la r\u00e9gion de Glasgow. Une seule route fait le tour de l&#039;\u00eele, parsem\u00e9e de rochers, de champs et de landes. Depuis 1995, les distilleries de l&#039;\u00eele d&#039;Arran se trouvent \u00e0 l&#039;extr\u00eame nord de Lochranza, lesquelles, comme beaucoup de leurs concurrents, pr\u00e9tendent avoir l&#039;eau la plus pure d&#039;Ecosse. Par ailleurs, seules la levure et l&#039;orge (des vari\u00e9t\u00e9s Optic et Oxbridge) sont utilis\u00e9es dans les grandes cuves de fermentation en cuivre. Leurs Single Malts sont finalement \u00e9tiquet\u00e9s &quot;The Arran Malt&quot; et donnent toutes les raisons aux insulaires d&#039;\u00eatre fiers de &quot;leur distillerie&quot;. Ce Single Malt de 10 ans d&#039;\u00e2ge est un embouteillage standard de la distillerie, lanc\u00e9 pour la premi\u00e8re fois en 2006. Il a \u00e9t\u00e9 stock\u00e9 dans d&#039;anciens f\u00fbts de bourbon et de sherry.\" \/>\n<meta property=\"og:url\" content=\"https:\/\/petitecave.ch\/de\/product\/whisky-the-arran-10-ans-70cl\/\" \/>\n<meta property=\"og:site_name\" content=\"La Petite Cave du Chablais\" \/>\n<meta property=\"article:publisher\" content=\"https:\/\/www.facebook.com\/LaPetiteCaveDuChablais\" \/>\n<meta property=\"article:modified_time\" content=\"2026-02-20T16:56:25+00:00\" \/>\n<meta property=\"og:image\" content=\"https:\/\/petitecave.ch\/wp-content\/uploads\/2025\/10\/10181_3336_cover-2.jpg\" \/>\n\t<meta property=\"og:image:width\" content=\"600\" \/>\n\t<meta property=\"og:image:height\" content=\"600\" \/>\n\t<meta property=\"og:image:type\" content=\"image\/jpeg\" \/>\n<meta name=\"twitter:card\" content=\"summary_large_image\" \/>\n<script type=\"application\/ld+json\" class=\"yoast-schema-graph\">{\"@context\":\"https:\\\/\\\/schema.org\",\"@graph\":[{\"@type\":\"WebPage\",\"@id\":\"https:\\\/\\\/petitecave.ch\\\/product\\\/whisky-the-arran-10-ans-70cl\\\/\",\"url\":\"https:\\\/\\\/petitecave.ch\\\/product\\\/whisky-the-arran-10-ans-70cl\\\/\",\"name\":\"Whisky The Arran 10 ans 70cl - La Petite Cave du Chablais\",\"isPartOf\":{\"@id\":\"https:\\\/\\\/petitecave.ch\\\/#website\"},\"primaryImageOfPage\":{\"@id\":\"https:\\\/\\\/petitecave.ch\\\/product\\\/whisky-the-arran-10-ans-70cl\\\/#primaryimage\"},\"image\":{\"@id\":\"https:\\\/\\\/petitecave.ch\\\/product\\\/whisky-the-arran-10-ans-70cl\\\/#primaryimage\"},\"thumbnailUrl\":\"https:\\\/\\\/petitecave.ch\\\/wp-content\\\/uploads\\\/2025\\\/10\\\/10181_3336_cover-2.jpg\",\"datePublished\":\"2025-10-28T10:54:32+00:00\",\"dateModified\":\"2026-02-20T16:56:25+00:00\",\"breadcrumb\":{\"@id\":\"https:\\\/\\\/petitecave.ch\\\/product\\\/whisky-the-arran-10-ans-70cl\\\/#breadcrumb\"},\"inLanguage\":\"de-CH\",\"potentialAction\":[{\"@type\":\"ReadAction\",\"target\":[\"https:\\\/\\\/petitecave.ch\\\/product\\\/whisky-the-arran-10-ans-70cl\\\/\"]}]},{\"@type\":\"ImageObject\",\"inLanguage\":\"de-CH\",\"@id\":\"https:\\\/\\\/petitecave.ch\\\/product\\\/whisky-the-arran-10-ans-70cl\\\/#primaryimage\",\"url\":\"https:\\\/\\\/petitecave.ch\\\/wp-content\\\/uploads\\\/2025\\\/10\\\/10181_3336_cover-2.jpg\",\"contentUrl\":\"https:\\\/\\\/petitecave.ch\\\/wp-content\\\/uploads\\\/2025\\\/10\\\/10181_3336_cover-2.jpg\",\"width\":600,\"height\":600},{\"@type\":\"BreadcrumbList\",\"@id\":\"https:\\\/\\\/petitecave.ch\\\/product\\\/whisky-the-arran-10-ans-70cl\\\/#breadcrumb\",\"itemListElement\":[{\"@type\":\"ListItem\",\"position\":1,\"name\":\"Accueil\",\"item\":\"https:\\\/\\\/petitecave.ch\\\/\"},{\"@type\":\"ListItem\",\"position\":2,\"name\":\"Produits\",\"item\":\"https:\\\/\\\/petitecave.ch\\\/shop\\\/\"},{\"@type\":\"ListItem\",\"position\":3,\"name\":\"Whisky The Arran 10 ans 70cl\"}]},{\"@type\":\"WebSite\",\"@id\":\"https:\\\/\\\/petitecave.ch\\\/#website\",\"url\":\"https:\\\/\\\/petitecave.ch\\\/\",\"name\":\"La Petite Cave du Chablais\",\"description\":\"Vins, bi\u00e8res et spiritueux en ligne !\",\"publisher\":{\"@id\":\"https:\\\/\\\/petitecave.ch\\\/#organization\"},\"potentialAction\":[{\"@type\":\"SearchAction\",\"target\":{\"@type\":\"EntryPoint\",\"urlTemplate\":\"https:\\\/\\\/petitecave.ch\\\/?s={search_term_string}\"},\"query-input\":{\"@type\":\"PropertyValueSpecification\",\"valueRequired\":true,\"valueName\":\"search_term_string\"}}],\"inLanguage\":\"de-CH\"},{\"@type\":\"Organization\",\"@id\":\"https:\\\/\\\/petitecave.ch\\\/#organization\",\"name\":\"La Petite Cave du Chablais S\u00e0rl\",\"url\":\"https:\\\/\\\/petitecave.ch\\\/\",\"logo\":{\"@type\":\"ImageObject\",\"inLanguage\":\"de-CH\",\"@id\":\"https:\\\/\\\/petitecave.ch\\\/#\\\/schema\\\/logo\\\/image\\\/\",\"url\":\"https:\\\/\\\/petitecave.ch\\\/wp-content\\\/uploads\\\/2025\\\/10\\\/cropped-petitecavelogo-removebg-preview.png\",\"contentUrl\":\"https:\\\/\\\/petitecave.ch\\\/wp-content\\\/uploads\\\/2025\\\/10\\\/cropped-petitecavelogo-removebg-preview.png\",\"width\":703,\"height\":121,\"caption\":\"La Petite Cave du Chablais S\u00e0rl\"},\"image\":{\"@id\":\"https:\\\/\\\/petitecave.ch\\\/#\\\/schema\\\/logo\\\/image\\\/\"},\"sameAs\":[\"https:\\\/\\\/www.facebook.com\\\/LaPetiteCaveDuChablais\",\"https:\\\/\\\/www.instagram.com\\\/lapetitecaveduchablais\",\"https:\\\/\\\/www.linkedin.com\\\/company\\\/la-petite-cave-du-chablais\"]}]}<\/script>\n<!-- \/ Yoast SEO plugin. -->","yoast_head_json":{"title":"Whisky The Arran 10 ans 70cl - La Petite Cave du Chablais","robots":{"index":"index","follow":"follow","max-snippet":"max-snippet:-1","max-image-preview":"max-image-preview:large","max-video-preview":"max-video-preview:-1"},"canonical":"https:\/\/petitecave.ch\/de\/product\/whisky-the-arran-10-ans-70cl\/","og_locale":"de_DE","og_type":"article","og_title":"Whisky The Arran 10 ans 70cl - La Petite Cave du Chablais","og_description":"The Arran 10 ans - The Arran Distillery - Ile d'Arran \u00a0L'\u00eele d'Arran est situ\u00e9e dans une grande baie entre Campbeltown et la r\u00e9gion de Glasgow. Une seule route fait le tour de l'\u00eele, parsem\u00e9e de rochers, de champs et de landes. Depuis 1995, les distilleries de l'\u00eele d'Arran se trouvent \u00e0 l'extr\u00eame nord de Lochranza, lesquelles, comme beaucoup de leurs concurrents, pr\u00e9tendent avoir l'eau la plus pure d'Ecosse. Par ailleurs, seules la levure et l'orge (des vari\u00e9t\u00e9s Optic et Oxbridge) sont utilis\u00e9es dans les grandes cuves de fermentation en cuivre. Leurs Single Malts sont finalement \u00e9tiquet\u00e9s \"The Arran Malt\" et donnent toutes les raisons aux insulaires d'\u00eatre fiers de \"leur distillerie\". Ce Single Malt de 10 ans d'\u00e2ge est un embouteillage standard de la distillerie, lanc\u00e9 pour la premi\u00e8re fois en 2006. Il a \u00e9t\u00e9 stock\u00e9 dans d'anciens f\u00fbts de bourbon et de sherry.","og_url":"https:\/\/petitecave.ch\/de\/product\/whisky-the-arran-10-ans-70cl\/","og_site_name":"La Petite Cave du Chablais","article_publisher":"https:\/\/www.facebook.com\/LaPetiteCaveDuChablais","article_modified_time":"2026-02-20T16:56:25+00:00","og_image":[{"width":600,"height":600,"url":"https:\/\/petitecave.ch\/wp-content\/uploads\/2025\/10\/10181_3336_cover-2.jpg","type":"image\/jpeg"}],"twitter_card":"summary_large_image","schema":{"@context":"https:\/\/schema.org","@graph":[{"@type":"WebPage","@id":"https:\/\/petitecave.ch\/product\/whisky-the-arran-10-ans-70cl\/","url":"https:\/\/petitecave.ch\/product\/whisky-the-arran-10-ans-70cl\/","name":"Whisky The Arran 10 ans 70cl - La Petite Cave du Chablais","isPartOf":{"@id":"https:\/\/petitecave.ch\/#website"},"primaryImageOfPage":{"@id":"https:\/\/petitecave.ch\/product\/whisky-the-arran-10-ans-70cl\/#primaryimage"},"image":{"@id":"https:\/\/petitecave.ch\/product\/whisky-the-arran-10-ans-70cl\/#primaryimage"},"thumbnailUrl":"https:\/\/petitecave.ch\/wp-content\/uploads\/2025\/10\/10181_3336_cover-2.jpg","datePublished":"2025-10-28T10:54:32+00:00","dateModified":"2026-02-20T16:56:25+00:00","breadcrumb":{"@id":"https:\/\/petitecave.ch\/product\/whisky-the-arran-10-ans-70cl\/#breadcrumb"},"inLanguage":"de-CH","potentialAction":[{"@type":"ReadAction","target":["https:\/\/petitecave.ch\/product\/whisky-the-arran-10-ans-70cl\/"]}]},{"@type":"ImageObject","inLanguage":"de-CH","@id":"https:\/\/petitecave.ch\/product\/whisky-the-arran-10-ans-70cl\/#primaryimage","url":"https:\/\/petitecave.ch\/wp-content\/uploads\/2025\/10\/10181_3336_cover-2.jpg","contentUrl":"https:\/\/petitecave.ch\/wp-content\/uploads\/2025\/10\/10181_3336_cover-2.jpg","width":600,"height":600},{"@type":"BreadcrumbList","@id":"https:\/\/petitecave.ch\/product\/whisky-the-arran-10-ans-70cl\/#breadcrumb","itemListElement":[{"@type":"ListItem","position":1,"name":"Accueil","item":"https:\/\/petitecave.ch\/"},{"@type":"ListItem","position":2,"name":"Produits","item":"https:\/\/petitecave.ch\/shop\/"},{"@type":"ListItem","position":3,"name":"Whisky The Arran 10 ans 70cl"}]},{"@type":"WebSite","@id":"https:\/\/petitecave.ch\/#website","url":"https:\/\/petitecave.ch\/","name":"La Petite Cave du Chablais","description":"Vins, bi\u00e8res et spiritueux en ligne !","publisher":{"@id":"https:\/\/petitecave.ch\/#organization"},"potentialAction":[{"@type":"SearchAction","target":{"@type":"EntryPoint","urlTemplate":"https:\/\/petitecave.ch\/?s={search_term_string}"},"query-input":{"@type":"PropertyValueSpecification","valueRequired":true,"valueName":"search_term_string"}}],"inLanguage":"de-CH"},{"@type":"Organization","@id":"https:\/\/petitecave.ch\/#organization","name":"La Petite Cave du Chablais S\u00e0rl","url":"https:\/\/petitecave.ch\/","logo":{"@type":"ImageObject","inLanguage":"de-CH","@id":"https:\/\/petitecave.ch\/#\/schema\/logo\/image\/","url":"https:\/\/petitecave.ch\/wp-content\/uploads\/2025\/10\/cropped-petitecavelogo-removebg-preview.png","contentUrl":"https:\/\/petitecave.ch\/wp-content\/uploads\/2025\/10\/cropped-petitecavelogo-removebg-preview.png","width":703,"height":121,"caption":"La Petite Cave du Chablais S\u00e0rl"},"image":{"@id":"https:\/\/petitecave.ch\/#\/schema\/logo\/image\/"},"sameAs":["https:\/\/www.facebook.com\/LaPetiteCaveDuChablais","https:\/\/www.instagram.com\/lapetitecaveduchablais","https:\/\/www.linkedin.com\/company\/la-petite-cave-du-chablais"]}]}},"_links":{"self":[{"href":"https:\/\/petitecave.ch\/de\/wp-json\/wp\/v2\/product\/10181","targetHints":{"allow":["GET"]}}],"collection":[{"href":"https:\/\/petitecave.ch\/de\/wp-json\/wp\/v2\/product"}],"about":[{"href":"https:\/\/petitecave.ch\/de\/wp-json\/wp\/v2\/types\/product"}],"replies":[{"embeddable":true,"href":"https:\/\/petitecave.ch\/de\/wp-json\/wp\/v2\/comments?post=10181"}],"wp:featuredmedia":[{"embeddable":true,"href":"https:\/\/petitecave.ch\/de\/wp-json\/wp\/v2\/media\/11498"}],"wp:attachment":[{"href":"https:\/\/petitecave.ch\/de\/wp-json\/wp\/v2\/media?parent=10181"}],"wp:term":[{"taxonomy":"product_cat","embeddable":true,"href":"https:\/\/petitecave.ch\/de\/wp-json\/wp\/v2\/product_cat?post=10181"},{"taxonomy":"product_tag","embeddable":true,"href":"https:\/\/petitecave.ch\/de\/wp-json\/wp\/v2\/product_tag?post=10181"}],"curies":[{"name":"wp","href":"https:\/\/api.w.org\/{rel}","templated":true}]}}