{"id":10176,"date":"2025-12-23T13:54:28","date_gmt":"2025-12-23T12:54:28","guid":{"rendered":""},"modified":"2026-02-13T12:02:16","modified_gmt":"2026-02-13T11:02:16","slug":"la-saison-bfm-33cl","status":"publish","type":"product","link":"https:\/\/petitecave.ch\/de\/product\/la-saison-bfm-33cl\/","title":{"rendered":"La Saison &#8211; BFM 33cl"},"content":{"rendered":"<p><span style=\"color: #000000;\">Singuli\u00e8rement complexe, distingu\u00e9e par le travail des levures sauvages, agr\u00e9ablement \u00e9quilibr\u00e9e entre les notes acidul\u00e9es et amers ainsi qu\u2019un fruit\u00e9 intense.<\/span><\/p>\n<p><span style=\"color: #000000;\">Le compromis id\u00e9al et surprenant entre une vaste complexit\u00e9 aromatique et une bi\u00e8re d\u00e9salt\u00e9rante, facile \u00e0 boire.<\/span><\/p>","protected":false},"excerpt":{"rendered":"<p><span style=\"color: #000000;\"><strong>Brasserie BFM &#8211; Saignel\u00e9gier<\/strong><\/span><\/p>\n<p><span style=\"color: #000000;\"><strong><br \/>\n<\/strong><\/span><span style=\"color: #000000;\">Bi\u00e8re barriqu\u00e9 aux notes fruit\u00e9es et acidul\u00e9es.<\/span><\/p>\n<p><span style=\"color: #000000;\">Assemblage historique dont la moiti\u00e9 est affin\u00e9e durant 6 mois dans des barriques ayant contenu du vin.<\/span><\/p>","protected":false},"featured_media":18429,"comment_status":"open","ping_status":"closed","template":"","meta":[],"product_cat":[250],"product_tag":[],"class_list":{"0":"post-10176","1":"product","2":"type-product","3":"status-publish","4":"has-post-thumbnail","6":"product_brand-bfm","7":"product_cat-bieres","8":"pa_categorie-2103-bieres-jura","9":"pa_color-blonde","10":"pa_country-suisse","11":"pa_style-ale","12":"pa_style-sour","13":"pa_type-biere-artisanale","14":"pa_volume-33-cl-2","15":"product_deptype-1317","16":"_wholesalex wsx-wholesalex-product","18":"first","19":"instock","20":"taxable","21":"shipping-taxable","22":"purchasable","23":"product-type-simple"},"_links":{"self":[{"href":"https:\/\/petitecave.ch\/de\/wp-json\/wp\/v2\/product\/10176","targetHints":{"allow":["GET"]}}],"collection":[{"href":"https:\/\/petitecave.ch\/de\/wp-json\/wp\/v2\/product"}],"about":[{"href":"https:\/\/petitecave.ch\/de\/wp-json\/wp\/v2\/types\/product"}],"replies":[{"embeddable":true,"href":"https:\/\/petitecave.ch\/de\/wp-json\/wp\/v2\/comments?post=10176"}],"wp:featuredmedia":[{"embeddable":true,"href":"https:\/\/petitecave.ch\/de\/wp-json\/wp\/v2\/media\/18429"}],"wp:attachment":[{"href":"https:\/\/petitecave.ch\/de\/wp-json\/wp\/v2\/media?parent=10176"}],"wp:term":[{"taxonomy":"product_cat","embeddable":true,"href":"https:\/\/petitecave.ch\/de\/wp-json\/wp\/v2\/product_cat?post=10176"},{"taxonomy":"product_tag","embeddable":true,"href":"https:\/\/petitecave.ch\/de\/wp-json\/wp\/v2\/product_tag?post=10176"}],"curies":[{"name":"wp","href":"https:\/\/api.w.org\/{rel}","templated":true}]}}