{"id":10174,"date":"2025-12-23T13:54:26","date_gmt":"2025-12-23T12:54:26","guid":{"rendered":""},"modified":"2026-02-13T12:02:52","modified_gmt":"2026-02-13T11:02:52","slug":"la-torpille-bfm-33cl","status":"publish","type":"product","link":"https:\/\/petitecave.ch\/de\/product\/la-torpille-bfm-33cl\/","title":{"rendered":"La Torpille &#8211; BFM 33cl"},"content":{"rendered":"<p><span style=\"color: #000000;\"><strong>Nez :<\/strong> Bi\u00e8re au bouquet subtil partag\u00e9 entre des notes \u00e9pic\u00e9es, caram\u00e9lis\u00e9es et fruit\u00e9es rappelant les ar\u00f4mes de vieux vins de C\u00f4te-R\u00f4tie.<\/span><\/p>\n<p><span style=\"color: #000000;\"><strong>Go\u00fbt :<\/strong> Une v\u00e9ritable petite bombe de bl\u00e9, d&rsquo;\u00e9pices, de caramel et de fruit, brass\u00e9e avec de la cannelle, des clous de girofle et de la compote de prune.<\/span><\/p>","protected":false},"excerpt":{"rendered":"<p><span style=\"color: #000000;\"><strong>Brasserie BFM &#8211; Saignel\u00e9gier\u00a0<\/strong><\/span><\/p>\n<p><span style=\"color: #000000;\"><i>Bi\u00e8re brune \u00e9pic\u00e9e et fruit\u00e9e, aux notes caram\u00e9lis\u00e9es.<\/i><\/span><\/p>","protected":false},"featured_media":18432,"comment_status":"open","ping_status":"closed","template":"","meta":[],"product_cat":[250],"product_tag":[],"class_list":{"0":"post-10174","1":"product","2":"type-product","3":"status-publish","4":"has-post-thumbnail","6":"product_brand-bfm","7":"product_cat-bieres","8":"pa_categorie-bieres-brunes","9":"pa_color-brune","10":"pa_country-suisse","11":"pa_style-brown-ale","12":"pa_type-biere-artisanale","13":"pa_volume-33-cl-2","14":"product_deptype-1317","15":"_wholesalex wsx-wholesalex-product","17":"first","18":"instock","19":"taxable","20":"shipping-taxable","21":"purchasable","22":"product-type-simple"},"_links":{"self":[{"href":"https:\/\/petitecave.ch\/de\/wp-json\/wp\/v2\/product\/10174","targetHints":{"allow":["GET"]}}],"collection":[{"href":"https:\/\/petitecave.ch\/de\/wp-json\/wp\/v2\/product"}],"about":[{"href":"https:\/\/petitecave.ch\/de\/wp-json\/wp\/v2\/types\/product"}],"replies":[{"embeddable":true,"href":"https:\/\/petitecave.ch\/de\/wp-json\/wp\/v2\/comments?post=10174"}],"wp:featuredmedia":[{"embeddable":true,"href":"https:\/\/petitecave.ch\/de\/wp-json\/wp\/v2\/media\/18432"}],"wp:attachment":[{"href":"https:\/\/petitecave.ch\/de\/wp-json\/wp\/v2\/media?parent=10174"}],"wp:term":[{"taxonomy":"product_cat","embeddable":true,"href":"https:\/\/petitecave.ch\/de\/wp-json\/wp\/v2\/product_cat?post=10174"},{"taxonomy":"product_tag","embeddable":true,"href":"https:\/\/petitecave.ch\/de\/wp-json\/wp\/v2\/product_tag?post=10174"}],"curies":[{"name":"wp","href":"https:\/\/api.w.org\/{rel}","templated":true}]}}