{"id":10172,"date":"2025-12-23T13:54:24","date_gmt":"2025-12-23T12:54:24","guid":{"rendered":""},"modified":"2026-04-07T12:54:26","modified_gmt":"2026-04-07T10:54:26","slug":"la-meule-bfm-33cl","status":"publish","type":"product","link":"https:\/\/petitecave.ch\/de\/product\/la-meule-bfm-33cl\/","title":{"rendered":"La Meule &#8211; BFM 33cl"},"content":{"rendered":"<p><span style=\"color: #000000;\"><strong>Nez :<\/strong> Notes v\u00e9g\u00e9tales et \u00e9pic\u00e9es (agrumes, foin s\u00e9ch\u00e9, gingembre).<\/span><\/p>\n<p><span style=\"color: #000000;\"><strong>Go\u00fbt :<\/strong> Puissante et \u00e9quilibr\u00e9e, avec une amertume persistante en fin de bouche.<\/span><\/p>","protected":false},"excerpt":{"rendered":"<p><span style=\"color: #000000;\"><strong>Brasserie BFM &#8211; Saignel\u00e9gier\u00a0<\/strong><\/span><\/p>\n<p><span style=\"color: #000000;\"><i>Blonde \u00e0 la sauge, franchement am\u00e8re, au bouquet subtil.<\/i><\/span><\/p>","protected":false},"featured_media":18437,"comment_status":"open","ping_status":"closed","template":"","meta":[],"product_cat":[250],"product_tag":[],"class_list":{"0":"post-10172","1":"product","2":"type-product","3":"status-publish","4":"has-post-thumbnail","6":"product_brand-bfm","7":"product_cat-bieres","8":"pa_categorie-bieres-blondes","9":"pa_color-blonde","10":"pa_country-suisse","11":"pa_style-bitter","12":"pa_type-biere-artisanale","13":"pa_volume-33-cl-2","14":"product_deptype-1317","15":"_wholesalex wsx-wholesalex-product","17":"first","18":"instock","19":"taxable","20":"shipping-taxable","21":"purchasable","22":"product-type-simple"},"_links":{"self":[{"href":"https:\/\/petitecave.ch\/de\/wp-json\/wp\/v2\/product\/10172","targetHints":{"allow":["GET"]}}],"collection":[{"href":"https:\/\/petitecave.ch\/de\/wp-json\/wp\/v2\/product"}],"about":[{"href":"https:\/\/petitecave.ch\/de\/wp-json\/wp\/v2\/types\/product"}],"replies":[{"embeddable":true,"href":"https:\/\/petitecave.ch\/de\/wp-json\/wp\/v2\/comments?post=10172"}],"wp:featuredmedia":[{"embeddable":true,"href":"https:\/\/petitecave.ch\/de\/wp-json\/wp\/v2\/media\/18437"}],"wp:attachment":[{"href":"https:\/\/petitecave.ch\/de\/wp-json\/wp\/v2\/media?parent=10172"}],"wp:term":[{"taxonomy":"product_cat","embeddable":true,"href":"https:\/\/petitecave.ch\/de\/wp-json\/wp\/v2\/product_cat?post=10172"},{"taxonomy":"product_tag","embeddable":true,"href":"https:\/\/petitecave.ch\/de\/wp-json\/wp\/v2\/product_tag?post=10172"}],"curies":[{"name":"wp","href":"https:\/\/api.w.org\/{rel}","templated":true}]}}