{"id":10169,"date":"2025-12-23T13:54:21","date_gmt":"2025-12-23T12:54:21","guid":{"rendered":""},"modified":"2026-02-13T12:01:45","modified_gmt":"2026-02-13T11:01:45","slug":"la-brouette-bfm-33cl","status":"publish","type":"product","link":"https:\/\/petitecave.ch\/de\/product\/la-brouette-bfm-33cl\/","title":{"rendered":"La Brouette &#8211; BFM 33cl"},"content":{"rendered":"<p><span style=\"color: #000000;\">Feng shui style, douce et malt\u00e9e, avec une tr\u00e8s l\u00e9g\u00e8re amertume en fin de bouche et une pointe de th\u00e9 vert.<\/span><\/p>","protected":false},"excerpt":{"rendered":"<p><span style=\"color: #000000;\"><strong>Brasserie BFM &#8211; Saignel\u00e9gier\u00a0<\/strong><\/span><\/p>\n<p><span style=\"color: #000000;\"><i>Bi\u00e8re ambr\u00e9e au th\u00e9 vert.<\/i><\/span><\/p>\n<p>&nbsp;<\/p>","protected":false},"featured_media":18443,"comment_status":"open","ping_status":"closed","template":"","meta":[],"product_cat":[250],"product_tag":[],"class_list":{"0":"post-10169","1":"product","2":"type-product","3":"status-publish","4":"has-post-thumbnail","6":"product_brand-bfm","7":"product_cat-bieres","8":"pa_categorie-bieres-ambrees","9":"pa_color-ambree","10":"pa_country-suisse","11":"pa_style-amber-ale","12":"pa_type-biere-artisanale","13":"pa_volume-33-cl-2","14":"product_deptype-1317","15":"_wholesalex wsx-wholesalex-product","17":"first","18":"instock","19":"taxable","20":"shipping-taxable","21":"purchasable","22":"product-type-simple"},"_links":{"self":[{"href":"https:\/\/petitecave.ch\/de\/wp-json\/wp\/v2\/product\/10169","targetHints":{"allow":["GET"]}}],"collection":[{"href":"https:\/\/petitecave.ch\/de\/wp-json\/wp\/v2\/product"}],"about":[{"href":"https:\/\/petitecave.ch\/de\/wp-json\/wp\/v2\/types\/product"}],"replies":[{"embeddable":true,"href":"https:\/\/petitecave.ch\/de\/wp-json\/wp\/v2\/comments?post=10169"}],"wp:featuredmedia":[{"embeddable":true,"href":"https:\/\/petitecave.ch\/de\/wp-json\/wp\/v2\/media\/18443"}],"wp:attachment":[{"href":"https:\/\/petitecave.ch\/de\/wp-json\/wp\/v2\/media?parent=10169"}],"wp:term":[{"taxonomy":"product_cat","embeddable":true,"href":"https:\/\/petitecave.ch\/de\/wp-json\/wp\/v2\/product_cat?post=10169"},{"taxonomy":"product_tag","embeddable":true,"href":"https:\/\/petitecave.ch\/de\/wp-json\/wp\/v2\/product_tag?post=10169"}],"curies":[{"name":"wp","href":"https:\/\/api.w.org\/{rel}","templated":true}]}}