{"id":10167,"date":"2026-04-07T14:54:20","date_gmt":"2026-04-07T12:54:20","guid":{"rendered":""},"modified":"2026-04-07T15:45:26","modified_gmt":"2026-04-07T13:45:26","slug":"abricot-sur-fruit-morand-70cl","status":"publish","type":"product","link":"https:\/\/petitecave.ch\/de\/product\/abricot-sur-fruit-morand-70cl\/","title":{"rendered":"Abricot SUR FRUIT &#8211; Morand 70cl"},"content":{"rendered":"<p data-start=\"155\" data-end=\"385\"><span style=\"color: #000000;\">D\u00e9couvre <strong data-start=\"164\" data-end=\"187\">l\u2019Abricot SUR FRUIT<\/strong>, une cr\u00e9ation authentique qui marie avec pr\u00e9cision <strong data-start=\"239\" data-end=\"286\">eau-de-vie et compot\u00e9e d\u2019abricots valaisans<\/strong>. Une rencontre subtile entre puissance et douceur, qui capture toute la richesse du terroir local.<\/span><\/p>\n<p data-start=\"387\" data-end=\"625\"><span style=\"color: #000000;\">Au nez, l\u2019abricot se r\u00e9v\u00e8le g\u00e9n\u00e9reux et m\u00fbr, presque confit. En bouche, c\u2019est une vraie exp\u00e9rience : la <strong data-start=\"491\" data-end=\"511\">rondeur du fruit<\/strong> enveloppe le palais, tandis que l\u2019eau-de-vie apporte une <strong data-start=\"569\" data-end=\"602\">intensit\u00e9 aromatique \u00e9l\u00e9gante<\/strong> et une belle longueur.<\/span><\/p>\n<p data-start=\"387\" data-end=\"625\"><span style=\"color: #000000;\"><strong data-start=\"813\" data-end=\"840\">Moment de d\u00e9gustation :<\/strong><\/span><br data-start=\"840\" data-end=\"843\" \/><span style=\"color: #000000;\">Parfait en fin de repas, pour accompagner un caf\u00e9 ou en digestif tout en douceur.<\/span><\/p>","protected":false},"excerpt":{"rendered":"<p><span style=\"color: #000000;\"><strong>Distillerie Morand &#8211; Martigny\u00a0<\/strong><\/span><\/p>","protected":false},"featured_media":19220,"comment_status":"open","ping_status":"closed","template":"","meta":[],"product_cat":[269],"product_tag":[],"class_list":{"0":"post-10167","1":"product","2":"type-product","3":"status-publish","4":"has-post-thumbnail","6":"product_cat-liqueurs","7":"pa_categorie-608-liqueurs","8":"pa_country-suisse","9":"pa_type-base-cocktail","10":"pa_type-digestif","11":"pa_volume-70-cl","12":"_wholesalex wsx-wholesalex-product","14":"first","15":"instock","16":"taxable","17":"shipping-taxable","18":"purchasable","19":"product-type-simple"},"_links":{"self":[{"href":"https:\/\/petitecave.ch\/de\/wp-json\/wp\/v2\/product\/10167","targetHints":{"allow":["GET"]}}],"collection":[{"href":"https:\/\/petitecave.ch\/de\/wp-json\/wp\/v2\/product"}],"about":[{"href":"https:\/\/petitecave.ch\/de\/wp-json\/wp\/v2\/types\/product"}],"replies":[{"embeddable":true,"href":"https:\/\/petitecave.ch\/de\/wp-json\/wp\/v2\/comments?post=10167"}],"wp:featuredmedia":[{"embeddable":true,"href":"https:\/\/petitecave.ch\/de\/wp-json\/wp\/v2\/media\/19220"}],"wp:attachment":[{"href":"https:\/\/petitecave.ch\/de\/wp-json\/wp\/v2\/media?parent=10167"}],"wp:term":[{"taxonomy":"product_cat","embeddable":true,"href":"https:\/\/petitecave.ch\/de\/wp-json\/wp\/v2\/product_cat?post=10167"},{"taxonomy":"product_tag","embeddable":true,"href":"https:\/\/petitecave.ch\/de\/wp-json\/wp\/v2\/product_tag?post=10167"}],"curies":[{"name":"wp","href":"https:\/\/api.w.org\/{rel}","templated":true}]}}