{"id":10163,"date":"2025-10-28T10:54:16","date_gmt":"2025-10-28T10:54:16","guid":{"rendered":""},"modified":"2026-04-07T14:47:51","modified_gmt":"2026-04-07T12:47:51","slug":"stella-artois-6l","status":"publish","type":"product","link":"https:\/\/petitecave.ch\/de\/product\/stella-artois-6l\/","title":{"rendered":"Stella Artois 6L"},"content":{"rendered":"<p><strong>Visuel :\u00a0<\/strong>Robe dor\u00e9e avec une fine mousse blanche<\/p>\n<p><strong>Nez :\u00a0<\/strong>Ar\u00f4mes malt\u00e9s<\/p>\n<p><strong>Go\u00fbt :\u00a0<\/strong>Saveurs herbac\u00e9es, malt\u00e9es et houblonn\u00e9es<\/p>","protected":false},"excerpt":{"rendered":"<p><strong>Stella Artois &#8211; Brasserie Stella Artois<\/strong><\/p>\n<\/p>\n<p><em><\/em><i>La Stella Artois est une Pils belge, brass\u00e9e \u00e0 Louvain, dans les Flandres qui entourent la ville de Bruxelles. La brasserie occupe une place importante dans la culture locale et l&rsquo;entreprise est l&rsquo;un des fleurons de la ville o\u00f9 est d&rsquo;ailleurs situ\u00e9 l&rsquo;imposant si\u00e8ge sociale D&rsquo;AB\/Inbev.<\/i><\/p>\n<p><i>Brass\u00e9e depuis 1929, la Stella Artois a su s&rsquo;imposer comme une r\u00e9f\u00e9rence hors de Belgique et particuli\u00e8rement en France o\u00f9 elle est tr\u00e8s appr\u00e9ci\u00e9e en \u00e9t\u00e9.\u00a0<\/i><\/p>\n<p><i><\/i><\/p>\n<h3><strong>Ce f\u00fbt PerfectDraft 6L est utilisable uniquement avec une\u00a0<span style=\"text-decoration:underline;\">tireuse \u00e0 bi\u00e8re PerfectDraft Philips<\/span><\/strong><\/h3>","protected":false},"featured_media":11480,"comment_status":"open","ping_status":"open","template":"","meta":[],"product_cat":[250],"product_tag":[],"class_list":{"0":"post-10163","1":"product","2":"type-product","3":"status-publish","4":"has-post-thumbnail","6":"product_cat-bieres","7":"pa_categorie-bieres-blondes","8":"pa_color-blonde","9":"pa_country-belgique","10":"pa_style-lager","11":"pa_volume-600-cl","12":"_wholesalex wsx-wholesalex-product","14":"first","15":"instock","16":"taxable","17":"shipping-taxable","18":"purchasable","19":"product-type-simple"},"_links":{"self":[{"href":"https:\/\/petitecave.ch\/de\/wp-json\/wp\/v2\/product\/10163","targetHints":{"allow":["GET"]}}],"collection":[{"href":"https:\/\/petitecave.ch\/de\/wp-json\/wp\/v2\/product"}],"about":[{"href":"https:\/\/petitecave.ch\/de\/wp-json\/wp\/v2\/types\/product"}],"replies":[{"embeddable":true,"href":"https:\/\/petitecave.ch\/de\/wp-json\/wp\/v2\/comments?post=10163"}],"wp:featuredmedia":[{"embeddable":true,"href":"https:\/\/petitecave.ch\/de\/wp-json\/wp\/v2\/media\/11480"}],"wp:attachment":[{"href":"https:\/\/petitecave.ch\/de\/wp-json\/wp\/v2\/media?parent=10163"}],"wp:term":[{"taxonomy":"product_cat","embeddable":true,"href":"https:\/\/petitecave.ch\/de\/wp-json\/wp\/v2\/product_cat?post=10163"},{"taxonomy":"product_tag","embeddable":true,"href":"https:\/\/petitecave.ch\/de\/wp-json\/wp\/v2\/product_tag?post=10163"}],"curies":[{"name":"wp","href":"https:\/\/api.w.org\/{rel}","templated":true}]}}