{"id":10154,"date":"2025-10-28T10:54:09","date_gmt":"2025-10-28T10:54:09","guid":{"rendered":""},"modified":"2026-02-13T13:52:13","modified_gmt":"2026-02-13T12:52:13","slug":"la-demoiselle-en-d-tresse-le-fou-du-roi-33cl","status":"publish","type":"product","link":"https:\/\/petitecave.ch\/de\/product\/la-demoiselle-en-d-tresse-le-fou-du-roi-33cl\/","title":{"rendered":"La Demoiselle en D\u00e9tresse &#8211; Le Fou du Roi 33cl"},"content":{"rendered":"<p><strong>Visuel :\u00a0<\/strong>Robe blonde \u00e0 la mousse blanche<\/p>\n<p><strong>Nez :\u00a0<\/strong>Notes houblonn\u00e9es<\/p>\n<p><strong>Go\u00fbt :\u00a0<\/strong>L\u00e9g\u00e8re et rafra\u00eechissante\u00a0<\/p>","protected":false},"excerpt":{"rendered":"<p><strong>La Demoiselle en D\u00e9tresse &#8211; Brasserie Le Fou du Roi &#8211; Pringy\u00a0<\/strong><\/p>\n<p><strong><\/strong><\/p>\n<p><i>Mais que voit-on au loin, tout l\u00e0-bas qui s\u2019enfuit ?<\/i><\/p>\n<p><i>De son nez aquilin, elle flaire l\u2019ennemi<\/i><\/p>\n<p><i>Et lui donne un coup d\u2019poing, c\u2019est pas joli joli<\/i><\/p>","protected":false},"featured_media":18871,"comment_status":"open","ping_status":"closed","template":"","meta":[],"product_cat":[250],"product_tag":[],"class_list":{"0":"post-10154","1":"product","2":"type-product","3":"status-publish","4":"has-post-thumbnail","6":"product_cat-bieres","7":"pa_color-blonde","8":"pa_country-suisse","9":"pa_style-pale-ale","10":"_wholesalex wsx-wholesalex-product","12":"first","13":"instock","14":"taxable","15":"shipping-taxable","16":"purchasable","17":"product-type-simple"},"_links":{"self":[{"href":"https:\/\/petitecave.ch\/de\/wp-json\/wp\/v2\/product\/10154","targetHints":{"allow":["GET"]}}],"collection":[{"href":"https:\/\/petitecave.ch\/de\/wp-json\/wp\/v2\/product"}],"about":[{"href":"https:\/\/petitecave.ch\/de\/wp-json\/wp\/v2\/types\/product"}],"replies":[{"embeddable":true,"href":"https:\/\/petitecave.ch\/de\/wp-json\/wp\/v2\/comments?post=10154"}],"wp:featuredmedia":[{"embeddable":true,"href":"https:\/\/petitecave.ch\/de\/wp-json\/wp\/v2\/media\/18871"}],"wp:attachment":[{"href":"https:\/\/petitecave.ch\/de\/wp-json\/wp\/v2\/media?parent=10154"}],"wp:term":[{"taxonomy":"product_cat","embeddable":true,"href":"https:\/\/petitecave.ch\/de\/wp-json\/wp\/v2\/product_cat?post=10154"},{"taxonomy":"product_tag","embeddable":true,"href":"https:\/\/petitecave.ch\/de\/wp-json\/wp\/v2\/product_tag?post=10154"}],"curies":[{"name":"wp","href":"https:\/\/api.w.org\/{rel}","templated":true}]}}