{"id":10152,"date":"2025-10-28T10:54:06","date_gmt":"2025-10-28T10:54:06","guid":{"rendered":""},"modified":"2026-04-07T14:02:50","modified_gmt":"2026-04-07T12:02:50","slug":"houleuse-dr-gab-s-4x50cl","status":"publish","type":"product","link":"https:\/\/petitecave.ch\/de\/product\/houleuse-dr-gab-s-4x50cl\/","title":{"rendered":"Houleuse &#8211; Dr Gab&rsquo;s 4x50cl"},"content":{"rendered":"<p><strong>Visuel :<\/strong> Robe blonde trouble avec une belle mousse blanche<\/p>\n<p><strong>Nez :<\/strong> Ar\u00f4mes fruit\u00e9s\u00a0<\/p>\n<p><strong>Go\u00fbt :<\/strong> L\u00e9g\u00e8re et fruit\u00e9e, avec une belle fra\u00eecheur en bouche\u00a0<\/p>","protected":false},"excerpt":{"rendered":"<p><strong>Houleuse &#8211; Brasserie Dr Gab&rsquo;s &#8211; Puidoux<\/strong><\/p>\n<p>\u00a0<\/p>\n<p><i>La Houleuse est une bi\u00e8re l\u00e9g\u00e8re et fruit\u00e9e. Le malt de bl\u00e9 lui donne un aspect trouble et une certaine douceur. Peu am\u00e8re, l\u2019adjonction d\u2019\u00e9corces d\u2019orange r\u00e9v\u00e8le un parfum fruit\u00e9 et une fra\u00eecheur en bouche. C\u2019est une bi\u00e8re rafra\u00eechissante id\u00e9ale par de chaudes journ\u00e9es, pour un ap\u00e9ritif, pour accompagner du poisson ou un autre plat l\u00e9ger.<\/i><\/p>\n<p>\u00a0<\/p>\n<h3>\u00a0<\/h3>","protected":false},"featured_media":11468,"comment_status":"open","ping_status":"open","template":"","meta":[],"product_cat":[250],"product_tag":[],"class_list":{"0":"post-10152","1":"product","2":"type-product","3":"status-publish","4":"has-post-thumbnail","6":"product_cat-bieres","7":"pa_categorie-bieres-blanches","8":"pa_color-blanche","9":"pa_country-suisse","10":"pa_style-witbier","11":"pa_type-biere-artisanale","12":"_wholesalex wsx-wholesalex-product","14":"first","15":"instock","16":"taxable","17":"shipping-taxable","18":"purchasable","19":"product-type-simple"},"_links":{"self":[{"href":"https:\/\/petitecave.ch\/de\/wp-json\/wp\/v2\/product\/10152","targetHints":{"allow":["GET"]}}],"collection":[{"href":"https:\/\/petitecave.ch\/de\/wp-json\/wp\/v2\/product"}],"about":[{"href":"https:\/\/petitecave.ch\/de\/wp-json\/wp\/v2\/types\/product"}],"replies":[{"embeddable":true,"href":"https:\/\/petitecave.ch\/de\/wp-json\/wp\/v2\/comments?post=10152"}],"wp:featuredmedia":[{"embeddable":true,"href":"https:\/\/petitecave.ch\/de\/wp-json\/wp\/v2\/media\/11468"}],"wp:attachment":[{"href":"https:\/\/petitecave.ch\/de\/wp-json\/wp\/v2\/media?parent=10152"}],"wp:term":[{"taxonomy":"product_cat","embeddable":true,"href":"https:\/\/petitecave.ch\/de\/wp-json\/wp\/v2\/product_cat?post=10152"},{"taxonomy":"product_tag","embeddable":true,"href":"https:\/\/petitecave.ch\/de\/wp-json\/wp\/v2\/product_tag?post=10152"}],"curies":[{"name":"wp","href":"https:\/\/api.w.org\/{rel}","templated":true}]}}