{"id":10151,"date":"2025-10-28T10:54:05","date_gmt":"2025-10-28T10:54:05","guid":{"rendered":""},"modified":"2026-04-07T13:53:04","modified_gmt":"2026-04-07T11:53:04","slug":"ipanema-dr-gab-s-boite-4x50cl","status":"publish","type":"product","link":"https:\/\/petitecave.ch\/de\/product\/ipanema-dr-gab-s-boite-4x50cl\/","title":{"rendered":"IPAnema &#8211; Dr Gab&rsquo;s Boite 4x50cl"},"content":{"rendered":"<p><strong>Visuel :<\/strong> Robe cuivr\u00e9e avec une mousse blanc cass\u00e9<\/p>\n<p><strong>Nez :<\/strong> Forts ar\u00f4mes de houblon fruit\u00e9<\/p>\n<p><strong>Go\u00fbt :<\/strong> Saveurs de houblon, de malt avec une belle amertume<\/p>","protected":false},"excerpt":{"rendered":"<p><strong>\u00a0Ipanema &#8211; Brasserie Dr Gab&rsquo;s &#8211; Puidoux<\/strong><\/p>\n<p><strong><\/strong><\/p>\n<p><i>La Ipanema est une India Pale Ale qui d\u00e9voile sous une teinte cuivr\u00e9e une puissante amertume. Si ses houblons poss\u00e8dent des ar\u00f4mes envo\u00fbtants, c\u2019est bien son corps malt\u00e9 qui permet d\u2019obtenir une bi\u00e8re \u00e9quilibr\u00e9e \u00e0 la rondeur agr\u00e9able. Son parfum fruit\u00e9 provient de houblons nord-am\u00e9ricains et son amertume se combine id\u00e9alement avec des plats \u00e9pic\u00e9s.<\/i><\/p>","protected":false},"featured_media":11467,"comment_status":"open","ping_status":"open","template":"","meta":[],"product_cat":[250],"product_tag":[],"class_list":{"0":"post-10151","1":"product","2":"type-product","3":"status-publish","4":"has-post-thumbnail","6":"product_cat-bieres","7":"pa_categorie-bieres-blondes","8":"pa_color-ambree","9":"pa_country-suisse","10":"pa_style-ipa","11":"pa_type-biere-artisanale","12":"_wholesalex wsx-wholesalex-product","14":"first","15":"instock","16":"taxable","17":"shipping-taxable","18":"purchasable","19":"product-type-simple"},"_links":{"self":[{"href":"https:\/\/petitecave.ch\/de\/wp-json\/wp\/v2\/product\/10151","targetHints":{"allow":["GET"]}}],"collection":[{"href":"https:\/\/petitecave.ch\/de\/wp-json\/wp\/v2\/product"}],"about":[{"href":"https:\/\/petitecave.ch\/de\/wp-json\/wp\/v2\/types\/product"}],"replies":[{"embeddable":true,"href":"https:\/\/petitecave.ch\/de\/wp-json\/wp\/v2\/comments?post=10151"}],"wp:featuredmedia":[{"embeddable":true,"href":"https:\/\/petitecave.ch\/de\/wp-json\/wp\/v2\/media\/11467"}],"wp:attachment":[{"href":"https:\/\/petitecave.ch\/de\/wp-json\/wp\/v2\/media?parent=10151"}],"wp:term":[{"taxonomy":"product_cat","embeddable":true,"href":"https:\/\/petitecave.ch\/de\/wp-json\/wp\/v2\/product_cat?post=10151"},{"taxonomy":"product_tag","embeddable":true,"href":"https:\/\/petitecave.ch\/de\/wp-json\/wp\/v2\/product_tag?post=10151"}],"curies":[{"name":"wp","href":"https:\/\/api.w.org\/{rel}","templated":true}]}}