{"id":10150,"date":"2025-10-28T10:54:03","date_gmt":"2025-10-28T10:54:03","guid":{"rendered":""},"modified":"2026-04-07T14:46:17","modified_gmt":"2026-04-07T12:46:17","slug":"swaf-dr-gab-s-6x50cl","status":"publish","type":"product","link":"https:\/\/petitecave.ch\/de\/product\/swaf-dr-gab-s-6x50cl\/","title":{"rendered":"SWAF &#8211; Dr Gab&rsquo;s 6x50cl"},"content":{"rendered":"<p><strong>Visuel :\u00a0<\/strong>Robe blonde avec une fine mousse blanche<\/p>\n<p><strong>Nez :\u00a0<\/strong>Ar\u00f4mes de c\u00e9r\u00e9ales et de houblon<\/p>\n<p><strong>Go\u00fbt :\u00a0<\/strong>Rafra\u00eechissante aux notes l\u00e9g\u00e8re de houblon<\/p>","protected":false},"excerpt":{"rendered":"<p><strong>SWAF &#8211; Brasserie Dr Gab&rsquo;s &#8211; Puidoux<\/strong><\/p>\n<p>\u00a0<\/p>\n<p><em>Cette bi\u00e8re blonde artisanale est l\u00e9g\u00e8re et extr\u00eamement rafra\u00eechissante !<\/em><\/p>","protected":false},"featured_media":11465,"comment_status":"open","ping_status":"open","template":"","meta":[],"product_cat":[250],"product_tag":[],"class_list":{"0":"post-10150","1":"product","2":"type-product","3":"status-publish","4":"has-post-thumbnail","6":"product_cat-bieres","7":"pa_categorie-bieres-blondes","8":"pa_color-blonde","9":"pa_country-suisse","10":"pa_style-lager","11":"pa_type-biere-artisanale","12":"_wholesalex wsx-wholesalex-product","14":"first","15":"instock","16":"taxable","17":"shipping-taxable","18":"purchasable","19":"product-type-simple"},"_links":{"self":[{"href":"https:\/\/petitecave.ch\/de\/wp-json\/wp\/v2\/product\/10150","targetHints":{"allow":["GET"]}}],"collection":[{"href":"https:\/\/petitecave.ch\/de\/wp-json\/wp\/v2\/product"}],"about":[{"href":"https:\/\/petitecave.ch\/de\/wp-json\/wp\/v2\/types\/product"}],"replies":[{"embeddable":true,"href":"https:\/\/petitecave.ch\/de\/wp-json\/wp\/v2\/comments?post=10150"}],"wp:featuredmedia":[{"embeddable":true,"href":"https:\/\/petitecave.ch\/de\/wp-json\/wp\/v2\/media\/11465"}],"wp:attachment":[{"href":"https:\/\/petitecave.ch\/de\/wp-json\/wp\/v2\/media?parent=10150"}],"wp:term":[{"taxonomy":"product_cat","embeddable":true,"href":"https:\/\/petitecave.ch\/de\/wp-json\/wp\/v2\/product_cat?post=10150"},{"taxonomy":"product_tag","embeddable":true,"href":"https:\/\/petitecave.ch\/de\/wp-json\/wp\/v2\/product_tag?post=10150"}],"curies":[{"name":"wp","href":"https:\/\/api.w.org\/{rel}","templated":true}]}}