{"id":10131,"date":"2026-01-29T13:53:47","date_gmt":"2026-01-29T12:53:47","guid":{"rendered":""},"modified":"2026-02-12T16:05:32","modified_gmt":"2026-02-12T15:05:32","slug":"coffret-plantation-xo-rum","status":"publish","type":"product","link":"https:\/\/petitecave.ch\/de\/product\/coffret-plantation-xo-rum\/","title":{"rendered":"Coffret Planteray XO Rum 20th Anniversary"},"content":{"rendered":"<p><span style=\"color: #000000;\"><strong>Nez :\u00a0<\/strong>Premier nez floral et fruit\u00e9 puis il lib\u00e8re des notes de vanille, de cacao et de chocolat au lait.<\/span><\/p>\n<p><span style=\"color: #000000;\"><strong>Bouche :\u00a0<\/strong>Les d\u00e9licieuses notes bois\u00e9es et de mangue t\u00e9moignent de son \u00e2ge avanc\u00e9.<\/span><\/p>\n<p><span style=\"color: #000000;\"><strong>Finale :\u00a0<\/strong>Vanill\u00e9, sur des notes de noix de coco et de boite \u00e0 cigare.<\/span><\/p>","protected":false},"excerpt":{"rendered":"<p><span style=\"color: #000000;\"><i><b>Ce coffret comprend :\u00a0<\/b><\/i><\/span><\/p>\n<ul>\n<li><span style=\"color: #000000;\">1 bouteille de Planteray XO 20th Anniversary<\/span><\/li>\n<li><span style=\"color: #000000;\">2 verres de d\u00e9gustation\u00a0<\/span><\/li>\n<\/ul>","protected":false},"featured_media":18569,"comment_status":"open","ping_status":"closed","template":"","meta":[],"product_cat":[333,272],"product_tag":[],"class_list":{"0":"post-10131","1":"product","2":"type-product","3":"status-publish","4":"has-post-thumbnail","6":"product_brand-planteray","7":"product_cat-coffrets-cadeaux","8":"product_cat-rhum","9":"pa_country-barbade","10":"pa_type-rhum-traditionnel","11":"_wholesalex wsx-wholesalex-product","13":"first","14":"instock","15":"taxable","16":"shipping-taxable","17":"purchasable","18":"product-type-simple"},"_links":{"self":[{"href":"https:\/\/petitecave.ch\/de\/wp-json\/wp\/v2\/product\/10131","targetHints":{"allow":["GET"]}}],"collection":[{"href":"https:\/\/petitecave.ch\/de\/wp-json\/wp\/v2\/product"}],"about":[{"href":"https:\/\/petitecave.ch\/de\/wp-json\/wp\/v2\/types\/product"}],"replies":[{"embeddable":true,"href":"https:\/\/petitecave.ch\/de\/wp-json\/wp\/v2\/comments?post=10131"}],"wp:featuredmedia":[{"embeddable":true,"href":"https:\/\/petitecave.ch\/de\/wp-json\/wp\/v2\/media\/18569"}],"wp:attachment":[{"href":"https:\/\/petitecave.ch\/de\/wp-json\/wp\/v2\/media?parent=10131"}],"wp:term":[{"taxonomy":"product_cat","embeddable":true,"href":"https:\/\/petitecave.ch\/de\/wp-json\/wp\/v2\/product_cat?post=10131"},{"taxonomy":"product_tag","embeddable":true,"href":"https:\/\/petitecave.ch\/de\/wp-json\/wp\/v2\/product_tag?post=10131"}],"curies":[{"name":"wp","href":"https:\/\/api.w.org\/{rel}","templated":true}]}}