{"id":10127,"date":"2025-10-28T10:53:44","date_gmt":"2025-10-28T10:53:44","guid":{"rendered":""},"modified":"2026-02-24T07:57:49","modified_gmt":"2026-02-24T06:57:49","slug":"pinot-noir-petite-vertu-75cl","status":"publish","type":"product","link":"https:\/\/petitecave.ch\/de\/product\/pinot-noir-petite-vertu-75cl\/","title":{"rendered":"Pinot Noir &#8211; Petite Vertu 75cl"},"content":{"rendered":"<p><strong>C\u00e9page :\u00a0<\/strong>Pinot Noir<\/p>\n<p><strong>Nez :\u00a0<\/strong>Vin \u00e9l\u00e9gant et fin sur le fruit frais<\/p>\n<p><strong>Bouche :\u00a0<\/strong>Une belle trame \u00e9quilibre ce vin tout en dentelle<\/p>\n<p><strong>Accompagnements :<\/strong> Avec des viandes rouges et blanches, particuli\u00e8rement les viandes r\u00f4ties, des fromages \u00e0 p\u00e2tes dures et mi-dures<\/p>\n<p><strong>Temps de garde :\u00a0<\/strong>3 \u00e0 5 ans<\/p>","protected":false},"excerpt":{"rendered":"<p><strong>Pinot Noir &#8211; Petite Vertu &#8211; Chamoson<\/strong><\/p>\n<p><em>AOC Valais<\/em><\/p>\n<p><em><\/em><\/p>\n<p><em><\/em><\/p>\n<p><span style=\"text-decoration:underline;\"><i>DISPONIBLE AU MAGASIN DE COLLOMBEY UNIQUEMENT<\/i><\/span><\/p>","protected":false},"featured_media":11441,"comment_status":"open","ping_status":"open","template":"","meta":[],"product_cat":[253],"product_tag":[],"class_list":{"0":"post-10127","1":"product","2":"type-product","3":"status-publish","4":"has-post-thumbnail","6":"product_cat-vins","7":"pa_color-rouge","8":"pa_country-suisse","9":"pa_volume-75-cl","10":"_wholesalex wsx-wholesalex-product","12":"first","13":"instock","14":"taxable","15":"shipping-taxable","16":"purchasable","17":"product-type-simple"},"_links":{"self":[{"href":"https:\/\/petitecave.ch\/de\/wp-json\/wp\/v2\/product\/10127","targetHints":{"allow":["GET"]}}],"collection":[{"href":"https:\/\/petitecave.ch\/de\/wp-json\/wp\/v2\/product"}],"about":[{"href":"https:\/\/petitecave.ch\/de\/wp-json\/wp\/v2\/types\/product"}],"replies":[{"embeddable":true,"href":"https:\/\/petitecave.ch\/de\/wp-json\/wp\/v2\/comments?post=10127"}],"wp:featuredmedia":[{"embeddable":true,"href":"https:\/\/petitecave.ch\/de\/wp-json\/wp\/v2\/media\/11441"}],"wp:attachment":[{"href":"https:\/\/petitecave.ch\/de\/wp-json\/wp\/v2\/media?parent=10127"}],"wp:term":[{"taxonomy":"product_cat","embeddable":true,"href":"https:\/\/petitecave.ch\/de\/wp-json\/wp\/v2\/product_cat?post=10127"},{"taxonomy":"product_tag","embeddable":true,"href":"https:\/\/petitecave.ch\/de\/wp-json\/wp\/v2\/product_tag?post=10127"}],"curies":[{"name":"wp","href":"https:\/\/api.w.org\/{rel}","templated":true}]}}