{"id":10124,"date":"2025-10-28T10:53:41","date_gmt":"2025-10-28T10:53:41","guid":{"rendered":""},"modified":"2026-02-23T16:51:14","modified_gmt":"2026-02-23T15:51:14","slug":"d-fi-noir-les-titans-provins","status":"publish","type":"product","link":"https:\/\/petitecave.ch\/de\/product\/d-fi-noir-les-titans-provins\/","title":{"rendered":"D\u00e9fi Noir Les Titans &#8211; Provins 75cl"},"content":{"rendered":"<p><strong>C\u00e9pages :\u00a0<\/strong>Cornalin, Diolinoir et Syrah<\/p>\n<p><strong>Nez :\u00a0<\/strong>Notes d\u2019\u00e9pices et de torr\u00e9faction<\/p>\n<p><strong>Bouche :\u00a0<\/strong>Puissant au palais, il se distingue par sa finale longue et suave<\/p>\n<p><strong>Accompagnement :\u00a0<\/strong>S\u2019accorde parfaitement avec la viande rouge ou blanche, le gibier \u00e0 plume et les fromages\u00a0<\/p>\n<p><strong>Temps de garde :\u00a0<\/strong>5 \u00e0 10 ans<\/p>","protected":false},"excerpt":{"rendered":"<p><strong>D\u00e9fi Noir Les Titans &#8211; Provins &#8211; Sion<\/strong><\/p>\n<p><em>AOC Valais\u00a0<\/em><\/p>\n<p>\u00a0<\/p>\n<p><i><strong>\u00c9lev\u00e9s pour se r\u00e9v\u00e9ler.<\/strong><\/i><\/p>\n<p><i>Le secret de la gamme Les Titans r\u00e9side dans la pr\u00e9cision de sa vinification et la rigueur de son \u00e9levage. Les barriques reposent plusieurs mois dans une galerie du barrage de la Grande Dixence \u00e0 2\u2019200 m\u00e8tres d\u2019altitude. Les conditions extr\u00eames qui y r\u00e8gnent permettent au vin de gagner en \u00e9l\u00e9gance, en expressivit\u00e9 et en fra\u00eecheur.<\/i><\/p>\n<p>\u00a0<\/p>\n<p><span style=\"text-decoration: underline;\"><em>DISPONIBLE AU MAGASIN DE COLLOMBEY UNIQUEMENT<\/em><\/span><\/p>\n<p><b><span style=\"text-decoration: underline;\"><em>RUPTURE CHEZ LE FOURNISSEUR JUSQU&rsquo;\u00c0 L&rsquo;AUTOMNE<\/em><\/span><\/b><\/p>","protected":false},"featured_media":11438,"comment_status":"open","ping_status":"open","template":"","meta":[],"product_cat":[253],"product_tag":[],"class_list":{"0":"post-10124","1":"product","2":"type-product","3":"status-publish","4":"has-post-thumbnail","6":"product_cat-vins","7":"pa_color-rouge","8":"pa_country-suisse","9":"pa_volume-75-cl","10":"_wholesalex wsx-wholesalex-product","12":"first","13":"instock","14":"taxable","15":"shipping-taxable","16":"purchasable","17":"product-type-simple"},"_links":{"self":[{"href":"https:\/\/petitecave.ch\/de\/wp-json\/wp\/v2\/product\/10124","targetHints":{"allow":["GET"]}}],"collection":[{"href":"https:\/\/petitecave.ch\/de\/wp-json\/wp\/v2\/product"}],"about":[{"href":"https:\/\/petitecave.ch\/de\/wp-json\/wp\/v2\/types\/product"}],"replies":[{"embeddable":true,"href":"https:\/\/petitecave.ch\/de\/wp-json\/wp\/v2\/comments?post=10124"}],"wp:featuredmedia":[{"embeddable":true,"href":"https:\/\/petitecave.ch\/de\/wp-json\/wp\/v2\/media\/11438"}],"wp:attachment":[{"href":"https:\/\/petitecave.ch\/de\/wp-json\/wp\/v2\/media?parent=10124"}],"wp:term":[{"taxonomy":"product_cat","embeddable":true,"href":"https:\/\/petitecave.ch\/de\/wp-json\/wp\/v2\/product_cat?post=10124"},{"taxonomy":"product_tag","embeddable":true,"href":"https:\/\/petitecave.ch\/de\/wp-json\/wp\/v2\/product_tag?post=10124"}],"curies":[{"name":"wp","href":"https:\/\/api.w.org\/{rel}","templated":true}]}}