{"id":10122,"date":"2025-10-28T10:53:39","date_gmt":"2025-10-28T10:53:39","guid":{"rendered":""},"modified":"2026-02-24T10:05:19","modified_gmt":"2026-02-24T09:05:19","slug":"syrah-les-titans-provins-75cl","status":"publish","type":"product","link":"https:\/\/petitecave.ch\/de\/product\/syrah-les-titans-provins-75cl\/","title":{"rendered":"Syrah Les Titans &#8211; Provins 75cl"},"content":{"rendered":"<p><strong>C\u00e9page :\u00a0<\/strong>Syrah<\/p>\n<p><strong>Nez :\u00a0<\/strong>Ar\u00f4mes d\u2019\u00e9pices et de poivre<\/p>\n<p><strong>Bouche :\u00a0<\/strong>Structur\u00e9e avec finale sur des tanins cors\u00e9s<\/p>\n<p><strong>Accompagnement :\u00a0<\/strong>Accompagne parfaitement la viande rouge, le gibier \u00e0 plume et les plats de chasse<\/p>\n<p><strong>Temps de garde :\u00a0<\/strong>5 \u00e0 10 ans<\/p>","protected":false},"excerpt":{"rendered":"<p><strong>Syrah Les Titans &#8211; Provins &#8211; Sion<\/strong><\/p>\n<p><em>AOC Valais<\/em><\/p>\n<p>\u00a0<\/p>\n<p><i><strong>\u00c9lev\u00e9s pour se r\u00e9v\u00e9ler.<\/strong><\/i><\/p>\n<p><i>Le secret de la gamme Les Titans r\u00e9side dans la pr\u00e9cision de sa vinification et la rigueur de son \u00e9levage. Les barriques reposent plusieurs mois dans une galerie du barrage de la Grande Dixence \u00e0 2\u2019200 m\u00e8tres d\u2019altitude. Les conditions extr\u00eames qui y r\u00e8gnent permettent au vin de gagner en \u00e9l\u00e9gance, en expressivit\u00e9 et en fra\u00eecheur.<\/i><\/p>\n<p>\u00a0<\/p>\n<p><span style=\"text-decoration: underline;\"><em>DISPONIBLE AU MAGASIN DE COLLOMBEY UNIQUEMENT<\/em><\/span><\/p>","protected":false},"featured_media":11436,"comment_status":"open","ping_status":"open","template":"","meta":[],"product_cat":[253],"product_tag":[],"class_list":{"0":"post-10122","1":"product","2":"type-product","3":"status-publish","4":"has-post-thumbnail","6":"product_cat-vins","7":"pa_color-rouge","8":"pa_volume-75-cl","9":"_wholesalex wsx-wholesalex-product","11":"first","12":"outofstock","13":"taxable","14":"shipping-taxable","15":"purchasable","16":"product-type-simple"},"yoast_head":"<!-- This site is optimized with the Yoast SEO plugin v27.4 - https:\/\/yoast.com\/product\/yoast-seo-wordpress\/ -->\n<title>Syrah Les Titans - Provins 75cl | La Petite Cave du Chablais<\/title>\n<meta name=\"robots\" content=\"index, follow, max-snippet:-1, max-image-preview:large, max-video-preview:-1\" \/>\n<link rel=\"canonical\" href=\"https:\/\/petitecave.ch\/de\/product\/syrah-les-titans-provins-75cl\/\" \/>\n<meta property=\"og:locale\" content=\"de_DE\" \/>\n<meta property=\"og:type\" content=\"article\" \/>\n<meta property=\"og:title\" content=\"Syrah Les Titans - Provins 75cl | La Petite Cave du Chablais\" \/>\n<meta property=\"og:description\" content=\"Syrah Les Titans - Provins - Sion AOC Valais \u00a0 \u00c9lev\u00e9s pour se r\u00e9v\u00e9ler. Le secret de la gamme Les Titans r\u00e9side dans la pr\u00e9cision de sa vinification et la rigueur de son \u00e9levage. Les barriques reposent plusieurs mois dans une galerie du barrage de la Grande Dixence \u00e0 2\u2019200 m\u00e8tres d\u2019altitude. Les conditions extr\u00eames qui y r\u00e8gnent permettent au vin de gagner en \u00e9l\u00e9gance, en expressivit\u00e9 et en fra\u00eecheur. \u00a0 DISPONIBLE AU MAGASIN DE COLLOMBEY UNIQUEMENT\" \/>\n<meta property=\"og:url\" content=\"https:\/\/petitecave.ch\/de\/product\/syrah-les-titans-provins-75cl\/\" \/>\n<meta property=\"og:site_name\" content=\"La Petite Cave du Chablais\" \/>\n<meta property=\"article:publisher\" content=\"https:\/\/www.facebook.com\/LaPetiteCaveDuChablais\" \/>\n<meta property=\"article:modified_time\" content=\"2026-02-24T09:05:19+00:00\" \/>\n<meta property=\"og:image\" content=\"https:\/\/petitecave.ch\/wp-content\/uploads\/2025\/10\/10122_6242_cover-2.png\" \/>\n\t<meta property=\"og:image:width\" content=\"1000\" \/>\n\t<meta property=\"og:image:height\" content=\"1700\" \/>\n\t<meta property=\"og:image:type\" content=\"image\/png\" \/>\n<meta name=\"twitter:card\" content=\"summary_large_image\" \/>\n<script type=\"application\/ld+json\" class=\"yoast-schema-graph\">{\"@context\":\"https:\\\/\\\/schema.org\",\"@graph\":[{\"@type\":\"WebPage\",\"@id\":\"https:\\\/\\\/petitecave.ch\\\/product\\\/syrah-les-titans-provins-75cl\\\/\",\"url\":\"https:\\\/\\\/petitecave.ch\\\/product\\\/syrah-les-titans-provins-75cl\\\/\",\"name\":\"Syrah Les Titans - Provins 75cl | La Petite Cave du Chablais\",\"isPartOf\":{\"@id\":\"https:\\\/\\\/petitecave.ch\\\/de\\\/#website\"},\"primaryImageOfPage\":{\"@id\":\"https:\\\/\\\/petitecave.ch\\\/product\\\/syrah-les-titans-provins-75cl\\\/#primaryimage\"},\"image\":{\"@id\":\"https:\\\/\\\/petitecave.ch\\\/product\\\/syrah-les-titans-provins-75cl\\\/#primaryimage\"},\"thumbnailUrl\":\"https:\\\/\\\/petitecave.ch\\\/wp-content\\\/uploads\\\/2025\\\/10\\\/10122_6242_cover-2.png\",\"datePublished\":\"2025-10-28T10:53:39+00:00\",\"dateModified\":\"2026-02-24T09:05:19+00:00\",\"breadcrumb\":{\"@id\":\"https:\\\/\\\/petitecave.ch\\\/product\\\/syrah-les-titans-provins-75cl\\\/#breadcrumb\"},\"inLanguage\":\"de-CH\",\"potentialAction\":[{\"@type\":\"ReadAction\",\"target\":[\"https:\\\/\\\/petitecave.ch\\\/product\\\/syrah-les-titans-provins-75cl\\\/\"]}]},{\"@type\":\"ImageObject\",\"inLanguage\":\"de-CH\",\"@id\":\"https:\\\/\\\/petitecave.ch\\\/product\\\/syrah-les-titans-provins-75cl\\\/#primaryimage\",\"url\":\"https:\\\/\\\/petitecave.ch\\\/wp-content\\\/uploads\\\/2025\\\/10\\\/10122_6242_cover-2.png\",\"contentUrl\":\"https:\\\/\\\/petitecave.ch\\\/wp-content\\\/uploads\\\/2025\\\/10\\\/10122_6242_cover-2.png\",\"width\":1000,\"height\":1700},{\"@type\":\"BreadcrumbList\",\"@id\":\"https:\\\/\\\/petitecave.ch\\\/product\\\/syrah-les-titans-provins-75cl\\\/#breadcrumb\",\"itemListElement\":[{\"@type\":\"ListItem\",\"position\":1,\"name\":\"Accueil\",\"item\":\"https:\\\/\\\/petitecave.ch\\\/de\\\/\"},{\"@type\":\"ListItem\",\"position\":2,\"name\":\"Produkte\",\"item\":\"https:\\\/\\\/petitecave.ch\\\/de\\\/shop\\\/\"},{\"@type\":\"ListItem\",\"position\":3,\"name\":\"Syrah Les Titans &#8211; Provins 75cl\"}]},{\"@type\":\"WebSite\",\"@id\":\"https:\\\/\\\/petitecave.ch\\\/de\\\/#website\",\"url\":\"https:\\\/\\\/petitecave.ch\\\/de\\\/\",\"name\":\"La Petite Cave du Chablais\",\"description\":\"Vins, bi\u00e8res et spiritueux en ligne !\",\"publisher\":{\"@id\":\"https:\\\/\\\/petitecave.ch\\\/de\\\/#organization\"},\"alternateName\":\"La Petite Cave\",\"potentialAction\":[{\"@type\":\"SearchAction\",\"target\":{\"@type\":\"EntryPoint\",\"urlTemplate\":\"https:\\\/\\\/petitecave.ch\\\/de\\\/?s={search_term_string}\"},\"query-input\":{\"@type\":\"PropertyValueSpecification\",\"valueRequired\":true,\"valueName\":\"search_term_string\"}}],\"inLanguage\":\"de-CH\"},{\"@type\":\"Organization\",\"@id\":\"https:\\\/\\\/petitecave.ch\\\/de\\\/#organization\",\"name\":\"La Petite Cave du Chablais S\u00e0rl\",\"url\":\"https:\\\/\\\/petitecave.ch\\\/de\\\/\",\"logo\":{\"@type\":\"ImageObject\",\"inLanguage\":\"de-CH\",\"@id\":\"https:\\\/\\\/petitecave.ch\\\/de\\\/#\\\/schema\\\/logo\\\/image\\\/\",\"url\":\"https:\\\/\\\/petitecave.ch\\\/wp-content\\\/uploads\\\/2025\\\/10\\\/petitecavelogo-removebg-preview.png\",\"contentUrl\":\"https:\\\/\\\/petitecave.ch\\\/wp-content\\\/uploads\\\/2025\\\/10\\\/petitecavelogo-removebg-preview.png\",\"width\":800,\"height\":200,\"caption\":\"La Petite Cave du Chablais S\u00e0rl\"},\"image\":{\"@id\":\"https:\\\/\\\/petitecave.ch\\\/de\\\/#\\\/schema\\\/logo\\\/image\\\/\"},\"sameAs\":[\"https:\\\/\\\/www.facebook.com\\\/LaPetiteCaveDuChablais\",\"https:\\\/\\\/www.instagram.com\\\/lapetitecaveduchablais\",\"https:\\\/\\\/www.linkedin.com\\\/company\\\/la-petite-cave-du-chablais\"]}]}<\/script>\n<!-- \/ Yoast SEO plugin. -->","yoast_head_json":{"title":"Syrah Les Titans - Provins 75cl | La Petite Cave du Chablais","robots":{"index":"index","follow":"follow","max-snippet":"max-snippet:-1","max-image-preview":"max-image-preview:large","max-video-preview":"max-video-preview:-1"},"canonical":"https:\/\/petitecave.ch\/de\/product\/syrah-les-titans-provins-75cl\/","og_locale":"de_DE","og_type":"article","og_title":"Syrah Les Titans - Provins 75cl | La Petite Cave du Chablais","og_description":"Syrah Les Titans - Provins - Sion AOC Valais \u00a0 \u00c9lev\u00e9s pour se r\u00e9v\u00e9ler. Le secret de la gamme Les Titans r\u00e9side dans la pr\u00e9cision de sa vinification et la rigueur de son \u00e9levage. Les barriques reposent plusieurs mois dans une galerie du barrage de la Grande Dixence \u00e0 2\u2019200 m\u00e8tres d\u2019altitude. Les conditions extr\u00eames qui y r\u00e8gnent permettent au vin de gagner en \u00e9l\u00e9gance, en expressivit\u00e9 et en fra\u00eecheur. \u00a0 DISPONIBLE AU MAGASIN DE COLLOMBEY UNIQUEMENT","og_url":"https:\/\/petitecave.ch\/de\/product\/syrah-les-titans-provins-75cl\/","og_site_name":"La Petite Cave du Chablais","article_publisher":"https:\/\/www.facebook.com\/LaPetiteCaveDuChablais","article_modified_time":"2026-02-24T09:05:19+00:00","og_image":[{"width":1000,"height":1700,"url":"https:\/\/petitecave.ch\/wp-content\/uploads\/2025\/10\/10122_6242_cover-2.png","type":"image\/png"}],"twitter_card":"summary_large_image","schema":{"@context":"https:\/\/schema.org","@graph":[{"@type":"WebPage","@id":"https:\/\/petitecave.ch\/product\/syrah-les-titans-provins-75cl\/","url":"https:\/\/petitecave.ch\/product\/syrah-les-titans-provins-75cl\/","name":"Syrah Les Titans - Provins 75cl | La Petite Cave du Chablais","isPartOf":{"@id":"https:\/\/petitecave.ch\/de\/#website"},"primaryImageOfPage":{"@id":"https:\/\/petitecave.ch\/product\/syrah-les-titans-provins-75cl\/#primaryimage"},"image":{"@id":"https:\/\/petitecave.ch\/product\/syrah-les-titans-provins-75cl\/#primaryimage"},"thumbnailUrl":"https:\/\/petitecave.ch\/wp-content\/uploads\/2025\/10\/10122_6242_cover-2.png","datePublished":"2025-10-28T10:53:39+00:00","dateModified":"2026-02-24T09:05:19+00:00","breadcrumb":{"@id":"https:\/\/petitecave.ch\/product\/syrah-les-titans-provins-75cl\/#breadcrumb"},"inLanguage":"de-CH","potentialAction":[{"@type":"ReadAction","target":["https:\/\/petitecave.ch\/product\/syrah-les-titans-provins-75cl\/"]}]},{"@type":"ImageObject","inLanguage":"de-CH","@id":"https:\/\/petitecave.ch\/product\/syrah-les-titans-provins-75cl\/#primaryimage","url":"https:\/\/petitecave.ch\/wp-content\/uploads\/2025\/10\/10122_6242_cover-2.png","contentUrl":"https:\/\/petitecave.ch\/wp-content\/uploads\/2025\/10\/10122_6242_cover-2.png","width":1000,"height":1700},{"@type":"BreadcrumbList","@id":"https:\/\/petitecave.ch\/product\/syrah-les-titans-provins-75cl\/#breadcrumb","itemListElement":[{"@type":"ListItem","position":1,"name":"Accueil","item":"https:\/\/petitecave.ch\/de\/"},{"@type":"ListItem","position":2,"name":"Produkte","item":"https:\/\/petitecave.ch\/de\/shop\/"},{"@type":"ListItem","position":3,"name":"Syrah Les Titans &#8211; Provins 75cl"}]},{"@type":"WebSite","@id":"https:\/\/petitecave.ch\/de\/#website","url":"https:\/\/petitecave.ch\/de\/","name":"Die kleine Keller des Chablais","description":"Vins, bi\u00e8res et spiritueux en ligne !","publisher":{"@id":"https:\/\/petitecave.ch\/de\/#organization"},"alternateName":"La Petite Cave","potentialAction":[{"@type":"SearchAction","target":{"@type":"EntryPoint","urlTemplate":"https:\/\/petitecave.ch\/de\/?s={search_term_string}"},"query-input":{"@type":"PropertyValueSpecification","valueRequired":true,"valueName":"search_term_string"}}],"inLanguage":"de-CH"},{"@type":"Organization","@id":"https:\/\/petitecave.ch\/de\/#organization","name":"La Petite Cave du Chablais S\u00e0rl","url":"https:\/\/petitecave.ch\/de\/","logo":{"@type":"ImageObject","inLanguage":"de-CH","@id":"https:\/\/petitecave.ch\/de\/#\/schema\/logo\/image\/","url":"https:\/\/petitecave.ch\/wp-content\/uploads\/2025\/10\/petitecavelogo-removebg-preview.png","contentUrl":"https:\/\/petitecave.ch\/wp-content\/uploads\/2025\/10\/petitecavelogo-removebg-preview.png","width":800,"height":200,"caption":"La Petite Cave du Chablais S\u00e0rl"},"image":{"@id":"https:\/\/petitecave.ch\/de\/#\/schema\/logo\/image\/"},"sameAs":["https:\/\/www.facebook.com\/LaPetiteCaveDuChablais","https:\/\/www.instagram.com\/lapetitecaveduchablais","https:\/\/www.linkedin.com\/company\/la-petite-cave-du-chablais"]}]}},"_links":{"self":[{"href":"https:\/\/petitecave.ch\/de\/wp-json\/wp\/v2\/product\/10122","targetHints":{"allow":["GET"]}}],"collection":[{"href":"https:\/\/petitecave.ch\/de\/wp-json\/wp\/v2\/product"}],"about":[{"href":"https:\/\/petitecave.ch\/de\/wp-json\/wp\/v2\/types\/product"}],"replies":[{"embeddable":true,"href":"https:\/\/petitecave.ch\/de\/wp-json\/wp\/v2\/comments?post=10122"}],"wp:featuredmedia":[{"embeddable":true,"href":"https:\/\/petitecave.ch\/de\/wp-json\/wp\/v2\/media\/11436"}],"wp:attachment":[{"href":"https:\/\/petitecave.ch\/de\/wp-json\/wp\/v2\/media?parent=10122"}],"wp:term":[{"taxonomy":"product_cat","embeddable":true,"href":"https:\/\/petitecave.ch\/de\/wp-json\/wp\/v2\/product_cat?post=10122"},{"taxonomy":"product_tag","embeddable":true,"href":"https:\/\/petitecave.ch\/de\/wp-json\/wp\/v2\/product_tag?post=10122"}],"curies":[{"name":"wp","href":"https:\/\/api.w.org\/{rel}","templated":true}]}}