{"id":10121,"date":"2025-10-28T10:53:39","date_gmt":"2025-10-28T10:53:39","guid":{"rendered":""},"modified":"2026-02-24T07:37:26","modified_gmt":"2026-02-24T06:37:26","slug":"merlot-les-titans-provins-75cl","status":"publish","type":"product","link":"https:\/\/petitecave.ch\/de\/product\/merlot-les-titans-provins-75cl\/","title":{"rendered":"Merlot Les Titans &#8211; Provins 75cl"},"content":{"rendered":"<p><strong>C\u00e9page :\u00a0<\/strong>Merlot<\/p>\n<p><strong>Nez :\u00a0<\/strong>Ar\u00f4mes intenses, parmi lesquels se m\u00ealent des senteurs de myrtilles et d\u2019autres baies des bois<\/p>\n<p><strong>Bouche :\u00a0<\/strong>Elle s\u2019impose par sa concentration et son \u00e9l\u00e9gance.<\/p>\n<p><strong>Accompagnement :\u00a0<\/strong>L\u2019ami parfait des viandes marin\u00e9es, de la chasse, ainsi que des fromages<\/p>\n<p><strong>Temps de garde :\u00a0<\/strong>5 \u00e0 10 ans<\/p>","protected":false},"excerpt":{"rendered":"<p><strong>Merlot Les Titans &#8211; Provins &#8211; Sion<\/strong><\/p>\n<p><em>AOC Valais<\/em><\/p>\n<p>\u00a0<\/p>\n<p><strong>\u00c9lev\u00e9s pour se r\u00e9v\u00e9ler.<\/strong><\/p>\n<p>\u00a0<\/p>\n<p><i>Le secret de la gamme Les Titans reside dans la pr\u00e9cision de sa vinification et la rigueur de son \u00e9levage. Les barriques reposent plusieurs mois dans une galerie du barrage de la Grande Dixence \u00e0 2\u2019200 m\u00e8tres d\u2019altitude. Les conditions extr\u00eames qui y r\u00e8gnent permettent au vin de gagner en \u00e9l\u00e9gance, en expressivit\u00e9 et en fra\u00eecheur.<\/i><\/p>\n<p><em><strong>Or | Grand Prix du Vin Suisse 2021<\/strong><\/em><\/p>\n<p><em><strong>\u00a0<\/strong><\/em><\/p>\n<p><i><span style=\"text-decoration: underline;\">DISPONIBLE AU MAGASIN DE COLLOMBEY UNIQUEMENT<\/span><\/i><\/p>\n<p>\u00a0<\/p>","protected":false},"featured_media":11435,"comment_status":"open","ping_status":"open","template":"","meta":[],"product_cat":[253],"product_tag":[],"class_list":{"0":"post-10121","1":"product","2":"type-product","3":"status-publish","4":"has-post-thumbnail","6":"product_cat-vins","7":"pa_color-rouge","8":"pa_country-suisse","9":"pa_volume-75-cl","10":"_wholesalex wsx-wholesalex-product","12":"first","13":"instock","14":"taxable","15":"shipping-taxable","16":"purchasable","17":"product-type-simple"},"_links":{"self":[{"href":"https:\/\/petitecave.ch\/de\/wp-json\/wp\/v2\/product\/10121","targetHints":{"allow":["GET"]}}],"collection":[{"href":"https:\/\/petitecave.ch\/de\/wp-json\/wp\/v2\/product"}],"about":[{"href":"https:\/\/petitecave.ch\/de\/wp-json\/wp\/v2\/types\/product"}],"replies":[{"embeddable":true,"href":"https:\/\/petitecave.ch\/de\/wp-json\/wp\/v2\/comments?post=10121"}],"wp:featuredmedia":[{"embeddable":true,"href":"https:\/\/petitecave.ch\/de\/wp-json\/wp\/v2\/media\/11435"}],"wp:attachment":[{"href":"https:\/\/petitecave.ch\/de\/wp-json\/wp\/v2\/media?parent=10121"}],"wp:term":[{"taxonomy":"product_cat","embeddable":true,"href":"https:\/\/petitecave.ch\/de\/wp-json\/wp\/v2\/product_cat?post=10121"},{"taxonomy":"product_tag","embeddable":true,"href":"https:\/\/petitecave.ch\/de\/wp-json\/wp\/v2\/product_tag?post=10121"}],"curies":[{"name":"wp","href":"https:\/\/api.w.org\/{rel}","templated":true}]}}