{"id":10106,"date":"2025-10-28T10:53:25","date_gmt":"2025-10-28T10:53:25","guid":{"rendered":""},"modified":"2026-02-20T15:43:46","modified_gmt":"2026-02-20T14:43:46","slug":"etsu-double-yuzu-japanese-gin-70cl","status":"publish","type":"product","link":"https:\/\/petitecave.ch\/de\/product\/etsu-double-yuzu-japanese-gin-70cl\/","title":{"rendered":"Etsu Double Yuzu Japanese Gin 70cl"},"content":{"rendered":"<p><b>Nez : <\/b>D&rsquo;une belle fra\u00eecheur avec \u00e0 l&rsquo;ar\u00f4me de citron<\/p>\n<p><b>Bouche : <\/b>On retrouve la fra\u00eecheur du nez sur des notes de yuzu et de citron. La finale est ronde et souple<\/p>","protected":false},"excerpt":{"rendered":"<p><b>Double Yuzu Japanese Gin &#8211;\u00a0Etsu Distillery<\/b><\/p>\n<p>\u00a0<\/p>\n<p><i>Ce petit agrume est utilis\u00e9 depuis des si\u00e8cles pour parfumer une grande vari\u00e9t\u00e9 de produits en raison de son zeste particuli\u00e8rement aromatique. Il donne au gin ETSU sa note dominante d&rsquo;agrumes.<\/i><\/p>","protected":false},"featured_media":11419,"comment_status":"open","ping_status":"open","template":"","meta":[],"product_cat":[279],"product_tag":[],"class_list":{"0":"post-10106","1":"product","2":"type-product","3":"status-publish","4":"has-post-thumbnail","6":"product_cat-gin","7":"pa_country-japon","8":"pa_volume-70-cl","9":"_wholesalex wsx-wholesalex-product","11":"first","12":"instock","13":"taxable","14":"shipping-taxable","15":"purchasable","16":"product-type-simple"},"_links":{"self":[{"href":"https:\/\/petitecave.ch\/de\/wp-json\/wp\/v2\/product\/10106","targetHints":{"allow":["GET"]}}],"collection":[{"href":"https:\/\/petitecave.ch\/de\/wp-json\/wp\/v2\/product"}],"about":[{"href":"https:\/\/petitecave.ch\/de\/wp-json\/wp\/v2\/types\/product"}],"replies":[{"embeddable":true,"href":"https:\/\/petitecave.ch\/de\/wp-json\/wp\/v2\/comments?post=10106"}],"wp:featuredmedia":[{"embeddable":true,"href":"https:\/\/petitecave.ch\/de\/wp-json\/wp\/v2\/media\/11419"}],"wp:attachment":[{"href":"https:\/\/petitecave.ch\/de\/wp-json\/wp\/v2\/media?parent=10106"}],"wp:term":[{"taxonomy":"product_cat","embeddable":true,"href":"https:\/\/petitecave.ch\/de\/wp-json\/wp\/v2\/product_cat?post=10106"},{"taxonomy":"product_tag","embeddable":true,"href":"https:\/\/petitecave.ch\/de\/wp-json\/wp\/v2\/product_tag?post=10106"}],"curies":[{"name":"wp","href":"https:\/\/api.w.org\/{rel}","templated":true}]}}