{"id":10105,"date":"2025-10-28T10:53:24","date_gmt":"2025-10-28T10:53:24","guid":{"rendered":""},"modified":"2026-02-20T15:42:03","modified_gmt":"2026-02-20T14:42:03","slug":"adamus-organic-dry-gin-70cl","status":"publish","type":"product","link":"https:\/\/petitecave.ch\/de\/product\/adamus-organic-dry-gin-70cl\/","title":{"rendered":"Adamus Organic Dry Gin 70cl"},"content":{"rendered":"<p><strong>Nez : <\/strong>Ar\u00f4me floral et l\u00e9g\u00e8rement fruit\u00e9 et une saveur complexe, avec des lavande, d&rsquo;herbes, de ch\u00e8vrefeuille et de pamplemousse<\/p>\n<p><strong>Go\u00fbt :\u00a0<\/strong>Par rapport sa couleur, elle est limpide comme un cristal, avec une texture moyenne et une finition s\u00e8che<\/p>","protected":false},"excerpt":{"rendered":"<p><b>Adamus Organic Dry Gin &#8211; Anadia &#8211; Portugal<\/b><\/p>\n<p>\u00a0<\/p>\n<p><i>Adamus est un gin haut de gamme, fabriqu\u00e9 \u00e0 la main au Portugal. 86 plantes naturelle ont \u00e9t\u00e9 test\u00e9es, seulement les 18 meilleures ont \u00e9t\u00e9 s\u00e9lectionn\u00e9es pour la confection de ce gin.\u00a0<\/i><i>De cette s\u00e9lection complexe de plantes, choisies par les ma\u00eetres botanistes, en d\u00e9coule un Gin de qualit\u00e9 sup\u00e9rieure avec un esprit sublime et un go\u00fbt agr\u00e9able.<\/i><i><\/i><\/p>\n<p>\u00a0<\/p>","protected":false},"featured_media":11418,"comment_status":"open","ping_status":"open","template":"","meta":[],"product_cat":[279],"product_tag":[],"class_list":{"0":"post-10105","1":"product","2":"type-product","3":"status-publish","4":"has-post-thumbnail","6":"product_cat-gin","7":"pa_country-portugal","8":"pa_volume-70-cl","9":"_wholesalex wsx-wholesalex-product","11":"first","12":"instock","13":"taxable","14":"shipping-taxable","15":"purchasable","16":"product-type-simple"},"_links":{"self":[{"href":"https:\/\/petitecave.ch\/de\/wp-json\/wp\/v2\/product\/10105","targetHints":{"allow":["GET"]}}],"collection":[{"href":"https:\/\/petitecave.ch\/de\/wp-json\/wp\/v2\/product"}],"about":[{"href":"https:\/\/petitecave.ch\/de\/wp-json\/wp\/v2\/types\/product"}],"replies":[{"embeddable":true,"href":"https:\/\/petitecave.ch\/de\/wp-json\/wp\/v2\/comments?post=10105"}],"wp:featuredmedia":[{"embeddable":true,"href":"https:\/\/petitecave.ch\/de\/wp-json\/wp\/v2\/media\/11418"}],"wp:attachment":[{"href":"https:\/\/petitecave.ch\/de\/wp-json\/wp\/v2\/media?parent=10105"}],"wp:term":[{"taxonomy":"product_cat","embeddable":true,"href":"https:\/\/petitecave.ch\/de\/wp-json\/wp\/v2\/product_cat?post=10105"},{"taxonomy":"product_tag","embeddable":true,"href":"https:\/\/petitecave.ch\/de\/wp-json\/wp\/v2\/product_tag?post=10105"}],"curies":[{"name":"wp","href":"https:\/\/api.w.org\/{rel}","templated":true}]}}