{"id":10104,"date":"2025-10-28T10:53:23","date_gmt":"2025-10-28T10:53:23","guid":{"rendered":""},"modified":"2026-02-20T15:40:24","modified_gmt":"2026-02-20T14:40:24","slug":"gin-27-soul-of-wood-appenzell-old-tom-gin-70cl","status":"publish","type":"product","link":"https:\/\/petitecave.ch\/de\/product\/gin-27-soul-of-wood-appenzell-old-tom-gin-70cl\/","title":{"rendered":"Gin 27 Soul of Wood &#8211; Appenzell Old Tom Gin 70cl"},"content":{"rendered":"<p><strong>Nez\u00a0:<\/strong>\u00a0Au nez, les \u00e9pices chaudes se m\u00ealent \u00e0 l\u2019orange et au geni\u00e8vre<\/p>\n<p><strong>Go\u00fbt :<\/strong>\u00a0Les bourgeons de sapin cueillis \u00e0 la main et le sureau donnent au gin son ar\u00f4me fruit\u00e9 et moelleux accompagn\u00e9 d&rsquo;une touche \u00e9pic\u00e9e<\/p>","protected":false},"excerpt":{"rendered":"<p><strong>Gin 27 Soul of Wood &#8211; Appenzell Old Tom Gin &#8211; Appenzeller\u00a0<\/strong><\/p>\n<p>\u00a0<\/p>","protected":false},"featured_media":11417,"comment_status":"open","ping_status":"open","template":"","meta":[],"product_cat":[279],"product_tag":[],"class_list":{"0":"post-10104","1":"product","2":"type-product","3":"status-publish","4":"has-post-thumbnail","6":"product_cat-gin","7":"pa_country-suisse","8":"pa_volume-70-cl","9":"_wholesalex wsx-wholesalex-product","11":"first","12":"instock","13":"taxable","14":"shipping-taxable","15":"purchasable","16":"product-type-simple"},"_links":{"self":[{"href":"https:\/\/petitecave.ch\/de\/wp-json\/wp\/v2\/product\/10104","targetHints":{"allow":["GET"]}}],"collection":[{"href":"https:\/\/petitecave.ch\/de\/wp-json\/wp\/v2\/product"}],"about":[{"href":"https:\/\/petitecave.ch\/de\/wp-json\/wp\/v2\/types\/product"}],"replies":[{"embeddable":true,"href":"https:\/\/petitecave.ch\/de\/wp-json\/wp\/v2\/comments?post=10104"}],"wp:featuredmedia":[{"embeddable":true,"href":"https:\/\/petitecave.ch\/de\/wp-json\/wp\/v2\/media\/11417"}],"wp:attachment":[{"href":"https:\/\/petitecave.ch\/de\/wp-json\/wp\/v2\/media?parent=10104"}],"wp:term":[{"taxonomy":"product_cat","embeddable":true,"href":"https:\/\/petitecave.ch\/de\/wp-json\/wp\/v2\/product_cat?post=10104"},{"taxonomy":"product_tag","embeddable":true,"href":"https:\/\/petitecave.ch\/de\/wp-json\/wp\/v2\/product_tag?post=10104"}],"curies":[{"name":"wp","href":"https:\/\/api.w.org\/{rel}","templated":true}]}}