{"id":10090,"date":"2025-10-28T10:53:11","date_gmt":"2025-10-28T10:53:11","guid":{"rendered":""},"modified":"2026-02-20T14:53:11","modified_gmt":"2026-02-20T13:53:11","slug":"bo-te-m-tal-d-couverte-morand","status":"publish","type":"product","link":"https:\/\/petitecave.ch\/de\/product\/bo-te-m-tal-d-couverte-morand\/","title":{"rendered":"Bo\u00eete M\u00e9tal D\u00e9couverte &#8211; Morand"},"content":{"rendered":"","protected":false},"excerpt":{"rendered":"<p><strong>Bo\u00eete M\u00e9tal D\u00e9couverte &#8211; Morand &#8211; Martigny<\/strong><\/p>\n<\/p>\n<p><strong>Composition :<\/strong><\/p>\n<p>&#8211; Williamine\u00ae<\/p>\n<p>&#8211; Framboise<\/p>\n<p>&#8211; Kirsch<\/p>\n<p>&#8211; Williamine\u00ae Liqueur<\/p>\n<p>&#8211; Douce de\u00ae Williamine\u00ae<\/p>\n<p>&#8211; Douce de\u00ae Abricot<\/p>\n<p>&#8211; Douce de\u00ae Coing\u00a0<\/p>","protected":false},"featured_media":11403,"comment_status":"open","ping_status":"open","template":"","meta":[],"product_cat":[270],"product_tag":[],"class_list":{"0":"post-10090","1":"product","2":"type-product","3":"status-publish","4":"has-post-thumbnail","6":"product_cat-eau-de-vie","7":"pa_country-suisse","8":"_wholesalex wsx-wholesalex-product","10":"first","11":"instock","12":"taxable","13":"shipping-taxable","14":"purchasable","15":"product-type-simple"},"_links":{"self":[{"href":"https:\/\/petitecave.ch\/de\/wp-json\/wp\/v2\/product\/10090","targetHints":{"allow":["GET"]}}],"collection":[{"href":"https:\/\/petitecave.ch\/de\/wp-json\/wp\/v2\/product"}],"about":[{"href":"https:\/\/petitecave.ch\/de\/wp-json\/wp\/v2\/types\/product"}],"replies":[{"embeddable":true,"href":"https:\/\/petitecave.ch\/de\/wp-json\/wp\/v2\/comments?post=10090"}],"wp:featuredmedia":[{"embeddable":true,"href":"https:\/\/petitecave.ch\/de\/wp-json\/wp\/v2\/media\/11403"}],"wp:attachment":[{"href":"https:\/\/petitecave.ch\/de\/wp-json\/wp\/v2\/media?parent=10090"}],"wp:term":[{"taxonomy":"product_cat","embeddable":true,"href":"https:\/\/petitecave.ch\/de\/wp-json\/wp\/v2\/product_cat?post=10090"},{"taxonomy":"product_tag","embeddable":true,"href":"https:\/\/petitecave.ch\/de\/wp-json\/wp\/v2\/product_tag?post=10090"}],"curies":[{"name":"wp","href":"https:\/\/api.w.org\/{rel}","templated":true}]}}