{"id":10088,"date":"2025-10-28T10:53:09","date_gmt":"2025-10-28T10:53:09","guid":{"rendered":""},"modified":"2026-04-07T14:07:52","modified_gmt":"2026-04-07T12:07:52","slug":"la-bats-bfm-33cl","status":"publish","type":"product","link":"https:\/\/petitecave.ch\/de\/product\/la-bats-bfm-33cl\/","title":{"rendered":"La BATS &#8211; BFM 33cl"},"content":{"rendered":"<p><strong>Visuel :\u00a0<\/strong>Robe ambr\u00e9e avec une mousse blanche<\/p>\n<p><strong>Nez :\u00a0<\/strong>Ar\u00f4mes de fum\u00e9e d\u00e9licats\u00a0<\/p>\n<p><strong>Go\u00fbt : <\/strong>Plut\u00f4t malt\u00e9e, avec une note tannique discr\u00e8te et des aromes fum\u00e9s\u00a0<\/p>","protected":false},"excerpt":{"rendered":"<p><strong>La BATS &#8211; Brasserie BFM &#8211; Saignel\u00e9gier &#8211; Jura<\/strong><\/p>\n<p><em><\/em><\/p>\n<p><em>Bi\u00e8re ambr\u00e9e au th\u00e9 chinois Lapsong Tarry Suchong<\/em><\/p>","protected":false},"featured_media":11401,"comment_status":"open","ping_status":"closed","template":"","meta":[],"product_cat":[250],"product_tag":[],"class_list":{"0":"post-10088","1":"product","2":"type-product","3":"status-publish","4":"has-post-thumbnail","6":"product_cat-bieres","7":"pa_categorie-bieres-ambrees","8":"pa_color-ambree","9":"pa_country-suisse","10":"product_deptype-1317","11":"_wholesalex wsx-wholesalex-product","13":"first","14":"instock","15":"taxable","16":"shipping-taxable","17":"purchasable","18":"product-type-simple"},"_links":{"self":[{"href":"https:\/\/petitecave.ch\/de\/wp-json\/wp\/v2\/product\/10088","targetHints":{"allow":["GET"]}}],"collection":[{"href":"https:\/\/petitecave.ch\/de\/wp-json\/wp\/v2\/product"}],"about":[{"href":"https:\/\/petitecave.ch\/de\/wp-json\/wp\/v2\/types\/product"}],"replies":[{"embeddable":true,"href":"https:\/\/petitecave.ch\/de\/wp-json\/wp\/v2\/comments?post=10088"}],"wp:featuredmedia":[{"embeddable":true,"href":"https:\/\/petitecave.ch\/de\/wp-json\/wp\/v2\/media\/11401"}],"wp:attachment":[{"href":"https:\/\/petitecave.ch\/de\/wp-json\/wp\/v2\/media?parent=10088"}],"wp:term":[{"taxonomy":"product_cat","embeddable":true,"href":"https:\/\/petitecave.ch\/de\/wp-json\/wp\/v2\/product_cat?post=10088"},{"taxonomy":"product_tag","embeddable":true,"href":"https:\/\/petitecave.ch\/de\/wp-json\/wp\/v2\/product_tag?post=10088"}],"curies":[{"name":"wp","href":"https:\/\/api.w.org\/{rel}","templated":true}]}}