{"id":10087,"date":"2025-10-28T10:53:08","date_gmt":"2025-10-28T10:53:08","guid":{"rendered":""},"modified":"2026-04-07T13:32:06","modified_gmt":"2026-04-07T11:32:06","slug":"augustijn-donker-33cl","status":"publish","type":"product","link":"https:\/\/petitecave.ch\/de\/product\/augustijn-donker-33cl\/","title":{"rendered":"Augustijn Donker 33cl"},"content":{"rendered":"<p><strong>Visuel :\u00a0<\/strong>Robe brune fonc\u00e9e avec une mousse beige.<\/p>\n<p><b>Nez :\u00a0<\/b>Ar\u00f4mes riches en noix, caramel, levure et chocolat accompagn\u00e9e de quelques fruits secs.<\/p>\n<p><b>Go\u00fbt :\u00a0<\/b>Saveurs de chocolat, de caramel et de fruits secs.<\/p>","protected":false},"excerpt":{"rendered":"<p><strong>Augustijn Donker &#8211; Brasserie Van Steenberge &#8211; Ertvelde<\/strong><\/p>\n<p>\u00a0<\/p>\n<p><i>Bi\u00e8re d&rsquo;Abbaye Belge brass\u00e9e depuis 1925.\u00a0A l&rsquo;origine elle \u00e9tait brass\u00e9e dans le Monast\u00e8re des P\u00e8res Augustins de la ville de Gand.<\/i><\/p>\n<p><i>La production est aujourd&rsquo;hui assur\u00e9e par la Brasserie Van Steenberge, qui brasse entre autre la c\u00e9l\u00e8bre Gulden Draak, la Augustijn puise toujours dans son pass\u00e9 monastique afin d&rsquo;offrir les meilleurs et les authentiques saveurs des bi\u00e8res d&rsquo;Abbaye belge.<\/i><\/p>","protected":false},"featured_media":11400,"comment_status":"open","ping_status":"closed","template":"","meta":[],"product_cat":[250],"product_tag":[],"class_list":{"0":"post-10087","1":"product","2":"type-product","3":"status-publish","4":"has-post-thumbnail","6":"product_cat-bieres","7":"pa_categorie-bieres-brunes","8":"pa_color-brune","9":"pa_country-belgique","10":"pa_style-strong-ale","11":"pa_type-biere-d-abbaye","12":"product_deptype-0-30","13":"_wholesalex wsx-wholesalex-product","15":"first","16":"instock","17":"taxable","18":"shipping-taxable","19":"purchasable","20":"product-type-simple"},"_links":{"self":[{"href":"https:\/\/petitecave.ch\/de\/wp-json\/wp\/v2\/product\/10087","targetHints":{"allow":["GET"]}}],"collection":[{"href":"https:\/\/petitecave.ch\/de\/wp-json\/wp\/v2\/product"}],"about":[{"href":"https:\/\/petitecave.ch\/de\/wp-json\/wp\/v2\/types\/product"}],"replies":[{"embeddable":true,"href":"https:\/\/petitecave.ch\/de\/wp-json\/wp\/v2\/comments?post=10087"}],"wp:featuredmedia":[{"embeddable":true,"href":"https:\/\/petitecave.ch\/de\/wp-json\/wp\/v2\/media\/11400"}],"wp:attachment":[{"href":"https:\/\/petitecave.ch\/de\/wp-json\/wp\/v2\/media?parent=10087"}],"wp:term":[{"taxonomy":"product_cat","embeddable":true,"href":"https:\/\/petitecave.ch\/de\/wp-json\/wp\/v2\/product_cat?post=10087"},{"taxonomy":"product_tag","embeddable":true,"href":"https:\/\/petitecave.ch\/de\/wp-json\/wp\/v2\/product_tag?post=10087"}],"curies":[{"name":"wp","href":"https:\/\/api.w.org\/{rel}","templated":true}]}}