{"id":10078,"date":"2025-10-28T10:53:01","date_gmt":"2025-10-28T10:53:01","guid":{"rendered":""},"modified":"2026-02-20T12:11:54","modified_gmt":"2026-02-20T11:11:54","slug":"coca-cola-z-ro-pet-24x50cl","status":"publish","type":"product","link":"https:\/\/petitecave.ch\/de\/product\/coca-cola-z-ro-pet-24x50cl\/","title":{"rendered":"Coca-Cola Z\u00e9ro PET 24x50cl"},"content":{"rendered":"<p>Boisson rafra\u00eechissante sans calories, contenant de la caf\u00e9ine\u00a0et des \u00e9dulcorants.<\/p>\n<p>Tout le go\u00fbt de Coca-Cola avec Z\u00e9ro sucre !<\/p>","protected":false},"excerpt":{"rendered":"<p><strong>Coca-Cola Z\u00e9ro PET\u00a0<\/strong><\/p>","protected":false},"featured_media":11391,"comment_status":"open","ping_status":"open","template":"","meta":[],"product_cat":[251],"product_tag":[],"class_list":{"0":"post-10078","1":"product","2":"type-product","3":"status-publish","4":"has-post-thumbnail","6":"product_cat-boissons-sans-alcool","7":"pa_country-suisse","8":"_wholesalex wsx-wholesalex-product","10":"first","11":"instock","12":"taxable","13":"shipping-taxable","14":"purchasable","15":"product-type-simple"},"_links":{"self":[{"href":"https:\/\/petitecave.ch\/de\/wp-json\/wp\/v2\/product\/10078","targetHints":{"allow":["GET"]}}],"collection":[{"href":"https:\/\/petitecave.ch\/de\/wp-json\/wp\/v2\/product"}],"about":[{"href":"https:\/\/petitecave.ch\/de\/wp-json\/wp\/v2\/types\/product"}],"replies":[{"embeddable":true,"href":"https:\/\/petitecave.ch\/de\/wp-json\/wp\/v2\/comments?post=10078"}],"wp:featuredmedia":[{"embeddable":true,"href":"https:\/\/petitecave.ch\/de\/wp-json\/wp\/v2\/media\/11391"}],"wp:attachment":[{"href":"https:\/\/petitecave.ch\/de\/wp-json\/wp\/v2\/media?parent=10078"}],"wp:term":[{"taxonomy":"product_cat","embeddable":true,"href":"https:\/\/petitecave.ch\/de\/wp-json\/wp\/v2\/product_cat?post=10078"},{"taxonomy":"product_tag","embeddable":true,"href":"https:\/\/petitecave.ch\/de\/wp-json\/wp\/v2\/product_tag?post=10078"}],"curies":[{"name":"wp","href":"https:\/\/api.w.org\/{rel}","templated":true}]}}