{"id":10073,"date":"2025-10-28T10:52:56","date_gmt":"2025-10-28T10:52:56","guid":{"rendered":""},"modified":"2026-04-07T13:42:36","modified_gmt":"2026-04-07T11:42:36","slug":"chopfab-amber-6x33cl","status":"publish","type":"product","link":"https:\/\/petitecave.ch\/de\/product\/chopfab-amber-6x33cl\/","title":{"rendered":"Chopfab Amber 6x33cl"},"content":{"rendered":"<p><strong>Visuel :\u00a0<\/strong>De couleur rouge cuivr\u00e9 avec une belle mousse blanche<\/p>\n<p><strong>Nez :\u00a0<\/strong>Fine note de houblon et de caramel r\u00e9hauss\u00e9 de fruits secs<\/p>\n<p><strong>Go\u00fbt :\u00a0<\/strong>Fins ar\u00f4mes malt\u00e9s avec une surprenante douceur et un corps \u00e9quilibr\u00e9<\/p>","protected":false},"excerpt":{"rendered":"<p><strong>Chopfab Amber &#8211; Boxer &#8211; Yverdon-les -Bains<\/strong><\/p>","protected":false},"featured_media":11386,"comment_status":"open","ping_status":"closed","template":"","meta":[],"product_cat":[250],"product_tag":[],"class_list":{"0":"post-10073","1":"product","2":"type-product","3":"status-publish","4":"has-post-thumbnail","6":"product_cat-bieres","7":"pa_categorie-bieres-ambrees","8":"pa_color-ambree","9":"pa_country-suisse","10":"pa_style-american-red-ale","11":"pa_volume-6x33cl","12":"_wholesalex wsx-wholesalex-product","14":"first","15":"instock","16":"taxable","17":"shipping-taxable","18":"purchasable","19":"product-type-simple"},"_links":{"self":[{"href":"https:\/\/petitecave.ch\/de\/wp-json\/wp\/v2\/product\/10073","targetHints":{"allow":["GET"]}}],"collection":[{"href":"https:\/\/petitecave.ch\/de\/wp-json\/wp\/v2\/product"}],"about":[{"href":"https:\/\/petitecave.ch\/de\/wp-json\/wp\/v2\/types\/product"}],"replies":[{"embeddable":true,"href":"https:\/\/petitecave.ch\/de\/wp-json\/wp\/v2\/comments?post=10073"}],"wp:featuredmedia":[{"embeddable":true,"href":"https:\/\/petitecave.ch\/de\/wp-json\/wp\/v2\/media\/11386"}],"wp:attachment":[{"href":"https:\/\/petitecave.ch\/de\/wp-json\/wp\/v2\/media?parent=10073"}],"wp:term":[{"taxonomy":"product_cat","embeddable":true,"href":"https:\/\/petitecave.ch\/de\/wp-json\/wp\/v2\/product_cat?post=10073"},{"taxonomy":"product_tag","embeddable":true,"href":"https:\/\/petitecave.ch\/de\/wp-json\/wp\/v2\/product_tag?post=10073"}],"curies":[{"name":"wp","href":"https:\/\/api.w.org\/{rel}","templated":true}]}}