{"id":10072,"date":"2025-10-28T10:52:55","date_gmt":"2025-10-28T10:52:55","guid":{"rendered":""},"modified":"2026-02-20T12:34:33","modified_gmt":"2026-02-20T11:34:33","slug":"chinotto-sanpellegrino-6x33cl","status":"publish","type":"product","link":"https:\/\/petitecave.ch\/de\/product\/chinotto-sanpellegrino-6x33cl\/","title":{"rendered":"Chinotto SanPellegrino 6x33cl"},"content":{"rendered":"<p>Les notes exquises des huiles aromatiques se combinent de mani\u00e8re rafra\u00eechissante avec le parfum de la fleur d&rsquo;oranger. La saveur compl\u00e8te offre un bel \u00e9quilibre entre le sucr\u00e9 et l&rsquo;amer avec des notes de cannelle et de rhubarbe, qui peuvent \u00eatre distingu\u00e9es parmi les 20 herbes diff\u00e9rentes.\u00a0<\/p>","protected":false},"excerpt":{"rendered":"<p><strong>Chinotto San Pellegrino<\/strong><\/p>\n<\/p>\n<p><em>Chinotto, avec sa couleur brun fonc\u00e9 et son acide carbonique clair, vous accompagne dans un voyage dans le sud de l&rsquo;Italie \u00e0 chaque gorg\u00e9e.<\/em><\/p>","protected":false},"featured_media":11385,"comment_status":"open","ping_status":"open","template":"","meta":[],"product_cat":[251],"product_tag":[],"class_list":{"0":"post-10072","1":"product","2":"type-product","3":"status-publish","4":"has-post-thumbnail","6":"product_cat-boissons-sans-alcool","7":"pa_country-italie","8":"pa_style-aperitif-sans-alcool","9":"pa_volume-6x33cl","10":"_wholesalex wsx-wholesalex-product","12":"first","13":"instock","14":"taxable","15":"shipping-taxable","16":"purchasable","17":"product-type-simple"},"_links":{"self":[{"href":"https:\/\/petitecave.ch\/de\/wp-json\/wp\/v2\/product\/10072","targetHints":{"allow":["GET"]}}],"collection":[{"href":"https:\/\/petitecave.ch\/de\/wp-json\/wp\/v2\/product"}],"about":[{"href":"https:\/\/petitecave.ch\/de\/wp-json\/wp\/v2\/types\/product"}],"replies":[{"embeddable":true,"href":"https:\/\/petitecave.ch\/de\/wp-json\/wp\/v2\/comments?post=10072"}],"wp:featuredmedia":[{"embeddable":true,"href":"https:\/\/petitecave.ch\/de\/wp-json\/wp\/v2\/media\/11385"}],"wp:attachment":[{"href":"https:\/\/petitecave.ch\/de\/wp-json\/wp\/v2\/media?parent=10072"}],"wp:term":[{"taxonomy":"product_cat","embeddable":true,"href":"https:\/\/petitecave.ch\/de\/wp-json\/wp\/v2\/product_cat?post=10072"},{"taxonomy":"product_tag","embeddable":true,"href":"https:\/\/petitecave.ch\/de\/wp-json\/wp\/v2\/product_tag?post=10072"}],"curies":[{"name":"wp","href":"https:\/\/api.w.org\/{rel}","templated":true}]}}