{"id":10064,"date":"2025-10-28T10:52:48","date_gmt":"2025-10-28T10:52:48","guid":{"rendered":""},"modified":"2026-04-07T14:42:10","modified_gmt":"2026-04-07T12:42:10","slug":"la-boule-de-cristal-le-fou-du-roi-33cl","status":"publish","type":"product","link":"https:\/\/petitecave.ch\/de\/product\/la-boule-de-cristal-le-fou-du-roi-33cl\/","title":{"rendered":"La Boule de Cristal &#8211; Le Fou du Roi 33cl"},"content":{"rendered":"<p><strong>Visuel :\u00a0<\/strong>Couleur miel<\/p>\n<p><strong>Nez :\u00a0<\/strong>Notes de miel et de houblon l\u00e9ger\u00a0<\/p>\n<p><strong>Go\u00fbt :<\/strong> Douce avec de l\u00e9g\u00e8res notes miell\u00e9es\u00a0<\/p>","protected":false},"excerpt":{"rendered":"<p><strong>La Boule de Cristal &#8211; Brasserie Fou du Roi &#8211; Pringy<\/strong><\/p>\n<\/p>\n<p><span style=\"text-decoration:underline;\"><em><strong>SEULEMENT DISPONIBLE AU MAGASIN DE VILLENEUVE<\/strong><\/em><\/span><\/p>","protected":false},"featured_media":18883,"comment_status":"open","ping_status":"closed","template":"","meta":[],"product_cat":[250],"product_tag":[],"class_list":{"0":"post-10064","1":"product","2":"type-product","3":"status-publish","4":"has-post-thumbnail","6":"product_cat-bieres","7":"pa_categorie-bieres-aromatisees","8":"pa_color-ambree","9":"pa_country-suisse","10":"pa_style-saison-au-miel","11":"_wholesalex wsx-wholesalex-product","13":"first","14":"instock","15":"taxable","16":"shipping-taxable","17":"purchasable","18":"product-type-simple"},"_links":{"self":[{"href":"https:\/\/petitecave.ch\/de\/wp-json\/wp\/v2\/product\/10064","targetHints":{"allow":["GET"]}}],"collection":[{"href":"https:\/\/petitecave.ch\/de\/wp-json\/wp\/v2\/product"}],"about":[{"href":"https:\/\/petitecave.ch\/de\/wp-json\/wp\/v2\/types\/product"}],"replies":[{"embeddable":true,"href":"https:\/\/petitecave.ch\/de\/wp-json\/wp\/v2\/comments?post=10064"}],"wp:featuredmedia":[{"embeddable":true,"href":"https:\/\/petitecave.ch\/de\/wp-json\/wp\/v2\/media\/18883"}],"wp:attachment":[{"href":"https:\/\/petitecave.ch\/de\/wp-json\/wp\/v2\/media?parent=10064"}],"wp:term":[{"taxonomy":"product_cat","embeddable":true,"href":"https:\/\/petitecave.ch\/de\/wp-json\/wp\/v2\/product_cat?post=10064"},{"taxonomy":"product_tag","embeddable":true,"href":"https:\/\/petitecave.ch\/de\/wp-json\/wp\/v2\/product_tag?post=10064"}],"curies":[{"name":"wp","href":"https:\/\/api.w.org\/{rel}","templated":true}]}}