{"id":10056,"date":"2025-10-28T10:52:38","date_gmt":"2025-10-28T10:52:38","guid":{"rendered":""},"modified":"2026-02-20T17:32:26","modified_gmt":"2026-02-20T16:32:26","slug":"vodka-ciroc-175cl","status":"publish","type":"product","link":"https:\/\/petitecave.ch\/de\/product\/vodka-ciroc-175cl\/","title":{"rendered":"Vodka Ciroc 175cl"},"content":{"rendered":"<p>Vodka de couleur cristalline, douce et pure en go\u00fbt avec une douceur complexe et un agr\u00e9able ar\u00f4me de raisin.<\/p>","protected":false},"excerpt":{"rendered":"<p><strong>Ciroc Vodka<\/strong><\/p>\n<p>\u00a0<\/p>\n<p><i>La vodka C\u00eeroc n&rsquo;est pas fabriqu\u00e9e \u00e0 partir de c\u00e9r\u00e9ales, mais \u00e0 partir de raisins des c\u00e9pages ugni-blanc et mauzac-blanc cultiv\u00e9s dans les r\u00e9gions fran\u00e7aises de Cognac et Gaillac. Le jus est ferment\u00e9 \u00e0 froid et distill\u00e9 cinq fois selon le proc\u00e9d\u00e9 Cooper Pot Still. C\u00eeroc est aussi connu pour sa publicit\u00e9 avec le rappeur Puff Daddy.<\/i><\/p>","protected":false},"featured_media":11355,"comment_status":"open","ping_status":"open","template":"","meta":[],"product_cat":[275],"product_tag":[],"class_list":{"0":"post-10056","1":"product","2":"type-product","3":"status-publish","4":"has-post-thumbnail","6":"product_cat-vodka","7":"pa_country-france","8":"_wholesalex wsx-wholesalex-product","10":"first","11":"instock","12":"taxable","13":"shipping-taxable","14":"purchasable","15":"product-type-simple"},"_links":{"self":[{"href":"https:\/\/petitecave.ch\/de\/wp-json\/wp\/v2\/product\/10056","targetHints":{"allow":["GET"]}}],"collection":[{"href":"https:\/\/petitecave.ch\/de\/wp-json\/wp\/v2\/product"}],"about":[{"href":"https:\/\/petitecave.ch\/de\/wp-json\/wp\/v2\/types\/product"}],"replies":[{"embeddable":true,"href":"https:\/\/petitecave.ch\/de\/wp-json\/wp\/v2\/comments?post=10056"}],"wp:featuredmedia":[{"embeddable":true,"href":"https:\/\/petitecave.ch\/de\/wp-json\/wp\/v2\/media\/11355"}],"wp:attachment":[{"href":"https:\/\/petitecave.ch\/de\/wp-json\/wp\/v2\/media?parent=10056"}],"wp:term":[{"taxonomy":"product_cat","embeddable":true,"href":"https:\/\/petitecave.ch\/de\/wp-json\/wp\/v2\/product_cat?post=10056"},{"taxonomy":"product_tag","embeddable":true,"href":"https:\/\/petitecave.ch\/de\/wp-json\/wp\/v2\/product_tag?post=10056"}],"curies":[{"name":"wp","href":"https:\/\/api.w.org\/{rel}","templated":true}]}}