{"id":10043,"date":"2026-02-02T10:52:26","date_gmt":"2026-02-02T09:52:26","guid":{"rendered":""},"modified":"2026-02-12T17:22:23","modified_gmt":"2026-02-12T16:22:23","slug":"rhum-montebello-zenga-blanc","status":"publish","type":"product","link":"https:\/\/petitecave.ch\/de\/product\/rhum-montebello-zenga-blanc\/","title":{"rendered":"Rhum Montebello Zenga Blanc 70cl"},"content":{"rendered":"<p><span style=\"color: #000000;\"><strong>Nez :\u00a0<\/strong>La canne est bien ronde et humide, le rhum est chaleureux, \u00e9pais et tr\u00e8s tropical sur des notes de brioch\u00e9e, de p\u00e2te \u00e0 pain et poivr\u00e9es.<\/span><\/p>\n<p><span style=\"color: #000000;\"><strong>Bouche :\u00a0<\/strong>Apr\u00e8s une attaque de jus de canne ferment\u00e9, il s&rsquo;\u00e9parpille et s&rsquo;\u00e9vapore chaleureusement sur le palais et y d\u00e9pose un rhum bien gras.<\/span><\/p>\n<p><span style=\"color: #000000;\"><strong>Finale :<\/strong> Typiquement agricole, elle ne manque pas de gourmandise. Le zeste de citron vert, la canne et le poivre collent au palais durant un bon moment.<\/span><\/p>","protected":false},"excerpt":{"rendered":"<p><span style=\"color: #000000;\"><b>Distillerie Montebello &#8211; Guadeloupe<\/b><\/span><\/p>\n<p><span style=\"color: #000000;\">Le nom Zenga \u00e9voque la tradition des combats de coqs, bien ancr\u00e9e aux Antilles et plus particuli\u00e8rement sur l&rsquo;ile papillon. Le coq Zenga est le plus fort de la basse-cour, le plus respect\u00e9 de ses cong\u00e9n\u00e8res.\u00a0 C&rsquo;est \u00e0 son esprit combatif et \u00e0 sa puissance que Montebello rend hommage au travers de cette cuv\u00e9e.<\/span><\/p>","protected":false},"featured_media":18576,"comment_status":"open","ping_status":"closed","template":"","meta":[],"product_cat":[272],"product_tag":[],"class_list":{"0":"post-10043","1":"product","2":"type-product","3":"status-publish","4":"has-post-thumbnail","6":"product_cat-rhum","7":"pa_color-blanc","8":"pa_country-guadeloupe","9":"pa_type-rhum-agricole","10":"pa_volume-70-cl","11":"_wholesalex wsx-wholesalex-product","13":"first","14":"instock","15":"taxable","16":"shipping-taxable","17":"purchasable","18":"product-type-simple"},"_links":{"self":[{"href":"https:\/\/petitecave.ch\/de\/wp-json\/wp\/v2\/product\/10043","targetHints":{"allow":["GET"]}}],"collection":[{"href":"https:\/\/petitecave.ch\/de\/wp-json\/wp\/v2\/product"}],"about":[{"href":"https:\/\/petitecave.ch\/de\/wp-json\/wp\/v2\/types\/product"}],"replies":[{"embeddable":true,"href":"https:\/\/petitecave.ch\/de\/wp-json\/wp\/v2\/comments?post=10043"}],"wp:featuredmedia":[{"embeddable":true,"href":"https:\/\/petitecave.ch\/de\/wp-json\/wp\/v2\/media\/18576"}],"wp:attachment":[{"href":"https:\/\/petitecave.ch\/de\/wp-json\/wp\/v2\/media?parent=10043"}],"wp:term":[{"taxonomy":"product_cat","embeddable":true,"href":"https:\/\/petitecave.ch\/de\/wp-json\/wp\/v2\/product_cat?post=10043"},{"taxonomy":"product_tag","embeddable":true,"href":"https:\/\/petitecave.ch\/de\/wp-json\/wp\/v2\/product_tag?post=10043"}],"curies":[{"name":"wp","href":"https:\/\/api.w.org\/{rel}","templated":true}]}}